{"id":56,"date":"2018-04-24T23:36:40","date_gmt":"2018-04-24T23:36:40","guid":{"rendered":"https:\/\/demos.famethemes.com\/glow\/?page_id=56"},"modified":"2019-10-24T20:02:10","modified_gmt":"2019-10-24T20:02:10","slug":"salud-y-derechos-sexuales-y-reproductivos-en-contextos-de-crisis-humanitarias","status":"publish","type":"page","link":"http:\/\/diassere.org.pe\/index.php\/salud-y-derechos-sexuales-y-reproductivos-en-contextos-de-crisis-humanitarias\/","title":{"rendered":"Salud y derechos sexuales y reproductivos en contextos de crisis humanitarias"},"content":{"rendered":"\n<p><img loading=\"lazy\" class=\"wp-image-409 size-medium alignleft\" src=\"\/wp-content\/uploads\/2019\/06\/rhm10-001.png\" alt=\"\" width=\"300\" height=\"377\"><\/p>\n<p style=\"margin:2%\">Reproductive Health Matters en espa\u00f1ol, Universidad Peruana Cayetano Heredia, Lima, 2016.<\/p>\n<p><a href=\"\/wp-content\/uploads\/2019\/06\/rhm10.pdf\" target=\"_blank\" rel=\"noopener noreferrer\"><img loading=\"lazy\" src=\"\/wp-content\/uploads\/2019\/06\/833px-PDF_file_icon.svg_.png\" alt=\"\" width=\"50\" height=\"100\"> <span style=\"vertical-align:bottom\"> Ver pdf completo<\/span><\/a><\/p>\n<h4 style=\"margin: 3%\">Tabla de contenidos<\/h4>\n<h5 style=\"margin:2%\"><a href=\"\/wp-content\/uploads\/2019\/06\/rhm10_1.pdf\" target=\"_blank\" rel=\"noopener noreferrer\">Presentaci\u00f3n:<\/a><\/h5>\n<p style=\"margin:2%\">Ruth Igui\u00f1iz Romero<\/p>\n<h5 style=\"margin:2%\">Editorial:<\/h5>\n<p style=\"margin:2%\"><a href=\"\/wp-content\/uploads\/2019\/06\/rhm10_2.pdf\" target=\"_blank\" rel=\"noopener noreferrer\">El derecho a la sexualidad e integridad del cuerpo como derechos humanos<\/a><br><span style=\"font-size:90%; color:#938389\">Monica Adhiambo Onyango, Shirin Heidari<\/span><\/p>\n\n\n\n<h4 style=\"margin:2%\">Art\u00edculos:<\/h4>\n<p style=\"margin:3%\"><a href=\"\/wp-content\/uploads\/2019\/06\/rhm10_3.pdf\" target=\"_blank rel=\"noopener= noopener noreferrer\"noopener\" noreferrer\"\"=\"\" noreferrer\"=\"\">Cambio radical en los servicios de salud reproductiva durante emergencias: c\u00f3mo se lograron mejoras sist\u00e9micas para implementar el MISP<\/a><br>\n<span style=\"font-size:90%; color:#938389\">Sandra K. Krause, Sarah K. Chynoweth, Mihoko Tanabeb<\/span><\/p>\n<p style=\"margin:3%\"><a href=\"\/wp-content\/uploads\/2019\/06\/rhm10_4.pdf\" target=\"_blank rel=\"noopener= noopener noreferrer\"noopener\" noreferrer\"\"=\"\" noreferrer\"=\"\">La edici\u00f3n 2018 del manual de trabajo interagencial sobre salud reproductiva para el trabajo en contextos humanitarios: revisando los est\u00e1ndares globales<\/a><br>\n<span style=\"font-size:90%; color:#938389\">Angel M. Foster, Dabney P. Evans, Melissa Garcia, Sarah Knaster, Sandra Krause, Therese Mc Ginn, Sarah Rich, Meera Shah, Hannah Tappis, &amp; Erin Wheeler,<\/span><\/p>\n<p style=\"margin:3%\"><a href=\"\/wp-content\/uploads\/2019\/06\/rhm10_5.pdf\" target=\"_blank rel=\"noopener= noopener noreferrer\"noopener\" noreferrer\"\"=\"\" noreferrer\"=\"\">Respuesta humanitaria a las necesidades sexuales y reproductivas en situaci\u00f3n de desastre: un estudio de caso del terremoto de Nepal, 2015<\/a><br>\n<span style=\"font-size:90%; color:#938389\">Pushpa Chaudhary, Giulia Vallese, Meera Thapa, Valerie Broch Alvarez, Latika, Maskey Pradhan, Kiran Bajracharya, Kazutaka Sekine, Shilu Adhikari, Reuben Samuel, Sophie Goyet<\/span><\/p>\n<p style=\"margin:3%\"><a href=\"\/wp-content\/uploads\/2019\/06\/rhm10_6.pdf\" target=\"_blank rel=\"noopener= noopener noreferrer\"noopener\" noreferrer\"\"=\"\" noreferrer\"=\"\">Garantizar el aborto seguro en entornos humanitarios: superando barreras legales y de pol\u00edticas<\/a><br>\n<span style=\"font-size:90%; color:#938389\">Akila Radhakrishnan, Elena Sarver, Grant Shubin<\/span><\/p>\n<p style=\"margin:3%\"><a href=\"\/wp-content\/uploads\/2019\/06\/rhm10_7.pdf\" target=\"_blank rel=\"noopener= noopener noreferrer\"noopener\" noreferrer\"\"=\"\" noreferrer\"=\"\">Utilizaci\u00f3n de los servicios de atenci\u00f3n post-aborto y aceptaci\u00f3n de los m\u00e9todos anticonceptivos postaborto en Puntland- Somalia<\/a><br>\n<span style=\"font-size:90%; color:#938389\">Kingsley Chukwumalu, Meghan C. Gallagher, Sabine Baunach, Amy Cannon<\/span><\/p>\n<p style=\"margin:3%\"><a href=\"\/wp-content\/uploads\/2019\/06\/rhm10_8.pdf\" target=\"_blank rel=\"noopener= noopener noreferrer\"noopener\" noreferrer\"\"=\"\" noreferrer\"=\"\">\u201cSin este programa, las mujeres podr\u00edan perder la vida\u201d: experiencias de mujeres migrantes con el Programa de Derivaci\u00f3n para Abortos Seguros en Chiang Mai, Tailandia<\/a><br>\n<span style=\"font-size:90%; color:#938389\">Ellen Tousaw, Ra Khin La, Grady Arnott, Orawee Chinthakanan, Angel M. Foster<\/span><\/p>\n<p style=\"margin:3%\"><a href=\"\/wp-content\/uploads\/2019\/06\/rhm10_9.pdf\" target=\"_blank rel=\"noopener= noopener noreferrer\"noopener\" noreferrer\"\"=\"\" noreferrer\"=\"\">Potencial de programas para la prevenci\u00f3n y respuesta a la violencia sexual contra mujeres refugiadas: una revisi\u00f3n de la literatura<\/a><br>\n<span style=\"font-size:90%; color:#938389\">Gianna Maxi Leila Robbers, Alison Morgan<\/span><\/p>\n<p style=\"margin:3%\"><a href=\"\/wp-content\/uploads\/2019\/06\/rhm10_10.pdf\" target=\"_blank rel=\"noopener= noopener noreferrer\"noopener\" noreferrer\"\"=\"\" noreferrer\"=\"\">Violencia sexual contra hombres y ni\u00f1os en entornos de conflicto y desplazamiento forzado: implicancias para el sector salud<\/a><br><span style=\"font-size:90%; color:#938389\">\nSarah K Chynoweth, Julie Freccero, Heleen Touquet<\/span><\/p>\n<p style=\"margin:3%\"><a href=\"\/wp-content\/uploads\/2019\/06\/rhm10_11.pdf\" target=\"_blank rel=\"noopener= noopener noreferrer\"noopener\" noreferrer\"\"=\"\" noreferrer\"=\"\">Hablemos de trabajo sexual en contextos de crisis humanitarias con un enfoque en derechos humanos a refugiadas en Kampala<\/a><br><span style=\"font-size:90%; color:#938389\">\nJennifer S. Rosenberg, Denis Bakomeza<\/span><\/p>\n<p style=\"margin:3%\"><a href=\"\/wp-content\/uploads\/2019\/06\/rhm10_12.pdf\" target=\"_blank rel=\"noopener= noopener noreferrer\"noopener\" noreferrer\"\"=\"\" noreferrer\"=\"\">Cursos para el manejo cl\u00ednico de sobrevivientes de violencia en Burkina Faso, Nepal y Sud\u00e1n del Sur<\/a><br><span style=\"font-size:90%; color:#938389\">\nNguyen Toan Tran, Kristen Harker, Wambi Maurice E. Yameogo, Seni Kouanda, Tieba Millogo, Emebet Dlasso Menna, Jeevan Raj Lohani, Om Maharjan, Sake Jemelia Beda, Elizabeth Akinyi Odinga, Adama Ouattara, Charlemagne Ouedraogo, Alison Greer, Sandra Krause<\/span><\/p>\n<p style=\"margin:3%\"><a href=\"\/wp-content\/uploads\/2019\/06\/rhm10_13.pdf\" target=\"_blank rel=\"noopener= noopener noreferrer\"noopener\" noreferrer\"\"=\"\" noreferrer\"=\"\">Capacitaci\u00f3n de profesionales de la salud en un entorno posconflicto: un estudio sobre la educaci\u00f3n en medicina, enfermer\u00eda y obstetricia en Mogadishu, Somalia<\/a><br><span style=\"font-size:90%; color:#938389\">\nAbdiasis Yalahow, Mariam Hassan, Angel M Foster<\/span><\/p>\n<p style=\"margin:3%\"><a href=\"\/wp-content\/uploads\/2019\/06\/rhm10_14.pdf\" target=\"_blank rel=\"noopener= noopener noreferrer\"noopener\" noreferrer\"\"=\"\" noreferrer\"=\"\">\u201cTenemos que actuar\u201d: mejorando las pr\u00e1cticas de cuidado al reci\u00e9n nacido en el contexto de la crisis de Sud\u00e1n del Sur<\/a><br><span style=\"font-size:90%; color:#938389\">\nSamira Sami, Kate Kerber, Barbara Tomczyk, Ribka Amsalu, Debra Jackson, Elaine Scudder, Alexander Dimiti, Janet Meyers, Kemish Kenneth, Solomon Kenyi, Caitlin E. Kennedy, Kweku Ackom, Luke C. Mullanyn<\/span><\/p>\n<p style=\"margin:3%\"><a href=\"\/wp-content\/uploads\/2019\/06\/rhm10_15.pdf\" target=\"_blank rel=\"noopener= noopener noreferrer\"noopener\" noreferrer\"\"=\"\" noreferrer\"=\"\">Utilizar un enfoque de mejoramiento de calidad para perfeccionar la atenci\u00f3n materna y neonatal en Kivu del Norte, Rep\u00fablica Democr\u00e1tica del Congo<\/a><br><span style=\"font-size:90%; color:#938389\">\nMichelle Hynes, Kate Meehan, Janet Meyers, Leon Mashukano Maneno, Erin Hulland<\/span><\/p>\n<p style=\"margin:3%\"><a href=\"\/wp-content\/uploads\/2019\/06\/rhm10_16.pdf\" target=\"_blank rel=\"noopener= noopener noreferrer\"noopener\" noreferrer\"\"=\"\" noreferrer\"=\"\">Estrategias legales para proteger la salud y los derechos sexuales y reproductivos en el contexto de la crisis de refugiados en Europa: un reclamo ante la Defensora del Pueblo Europeo<\/a><br><span style=\"font-size:90%; color:#938389\">\nElena Laporta Hern\u00e1ndez<\/span><\/p>\n<div class=\"sfsi_widget sfsi_shortcode_container\"><div id=\"sfsi_wDiv\"><\/div><div class=\"norm_row sfsi_wDiv \"  style=\"width:225px;text-align:left;\"><div style='width:40px; height:40px;margin-left:5px;margin-bottom:30px; ' class='sfsi_wicons shuffeldiv ' ><div class='inerCnt'><a class=' sficn' data-effect='scale' target='_blank'  href='https:\/\/www.facebook.com\/temassaludsyr\/' id='sfsiid_facebook' style='opacity:1'  ><img data-pin-nopin='true' alt='Facebook' title='Facebook' src='http:\/\/diassere.org.pe\/wp-content\/plugins\/ultimate-social-media-icons\/images\/icons_theme\/default\/default_facebook.png' width='40' height='40' style='' class='sfcm sfsi_wicon ' data-effect='scale'   \/><\/a><div class=\"sfsi_tool_tip_2 fb_tool_bdr sfsiTlleft\" style=\"width:62px ;opacity:0;z-index:-1;margin-left:-47.5px;\" id=\"sfsiid_facebook\"><span class=\"bot_arow bot_fb_arow\"><\/span><div class=\"sfsi_inside\"><div  class='icon1'><a href='https:\/\/www.facebook.com\/temassaludsyr\/' target='_blank'><img data-pin-nopin='true' class='sfsi_wicon' alt='Facebook' title='Facebook' src='http:\/\/diassere.org.pe\/wp-content\/plugins\/ultimate-social-media-icons\/images\/visit_icons\/facebook.png'  \/><\/a><\/div><div  class='icon2'><div class=\"fb-like\" data-href=\"http:\/\/diassere.org.pe\/wp-json\/wp\/v2\/pages\/56\" data-layout=\"button\" data-action=\"like\" data-show-faces=\"false\" data-share=\"true\"><\/div><\/div><div  class='icon3'><a target='_blank' href='https:\/\/www.facebook.com\/sharer\/sharer.php?u=http%3A%2F%2Fdiassere.org.pe%2Fwp-json%2Fwp%2Fv2%2Fpages%2F56' style='display:inline-block;'  > <img class='sfsi_wicon'  data-pin-nopin='true' width='auto' height='auto' alt='fb-share-icon' title='Facebook Share' src='http:\/\/diassere.org.pe\/wp-content\/plugins\/ultimate-social-media-icons\/images\/visit_icons\/fbshare_bck.png'  \/><\/a><\/div><\/div><\/div><\/div><\/div><\/div ><div id=\"sfsi_holder\" class=\"sfsi_holders\" style=\"position: relative; float: left;width:100%;z-index:-1;\"><\/div ><script>window.addEventListener(\"sfsi_functions_loaded\", function() \n\t\t\t{\n\t\t\t\tif (typeof sfsi_widget_set == \"function\") {\n\t\t\t\t\tsfsi_widget_set();\n\t\t\t\t}\n\t\t\t}); window.addEventListener(\"sfsi_functions_loaded\",function(){var s = jQuery(\".sfsi_widget\");\n\t\t\t\t\tvar pos = s.position();            \n\t\t\t\t\tjQuery(window).scroll(function(){      \n\t\t\t\t\tsfsi_stick_widget(\"0\");\n\t\t }); }); <\/script><div style=\"clear: both;\"><\/div><\/div>\n","protected":false},"excerpt":{"rendered":"<p>Reproductive Health Matters en espa\u00f1ol, Universidad Peruana Cayetano Heredia, Lima, 2016. Ver pdf completo Tabla de contenidos Presentaci\u00f3n: Ruth Igui\u00f1iz Romero Editorial: El derecho a la sexualidad e integridad del cuerpo como derechos humanosMonica Adhiambo Onyango, Shirin Heidari Art\u00edculos: La&#8230;<\/p>\n","protected":false},"author":3,"featured_media":509,"parent":0,"menu_order":0,"comment_status":"closed","ping_status":"closed","template":"","meta":{"om_disable_all_campaigns":false},"_links":{"self":[{"href":"http:\/\/diassere.org.pe\/index.php\/wp-json\/wp\/v2\/pages\/56"}],"collection":[{"href":"http:\/\/diassere.org.pe\/index.php\/wp-json\/wp\/v2\/pages"}],"about":[{"href":"http:\/\/diassere.org.pe\/index.php\/wp-json\/wp\/v2\/types\/page"}],"author":[{"embeddable":true,"href":"http:\/\/diassere.org.pe\/index.php\/wp-json\/wp\/v2\/users\/3"}],"replies":[{"embeddable":true,"href":"http:\/\/diassere.org.pe\/index.php\/wp-json\/wp\/v2\/comments?post=56"}],"version-history":[{"count":18,"href":"http:\/\/diassere.org.pe\/index.php\/wp-json\/wp\/v2\/pages\/56\/revisions"}],"predecessor-version":[{"id":904,"href":"http:\/\/diassere.org.pe\/index.php\/wp-json\/wp\/v2\/pages\/56\/revisions\/904"}],"wp:featuredmedia":[{"embeddable":true,"href":"http:\/\/diassere.org.pe\/index.php\/wp-json\/wp\/v2\/media\/509"}],"wp:attachment":[{"href":"http:\/\/diassere.org.pe\/index.php\/wp-json\/wp\/v2\/media?parent=56"}],"curies":[{"name":"wp","href":"https:\/\/api.w.org\/{rel}","templated":true}]}}