{"id":600,"date":"2007-06-28T01:50:41","date_gmt":"2007-06-28T01:50:41","guid":{"rendered":"http:\/\/dlozano.tk\/diassere\/?page_id=600"},"modified":"2019-10-22T04:14:01","modified_gmt":"2019-10-22T04:14:01","slug":"recursos-humanos-para-la-atencion-en-salud-sexual-y-reproductiva","status":"publish","type":"page","link":"http:\/\/diassere.org.pe\/index.php\/recursos-humanos-para-la-atencion-en-salud-sexual-y-reproductiva\/","title":{"rendered":"Recursos Humanos para la Atenci\u00f3n en Salud Sexual y Reproductiva"},"content":{"rendered":"\n<p><img loading=\"lazy\" class=\"wp-image-409 size-medium alignleft\" src=\"\/wp-content\/uploads\/2019\/06\/cara4.png\" alt=\"\" width=\"300\" height=\"377\"><\/p>\n<p style=\"margin:2%\">RReproductive Health Matters en espa\u00f1ol, Universidad Peruana Cayetano Heredia, Lima, 2007.<\/p>\n<p><a href=\"\/wp-content\/uploads\/2019\/06\/rhm4.pdf\" target=\"_blank\" rel=\"noopener noreferrer\"><img loading=\"lazy\" src=\"\/wp-content\/uploads\/2019\/06\/833px-PDF_file_icon.svg_.png\" alt=\"\" width=\"50\" height=\"100\"> <span style=\"vertical-align:bottom\"> Ver pdf completo<\/span><\/a><\/p>\n<h4 style=\"margin: 3%\">Tabla de contenidos<\/h4>\n<h5 style=\"margin:2%\"><a href=\"\/wp-content\/uploads\/2019\/06\/rhm4_1.pdf\" target=\"_blank\" rel=\"noopener noreferrer\">Presentaci\u00f3n:<\/a><\/h5>\n<p style=\"margin:2%\">Nancy Palomino Ram\u00edrez<\/p>\n\n\n\n<h4 style=\"margin:2%\">Art\u00edculos:<\/h4>\n<p style=\"margin:3%\"><a href=\"\/wp-content\/uploads\/2019\/06\/rhm4_3.pdf\" target=\"_blank rel=\"noopener= noopener noreferrer\"noopener\" noreferrer\"noopener\"=\"\" noreferrer\"\"=\"\" noreferrer\"=\"\">Los sistemas de salud y el acceso a las drogas antirretrovirales para el VIH en \u00c1frica Meridional: retos en la entrega de servicios y en los recursos humanos<\/a><br>\n<span style=\"font-size:90%; color:#938389\">Helen Schneider, Duane Blaauw, Lucy Wilson, Nzapfurundi Chabikuli, Jane Goudge<\/span><\/p>\n<p style=\"margin:3%\"><a href=\"\/wp-content\/uploads\/2019\/06\/rhm4_4.pdf\" target=\"_blank rel=\"noopener= noopener noreferrer\"noopener\" noreferrer\"noopener\"=\"\" noreferrer\"\"=\"\" noreferrer\"=\"\">Implicancias de la escasez de profesionales de salud materna en el \u00c1frica Subsahariana<\/a><br>\n<span style=\"font-size:90%; color:#938389\">Nancy Gerein, Andrew Green, Stephen Pearson<\/span><\/p>\n<p style=\"margin:3%\"><a href=\"\/wp-content\/uploads\/2019\/06\/rhm4_5.pdf\" target=\"_blank rel=\"noopener= noopener noreferrer\"noopener\" noreferrer\"noopener\"=\"\" noreferrer\"\"=\"\" noreferrer\"=\"\">La implementaci\u00f3n de la formaci\u00f3n en la atenci\u00f3n obst\u00e9trica de emergencia en Bangladesh: lecciones aprendidas<\/a><br>\n<span style=\"font-size:90%; color:#938389\">Mohammad Tajul Islam, Yasmin Ali Haque, Rachel Waxman, Abdul Bayes Bhuiyan<\/span><\/p>\n<p style=\"margin:3%\"><a href=\"\/wp-content\/uploads\/2019\/06\/rhm4_6.pdf\" target=\"_blank rel=\"noopener= noopener noreferrer\"noopener\" noreferrer\"noopener\"=\"\" noreferrer\"\"=\"\" noreferrer\"=\"\">Las obstetrices en Marruecos: b\u00fasqueda de reconocimiento como socias calificadas en la atenci\u00f3n materna centrada en las mujeres<\/a><br>\n<span style=\"font-size:90%; color:#938389\">Fatima Temmar, Bilkis Vissandj\u00e9e, Marie Harem, Alisha Apale, Devorah Kobluk<\/span><\/p>\n<p style=\"margin:3%\"><a href=\"\/wp-content\/uploads\/2019\/06\/rhm4_7.pdf\" target=\"_blank rel=\"noopener= noopener noreferrer\"noopener\" noreferrer\"noopener\"=\"\" noreferrer\"\"=\"\" noreferrer\"=\"\">La reforma del sector salud y los servicios de salud sexual y reproductiva en Mongolia<\/a><br>\n<span style=\"font-size:90%; color:#938389\">Peter S Hill, Rebecca Dodd, Khurelmaa Dashdorj<\/span><\/p>\n<p style=\"margin:3%\"><a href=\"\/wp-content\/uploads\/2019\/06\/rhm4_8.pdf\" target=\"_blank rel=\"noopener= noopener noreferrer\"noopener\" noreferrer\"noopener\"=\"\" noreferrer\"\"=\"\" noreferrer\"=\"\">Un programa comunitario de salud en Tamil Nadu Rural, India: la necesidad de justicia de g\u00e9nero para las mujeres<\/a><br>\n<span style=\"font-size:90%; color:#938389\">Mini Elizabeth Jacob, Sulochana Abraham, Fusila Surya, Shantidani Minz, Daisy Singh, Vinod Joseph Abraham, Jasmin Prasad, Kurgan George, Anju Kuruvilla, KS Jacob<\/span><\/p>\n<p style=\"margin:3%\"><a href=\"\/wp-content\/uploads\/2019\/06\/rhm4_9.pdf\" target=\"_blank rel=\"noopener= noopener noreferrer\"noopener\" noreferrer\"noopener\"=\"\" noreferrer\"\"=\"\" noreferrer\"=\"\">Bloqueos sangu\u00edneos y enfermeras reprensoras: barreras al uso de anticonceptivos entre las adolescentes en Sud\u00e1frica<\/a><br>\n<span style=\"font-size:90%; color:#938389\">Kate Wood, Rachel Jewkes<\/span><\/p>\n<p style=\"margin:3%\"><a href=\"\/wp-content\/uploads\/2019\/06\/rhm4_10.pdf\" target=\"_blank rel=\"noopener= noopener noreferrer\"noopener\" noreferrer\"noopener\"=\"\" noreferrer\"\"=\"\" noreferrer\"=\"\">Las ni\u00f1as no pueden esperar: por qu\u00e9 la educaci\u00f3n de las ni\u00f1as es importante y c\u00f3mo lograr que ocurra ahora<\/a><br><span style=\"font-size:90%; color:#938389\">Ponencia Resumen para la Reuni\u00f3n de Evaluaci\u00f3n de Beijing +10<\/span><\/p>\n<p style=\"margin:3%\"><a href=\"\/wp-content\/uploads\/2019\/06\/rhm4_11.pdf\" target=\"_blank rel=\"noopener= noopener noreferrer\"noopener\" noreferrer\"noopener\"=\"\" noreferrer\"\"=\"\" noreferrer\"=\"\">Noruega y la CIPD+10: La asistencia internacional en salud reproductiva no refleja las pol\u00edticas nacionales<\/a><br><span style=\"font-size:90%; color:#938389\">\nBerit Austveg, Johanne Sundby<\/span><\/p>\n<p style=\"margin:3%\"><a href=\"\/wp-content\/uploads\/2019\/06\/rhm4_12.pdf\" target=\"_blank rel=\"noopener= noopener noreferrer\"noopener\" noreferrer\"noopener\"=\"\" noreferrer\"\"=\"\" noreferrer\"=\"\">Evaluaci\u00f3n estrat\u00e9gica del Programa de Salud Reproductiva y Procreaci\u00f3n Responsable de Buenos Aires, Argentina<\/a><br><span style=\"font-size:90%; color:#938389\">M\u00f3nica Petracci, Silvina Ramos, Dalia Szulik<\/span><\/p>\n<p style=\"margin:3%\"><a href=\"\/wp-content\/uploads\/2019\/06\/rhm4_13.pdf\" target=\"_blank rel=\"noopener= noopener noreferrer\"noopener\" noreferrer\"noopener\"=\"\" noreferrer\"\"=\"\" noreferrer\"=\"\">Nacidos no deseados, 35 a\u00f1os despu\u00e9s: el Estudio de Praga<\/a><br><span style=\"font-size:90%; color:#938389\">Henry P David<\/span><\/p>\n<h4 style=\"margin:2%\">An\u00e1lisis:<\/h4>\n<p style=\"margin:3%\"><a href=\"\/wp-content\/uploads\/2019\/06\/rhm4_14.pdf\" target=\"_blank rel=\"noopener= noopener noreferrer\"noopener\" noreferrer\"noopener\"=\"\" noreferrer\"\"=\"\" noreferrer\"=\"\">Armonizaci\u00f3n legal y turismo reproductivo en Europa<\/a><br><span style=\"font-size:90%; color:#938389\">Guido Pennings<\/span><\/p>\n<h4 style=\"margin:2%\">Carta al Editor:<\/h4>\n<p style=\"margin:3%\"><a href=\"\/wp-content\/uploads\/2019\/06\/rhm4_15.pdf\" target=\"_blank rel=\"noopener= noopener noreferrer\"noopener\" noreferrer\"noopener\"=\"\" noreferrer\"\"=\"\" noreferrer\"=\"\">Estamos descubriendo algunos tab\u00faes \u00bfPero qu\u00e9 hay del resto?<\/a><br><span style=\"font-size:90%; color:#938389\">Berit Austveg<\/span><\/p>\n<p style=\"margin:3%\"><a href=\"\/wp-content\/uploads\/2019\/06\/rhm4_16.pdf\" target=\"_blank rel=\"noopener= noopener noreferrer\"noopener\" noreferrer\"noopener\"=\"\" noreferrer\"\"=\"\" noreferrer\"=\"\">Resultados de investigaciones<\/a><br><span style=\"font-size:90%; color:#938389\">\nVarios<\/span><\/p>\n<div class=\"sfsi_widget sfsi_shortcode_container\"><div id=\"sfsi_wDiv\"><\/div><div class=\"norm_row sfsi_wDiv \"  style=\"width:225px;text-align:left;\"><div style='width:40px; height:40px;margin-left:5px;margin-bottom:30px; ' class='sfsi_wicons shuffeldiv ' ><div class='inerCnt'><a class=' sficn' data-effect='scale' target='_blank'  href='https:\/\/www.facebook.com\/temassaludsyr\/' id='sfsiid_facebook' style='opacity:1'  ><img data-pin-nopin='true' alt='Facebook' title='Facebook' src='http:\/\/diassere.org.pe\/wp-content\/plugins\/ultimate-social-media-icons\/images\/icons_theme\/default\/default_facebook.png' width='40' height='40' style='' class='sfcm sfsi_wicon ' data-effect='scale'   \/><\/a><div class=\"sfsi_tool_tip_2 fb_tool_bdr sfsiTlleft\" style=\"width:62px ;opacity:0;z-index:-1;margin-left:-47.5px;\" id=\"sfsiid_facebook\"><span class=\"bot_arow bot_fb_arow\"><\/span><div class=\"sfsi_inside\"><div  class='icon1'><a href='https:\/\/www.facebook.com\/temassaludsyr\/' target='_blank'><img data-pin-nopin='true' class='sfsi_wicon' alt='Facebook' title='Facebook' src='http:\/\/diassere.org.pe\/wp-content\/plugins\/ultimate-social-media-icons\/images\/visit_icons\/facebook.png'  \/><\/a><\/div><div  class='icon2'><div class=\"fb-like\" data-href=\"http:\/\/diassere.org.pe\/wp-json\/wp\/v2\/pages\/600\" data-layout=\"button\" data-action=\"like\" data-show-faces=\"false\" data-share=\"true\"><\/div><\/div><div  class='icon3'><a target='_blank' href='https:\/\/www.facebook.com\/sharer\/sharer.php?u=http%3A%2F%2Fdiassere.org.pe%2Fwp-json%2Fwp%2Fv2%2Fpages%2F600' style='display:inline-block;'  > <img class='sfsi_wicon'  data-pin-nopin='true' width='auto' height='auto' alt='fb-share-icon' title='Facebook Share' src='http:\/\/diassere.org.pe\/wp-content\/plugins\/ultimate-social-media-icons\/images\/visit_icons\/fbshare_bck.png'  \/><\/a><\/div><\/div><\/div><\/div><\/div><\/div ><div id=\"sfsi_holder\" class=\"sfsi_holders\" style=\"position: relative; float: left;width:100%;z-index:-1;\"><\/div ><script>window.addEventListener(\"sfsi_functions_loaded\", function() \n\t\t\t{\n\t\t\t\tif (typeof sfsi_widget_set == \"function\") {\n\t\t\t\t\tsfsi_widget_set();\n\t\t\t\t}\n\t\t\t}); window.addEventListener(\"sfsi_functions_loaded\",function(){var s = jQuery(\".sfsi_widget\");\n\t\t\t\t\tvar pos = s.position();            \n\t\t\t\t\tjQuery(window).scroll(function(){      \n\t\t\t\t\tsfsi_stick_widget(\"0\");\n\t\t }); }); <\/script><div style=\"clear: both;\"><\/div><\/div>\n","protected":false},"excerpt":{"rendered":"<p>RReproductive Health Matters en espa\u00f1ol, Universidad Peruana Cayetano Heredia, Lima, 2007. Ver pdf completo Tabla de contenidos Presentaci\u00f3n: Nancy Palomino Ram\u00edrez Art\u00edculos: Implicancias de la escasez de profesionales de salud materna en el \u00c1frica Subsahariana Nancy Gerein, Andrew Green, Stephen&#8230;<\/p>\n","protected":false},"author":1,"featured_media":606,"parent":0,"menu_order":0,"comment_status":"closed","ping_status":"closed","template":"","meta":{"om_disable_all_campaigns":false},"_links":{"self":[{"href":"http:\/\/diassere.org.pe\/index.php\/wp-json\/wp\/v2\/pages\/600"}],"collection":[{"href":"http:\/\/diassere.org.pe\/index.php\/wp-json\/wp\/v2\/pages"}],"about":[{"href":"http:\/\/diassere.org.pe\/index.php\/wp-json\/wp\/v2\/types\/page"}],"author":[{"embeddable":true,"href":"http:\/\/diassere.org.pe\/index.php\/wp-json\/wp\/v2\/users\/1"}],"replies":[{"embeddable":true,"href":"http:\/\/diassere.org.pe\/index.php\/wp-json\/wp\/v2\/comments?post=600"}],"version-history":[{"count":8,"href":"http:\/\/diassere.org.pe\/index.php\/wp-json\/wp\/v2\/pages\/600\/revisions"}],"predecessor-version":[{"id":891,"href":"http:\/\/diassere.org.pe\/index.php\/wp-json\/wp\/v2\/pages\/600\/revisions\/891"}],"wp:featuredmedia":[{"embeddable":true,"href":"http:\/\/diassere.org.pe\/index.php\/wp-json\/wp\/v2\/media\/606"}],"wp:attachment":[{"href":"http:\/\/diassere.org.pe\/index.php\/wp-json\/wp\/v2\/media?parent=600"}],"curies":[{"name":"wp","href":"https:\/\/api.w.org\/{rel}","templated":true}]}}