{"id":63,"date":"2011-04-24T23:40:09","date_gmt":"2011-04-24T23:40:09","guid":{"rendered":"https:\/\/demos.famethemes.com\/glow\/?page_id=63"},"modified":"2019-10-22T04:40:56","modified_gmt":"2019-10-22T04:40:56","slug":"sexualidad-derechos-humanos-y-salud-sexual","status":"publish","type":"page","link":"http:\/\/diassere.org.pe\/index.php\/sexualidad-derechos-humanos-y-salud-sexual\/","title":{"rendered":"Sexualidad, Derechos Humanos y Salud Sexual"},"content":{"rendered":"\n<p><img loading=\"lazy\" class=\"wp-image-409 size-medium alignleft\" src=\"\/wp-content\/uploads\/2019\/06\/Caratula-RHM-6_001.png\" alt=\"\" width=\"300\" height=\"377\"><\/p>\n<p style=\"margin:2%\">Reproductive Health Matters en espa\u00f1ol, Universidad Peruana Cayetano Heredia, Lima, 2011.<\/p>\n<p><a href=\"\/wp-content\/uploads\/2019\/06\/rhm6.pdf\" target=\"_blank\" rel=\"noopener noreferrer\"><img loading=\"lazy\" src=\"\/wp-content\/uploads\/2019\/06\/833px-PDF_file_icon.svg_.png\" alt=\"\" width=\"50\" height=\"100\"> <span style=\"vertical-align:bottom\"> Ver pdf completo<\/span><\/a><\/p>\n<h4 style=\"margin: 3%\">Tabla de contenidos<\/h4>\n<h5 style=\"margin:2%\"><a href=\"\/wp-content\/uploads\/2019\/06\/rhm6_1.pdf\" target=\"_blank\" rel=\"noopener noreferrer\">Presentaci\u00f3n:<\/a><\/h5>\n<p style=\"margin:2%\">Nancy Palomino Ram\u00edrez<\/p>\n\n\n\n<h4 style=\"margin:2%\">Sexualidad y Protecci\u00f3n de la Salud<\/h4>\n<p style=\"margin:3%\"><a href=\"\/wp-content\/uploads\/2019\/06\/rhm6_2.pdf\" target=\"_blank rel=\"noopener= noopener noreferrer\"\" noreferrer\"=\"\">Doble protecci\u00f3n: m\u00e1s necesitada que practicada o comprendida<\/a><br>\n<span style=\"font-size:90%; color:#938389\">Marge Berer<\/span><\/p>\n<p style=\"margin:3%\"><a href=\"\/wp-content\/uploads\/2019\/06\/rhm6_3.pdf\" target=\"_blank rel=\"noopener= noopener noreferrer\"\" noreferrer\"=\"\">El placer y la prevenci\u00f3n: cuando el buen sexo es un sexo m\u00e1s seguro<\/a><br>\n<span style=\"font-size:90%; color:#938389\">Anne Philpott, Wendy Knerr, Vicky Boydell<\/span><\/p>\n<p style=\"margin:3%\"><a href=\"\/wp-content\/uploads\/2019\/06\/rhm6_4.pdf\" target=\"_blank rel=\"noopener= noopener noreferrer\"\" noreferrer\"=\"\">Salud sexual para personas viviendo con VIH<\/a><br>\n<span style=\"font-size:90%; color:#938389\">Kathy Shapiro, Sunanda Rayn<\/span><\/p>\n<p style=\"margin:3%\"><a href=\"\/wp-content\/uploads\/2019\/06\/rhm6_5.pdf\" target=\"_blank rel=\"noopener= noopener noreferrer\"\" noreferrer\"=\"\">Abordando las necesidades de salud sexual y reproductiva de las personas viviendo con VIH: Desaf\u00edos para los proveedores de salud<\/a><br>\n<span style=\"font-size:90%; color:#938389\">Shalini Bharat, Vaishali Sharma Mahendra<\/span><\/p>\n<p style=\"margin:3%\"><a href=\"\/wp-content\/uploads\/2019\/06\/rhm6_6.pdf\" target=\"_blank rel=\"noopener= noopener noreferrer\"\" noreferrer\"=\"\">Embarazo en la adolescencia en Argentina: Recomendaciones de pol\u00edtica basadas en la evidencia<\/a><br>\n<span style=\"font-size:90%; color:#938389\">M\u00f3nica Gogna, Georgina Binstock, Silvia Fern\u00e1ndez, In\u00e9s Ibarluc\u00eda, Nina Zamberlinc<\/span><\/p>\n<h4 style=\"margin:2%\">Pol\u00edticas sexuales y derechos humanos<\/h4>\n<p style=\"margin:3%\"><a href=\"\/wp-content\/uploads\/2019\/06\/rhm6_7.pdf\" target=\"_blank rel=\"noopener= noopener noreferrer\"\" noreferrer\"=\"\">Hacia una \u00e9tica sexual de derechos y responsabilidades<\/a><br>\n<span style=\"font-size:90%; color:#938389\">Ruth Dixon-Mueller, Adrienne Germain, Beth Fredrick, Kate Bourne<\/span><\/p>\n<p style=\"margin:3%\"><a href=\"\/wp-content\/uploads\/2019\/06\/rhm6_8.pdf\" target=\"_blank rel=\"noopener= noopener noreferrer\"\" noreferrer\"=\"\">En sus propias palabras: Regulaci\u00f3n gubernamental de la sexualidad y las relaciones sexuales<\/a><br>\n<span style=\"font-size:90%; color:#938389\">Sofia Gruskin, Laura Ferguson<\/span><\/p>\n<p style=\"margin:3%\"><a href=\"\/wp-content\/uploads\/2019\/06\/rhm6_9.pdf\" target=\"_blank rel=\"noopener= noopener noreferrer\"\" noreferrer\"=\"\">El lenguaje de las \u201cminor\u00edas sexuales\u201d y las pol\u00edticas sobre la identidad<\/a><br>\n<span style=\"font-size:90%; color:#938389\">Rosalind P. Petchesky<\/span><\/p>\n<p style=\"margin:3%\"><a href=\"\/wp-content\/uploads\/2019\/06\/rhm6_10.pdf\" target=\"_blank rel=\"noopener= noopener noreferrer\"\" noreferrer\"=\"\">Los derechos humanos comienzan al nacer: el derecho internacional y la demanda por los derechos del feto<\/a><br><span style=\"font-size:90%; color:#938389\">\nRhonda Copelon, Christina Zampas, Elizabeth Brusie, Jacqueline de Vore<\/span><\/p>\n<p style=\"margin:3%\"><a href=\"\/wp-content\/uploads\/2019\/06\/rhm6_11.pdf\" target=\"_blank rel=\"noopener= noopener noreferrer\"\" noreferrer\"=\"\">Sexualidad y derechos de la adolescencia en Chile: de la negaci\u00f3n al castigo<\/a><br><span style=\"font-size:90%; color:#938389\">\nLidia Casas, Claudia Ahumada<\/span><\/p>\n<div class=\"sfsi_widget sfsi_shortcode_container\"><div id=\"sfsi_wDiv\"><\/div><div class=\"norm_row sfsi_wDiv \"  style=\"width:225px;text-align:left;\"><div style='width:40px; height:40px;margin-left:5px;margin-bottom:30px; ' class='sfsi_wicons shuffeldiv ' ><div class='inerCnt'><a class=' sficn' data-effect='scale' target='_blank'  href='https:\/\/www.facebook.com\/temassaludsyr\/' id='sfsiid_facebook' style='opacity:1'  ><img data-pin-nopin='true' alt='Facebook' title='Facebook' src='http:\/\/diassere.org.pe\/wp-content\/plugins\/ultimate-social-media-icons\/images\/icons_theme\/default\/default_facebook.png' width='40' height='40' style='' class='sfcm sfsi_wicon ' data-effect='scale'   \/><\/a><div class=\"sfsi_tool_tip_2 fb_tool_bdr sfsiTlleft\" style=\"width:62px ;opacity:0;z-index:-1;margin-left:-47.5px;\" id=\"sfsiid_facebook\"><span class=\"bot_arow bot_fb_arow\"><\/span><div class=\"sfsi_inside\"><div  class='icon1'><a href='https:\/\/www.facebook.com\/temassaludsyr\/' target='_blank'><img data-pin-nopin='true' class='sfsi_wicon' alt='Facebook' title='Facebook' src='http:\/\/diassere.org.pe\/wp-content\/plugins\/ultimate-social-media-icons\/images\/visit_icons\/facebook.png'  \/><\/a><\/div><div  class='icon2'><div class=\"fb-like\" data-href=\"http:\/\/diassere.org.pe\/wp-json\/wp\/v2\/pages\/63\" data-layout=\"button\" data-action=\"like\" data-show-faces=\"false\" data-share=\"true\"><\/div><\/div><div  class='icon3'><a target='_blank' href='https:\/\/www.facebook.com\/sharer\/sharer.php?u=http%3A%2F%2Fdiassere.org.pe%2Fwp-json%2Fwp%2Fv2%2Fpages%2F63' style='display:inline-block;'  > <img class='sfsi_wicon'  data-pin-nopin='true' width='auto' height='auto' alt='fb-share-icon' title='Facebook Share' src='http:\/\/diassere.org.pe\/wp-content\/plugins\/ultimate-social-media-icons\/images\/visit_icons\/fbshare_bck.png'  \/><\/a><\/div><\/div><\/div><\/div><\/div><\/div ><div id=\"sfsi_holder\" class=\"sfsi_holders\" style=\"position: relative; float: left;width:100%;z-index:-1;\"><\/div ><script>window.addEventListener(\"sfsi_functions_loaded\", function() \n\t\t\t{\n\t\t\t\tif (typeof sfsi_widget_set == \"function\") {\n\t\t\t\t\tsfsi_widget_set();\n\t\t\t\t}\n\t\t\t}); window.addEventListener(\"sfsi_functions_loaded\",function(){var s = jQuery(\".sfsi_widget\");\n\t\t\t\t\tvar pos = s.position();            \n\t\t\t\t\tjQuery(window).scroll(function(){      \n\t\t\t\t\tsfsi_stick_widget(\"0\");\n\t\t }); }); <\/script><div style=\"clear: both;\"><\/div><\/div>\n","protected":false},"excerpt":{"rendered":"<p>Reproductive Health Matters en espa\u00f1ol, Universidad Peruana Cayetano Heredia, Lima, 2011. Ver pdf completo Tabla de contenidos Presentaci\u00f3n: Nancy Palomino Ram\u00edrez Sexualidad y Protecci\u00f3n de la Salud El placer y la prevenci\u00f3n: cuando el buen sexo es un sexo m\u00e1s&#8230;<\/p>\n","protected":false},"author":3,"featured_media":475,"parent":0,"menu_order":0,"comment_status":"closed","ping_status":"closed","template":"","meta":{"om_disable_all_campaigns":false},"_links":{"self":[{"href":"http:\/\/diassere.org.pe\/index.php\/wp-json\/wp\/v2\/pages\/63"}],"collection":[{"href":"http:\/\/diassere.org.pe\/index.php\/wp-json\/wp\/v2\/pages"}],"about":[{"href":"http:\/\/diassere.org.pe\/index.php\/wp-json\/wp\/v2\/types\/page"}],"author":[{"embeddable":true,"href":"http:\/\/diassere.org.pe\/index.php\/wp-json\/wp\/v2\/users\/3"}],"replies":[{"embeddable":true,"href":"http:\/\/diassere.org.pe\/index.php\/wp-json\/wp\/v2\/comments?post=63"}],"version-history":[{"count":6,"href":"http:\/\/diassere.org.pe\/index.php\/wp-json\/wp\/v2\/pages\/63\/revisions"}],"predecessor-version":[{"id":899,"href":"http:\/\/diassere.org.pe\/index.php\/wp-json\/wp\/v2\/pages\/63\/revisions\/899"}],"wp:featuredmedia":[{"embeddable":true,"href":"http:\/\/diassere.org.pe\/index.php\/wp-json\/wp\/v2\/media\/475"}],"wp:attachment":[{"href":"http:\/\/diassere.org.pe\/index.php\/wp-json\/wp\/v2\/media?parent=63"}],"curies":[{"name":"wp","href":"https:\/\/api.w.org\/{rel}","templated":true}]}}