{"id":84,"date":"2013-04-25T00:24:56","date_gmt":"2013-04-25T00:24:56","guid":{"rendered":"https:\/\/demos.famethemes.com\/glow\/?page_id=84"},"modified":"2019-10-22T04:21:12","modified_gmt":"2019-10-22T04:21:12","slug":"repolitizar-la-salud-y-los-derechos-sexuales-y-reproductivos","status":"publish","type":"page","link":"http:\/\/diassere.org.pe\/index.php\/repolitizar-la-salud-y-los-derechos-sexuales-y-reproductivos\/","title":{"rendered":"Repolitizar la Salud y los Derechos Sexuales y Reproductivos"},"content":{"rendered":"\n<p><img loading=\"lazy\" class=\"wp-image-409 size-medium alignleft\" src=\"\/wp-content\/uploads\/2019\/06\/RHM-7-revista-completa-001.png\" alt=\"\" width=\"300\" height=\"377\"><\/p>\n<p style=\"margin:2%\">Reproductive Health Matters en espa\u00f1ol, Universidad Peruana Cayetano Heredia, Lima, 2016.<\/p>\n<p><a href=\"\/wp-content\/uploads\/2019\/06\/rhm7.pdf\" target=\"_blank\" rel=\"noopener noreferrer\"><img loading=\"lazy\" src=\"\/wp-content\/uploads\/2019\/06\/833px-PDF_file_icon.svg_.png\" alt=\"\" width=\"50\" height=\"100\"> <span style=\"vertical-align:bottom\"> Ver pdf completo<\/span><\/a><\/p>\n<h4 style=\"margin: 3%\">Tabla de contenidos<\/h4>\n<h5 style=\"margin:2%\"><a href=\"\/wp-content\/uploads\/2019\/06\/rhm7_1.pdf\" target=\"_blank\" rel=\"noopener noreferrer\">Presentaci\u00f3n:<\/a><\/h5>\n<p style=\"margin:2%\">Nancy Palomino Ram\u00edrez<\/p>\n<h5 style=\"margin:2%\">Editorial:<\/h5>\n<p style=\"margin:2%\"><a href=\"\/wp-content\/uploads\/2019\/06\/rhm7_2.pdf\" target=\"_blank\" rel=\"noopener noreferrer\">Repolitizar la salud y los derechos sexuales y reproductivos<\/a><br><span style=\"font-size:90%; color:#938389\">Marge Berer<\/span><\/p>\n\n\n\n<h4 style=\"margin:2%\">Art\u00edculos:<\/h4>\n<p style=\"margin:3%\"><a href=\"\/wp-content\/uploads\/2019\/06\/rhm7_3.pdf\" target=\"_blank rel=\"noopener= noopener noreferrer\"\" noreferrer\"=\"\">La perpetuaci\u00f3n del poder: algunas razones del estancamiento de la salud reproductiva<\/a><br>\n<span style=\"font-size:90%; color:#938389\">Berit Austveg<\/span><\/p>\n<p style=\"margin:3%\"><a href=\"\/wp-content\/uploads\/2019\/06\/rhm7_4.pdf\" target=\"_blank rel=\"noopener= noopener noreferrer\"\" noreferrer\"=\"\">La perpetuaci\u00f3n del poder: una respuesta<\/a><br>\n<span style=\"font-size:90%; color:#938389\">Adriana Ortiz Ortega<\/span><\/p>\n<p style=\"margin:3%\"><a href=\"\/wp-content\/uploads\/2019\/06\/rhm7_5.pdf\" target=\"_blank rel=\"noopener= noopener noreferrer\"\" noreferrer\"=\"\">La salud y los derechos sexuales y reproductivos en el contexto de la educaci\u00f3n en salud p\u00fablica<\/a><br>\n<span style=\"font-size:90%; color:#938389\">Pascale A Allotey, Simone Diniz, Jocelyn DeJong, Th\u00e9r\u00e8se Delvaux, Sofia Gruskin, Sharon Fonnf<\/span><\/p>\n<p style=\"margin:3%\"><a href=\"\/wp-content\/uploads\/2019\/06\/rhm7_6.pdf\" target=\"_blank rel=\"noopener= noopener noreferrer\"\" noreferrer\"=\"\">Presupuestos transparentes para el gasto en atenci\u00f3n de salud materna: Estudio de caso en cinco pa\u00edses latinoamericanos<\/a><br>\n<span style=\"font-size:90%; color:#938389\">Laura Malajovich, Mar\u00eda Antonieta Alcalde, Kelly Castagnaro, Carmen Barroso<\/span><\/p>\n<p style=\"margin:3%\"><a href=\"\/wp-content\/uploads\/2019\/06\/rhm7_7.pdf\" target=\"_blank rel=\"noopener= noopener noreferrer\"\" noreferrer\"=\"\">Protecci\u00f3n de la maternidad versus derechos de maternidad para las trabajadoras en Chile: una rese\u00f1a hist\u00f3rica<\/a><br>\n<span style=\"font-size:90%; color:#938389\">Lidia Casas, Tania Herrera<\/span><\/p>\n<p style=\"margin:3%\"><a href=\"\/wp-content\/uploads\/2019\/06\/rhm7_8.pdf\" target=\"_blank rel=\"noopener= noopener noreferrer\"\" noreferrer\"=\"\">El papel de las demoras en la atenci\u00f3n de la mortalidad y morbilidad materna graves: una ampliaci\u00f3n del marco conceptual<\/a><br>\n<span style=\"font-size:90%; color:#938389\">Rodolfo Carvalho Pacagnella, Jose Guilherme Cecatti, Maria Jose Osis, Jo\u00e3o Paulo Souza<\/span><\/p>\n<p style=\"margin:3%\"><a href=\"\/wp-content\/uploads\/2019\/06\/rhm7_9.pdf\" target=\"_blank rel=\"noopener= noopener noreferrer\"\" noreferrer\"=\"\">\u00a1Los datos s\u00ed cuentan! Recolecci\u00f3n y uso de la informaci\u00f3n sobre mortalidad materna en el Per\u00fa, \u20131990-2005\u2013, y mejoras desde 2005<\/a><br>\n<span style=\"font-size:90%; color:#938389\">Ruth Igui\u00f1iz-Romero, Nancy Palomino<\/span><\/p>\n<p style=\"margin:3%\"><a href=\"\/wp-content\/uploads\/2019\/06\/rhm7_10.pdf\" target=\"_blank rel=\"noopener= noopener noreferrer\"\" noreferrer\"=\"\">La rendici\u00f3n de cuentas en derechos humanos para los casos de muerte materna y la incapacidad de brindar abortos seguros y legales: Importancia de dos innovadoras resoluciones de CEDAW<\/a><br><span style=\"font-size:90%; color:#938389\">\nEszter Kism\u00f6di, Judith Bueno de Mesquita, Ximena Andi\u00f3n Ib\u00e1\u00f1ez, Rajat Khosla, Lilian Sep\u00falveda<\/span><\/p>\n<p style=\"margin:3%\"><a href=\"\/wp-content\/uploads\/2019\/06\/rhm7_11.pdf\" target=\"_blank rel=\"noopener= noopener noreferrer\"\" noreferrer\"=\"\">Interrupci\u00f3n de un embarazo como cuidado obst\u00e9trico de emergencia: Interpretaci\u00f3n de la pol\u00edtica de salud cat\u00f3lica y sus consecuencias para las mujeres embarazadas<\/a><br><span style=\"font-size:90%; color:#938389\">\nMarge Berer<\/span><\/p>\n<p style=\"margin:3%\"><a href=\"\/wp-content\/uploads\/2019\/06\/rhm7_12.pdf\" target=\"_blank rel=\"noopener= noopener noreferrer\"\" noreferrer\"=\"\">Aborto seguro: gu\u00eda t\u00e9cnica y pol\u00edtica para los sistemas de salud<\/a><br><span style=\"font-size:90%; color:#938389\">\nSegunda edici\u00f3n. Ginebra, Organizaci\u00f3n Mundial de la Salud, 2012<\/span><\/p>\n<p style=\"margin:3%\"><a href=\"\/wp-content\/uploads\/2019\/06\/rhm7_13.pdf\" target=\"_blank rel=\"noopener= noopener noreferrer\"\" noreferrer\"=\"\">Evaluaci\u00f3n de una intervenci\u00f3n de violencia dom\u00e9stica en los servicios de maternidad y salud sexual de un hospital del Reino Unido<\/a><br><span style=\"font-size:90%; color:#938389\">\nLoraine J Bacchus, Susan Bewley, Carlos Torres Vitolas, Gillian Aston, Peter Jordan, Susan F Murray<\/span><\/p>\n<p style=\"margin:3%\"><a href=\"\/wp-content\/uploads\/2019\/06\/rhm7_14.pdf\" target=\"_blank rel=\"noopener= noopener noreferrer\"\" noreferrer\"=\"\">Una evaluaci\u00f3n de los lineamientos y servicios del sector salud destinados al tratamiento de la violencia sexual en El Salvador, Guatemala, Honduras y Nicaragua<\/a><br><span style=\"font-size:90%; color:#938389\">\nH Luz, McNaughton Reyes, Deborah L Billings, Yolanda Paredes Gait\u00e1n, Karen Padilla Z\u00fa\u00f1iga<\/span><\/p>\n<div class=\"sfsi_widget sfsi_shortcode_container\"><div id=\"sfsi_wDiv\"><\/div><div class=\"norm_row sfsi_wDiv \"  style=\"width:225px;text-align:left;\"><div style='width:40px; height:40px;margin-left:5px;margin-bottom:30px; ' class='sfsi_wicons shuffeldiv ' ><div class='inerCnt'><a class=' sficn' data-effect='scale' target='_blank'  href='https:\/\/www.facebook.com\/temassaludsyr\/' id='sfsiid_facebook' style='opacity:1'  ><img data-pin-nopin='true' alt='Facebook' title='Facebook' src='http:\/\/diassere.org.pe\/wp-content\/plugins\/ultimate-social-media-icons\/images\/icons_theme\/default\/default_facebook.png' width='40' height='40' style='' class='sfcm sfsi_wicon ' data-effect='scale'   \/><\/a><div class=\"sfsi_tool_tip_2 fb_tool_bdr sfsiTlleft\" style=\"width:62px ;opacity:0;z-index:-1;margin-left:-47.5px;\" id=\"sfsiid_facebook\"><span class=\"bot_arow bot_fb_arow\"><\/span><div class=\"sfsi_inside\"><div  class='icon1'><a href='https:\/\/www.facebook.com\/temassaludsyr\/' target='_blank'><img data-pin-nopin='true' class='sfsi_wicon' alt='Facebook' title='Facebook' src='http:\/\/diassere.org.pe\/wp-content\/plugins\/ultimate-social-media-icons\/images\/visit_icons\/facebook.png'  \/><\/a><\/div><div  class='icon2'><div class=\"fb-like\" data-href=\"http:\/\/diassere.org.pe\/wp-json\/wp\/v2\/pages\/84\" data-layout=\"button\" data-action=\"like\" data-show-faces=\"false\" data-share=\"true\"><\/div><\/div><div  class='icon3'><a target='_blank' href='https:\/\/www.facebook.com\/sharer\/sharer.php?u=http%3A%2F%2Fdiassere.org.pe%2Fwp-json%2Fwp%2Fv2%2Fpages%2F84' style='display:inline-block;'  > <img class='sfsi_wicon'  data-pin-nopin='true' width='auto' height='auto' alt='fb-share-icon' title='Facebook Share' src='http:\/\/diassere.org.pe\/wp-content\/plugins\/ultimate-social-media-icons\/images\/visit_icons\/fbshare_bck.png'  \/><\/a><\/div><\/div><\/div><\/div><\/div><\/div ><div id=\"sfsi_holder\" class=\"sfsi_holders\" style=\"position: relative; float: left;width:100%;z-index:-1;\"><\/div ><script>window.addEventListener(\"sfsi_functions_loaded\", function() \n\t\t\t{\n\t\t\t\tif (typeof sfsi_widget_set == \"function\") {\n\t\t\t\t\tsfsi_widget_set();\n\t\t\t\t}\n\t\t\t}); window.addEventListener(\"sfsi_functions_loaded\",function(){var s = jQuery(\".sfsi_widget\");\n\t\t\t\t\tvar pos = s.position();            \n\t\t\t\t\tjQuery(window).scroll(function(){      \n\t\t\t\t\tsfsi_stick_widget(\"0\");\n\t\t }); }); <\/script><div style=\"clear: both;\"><\/div><\/div>\n","protected":false},"excerpt":{"rendered":"<p>Reproductive Health Matters en espa\u00f1ol, Universidad Peruana Cayetano Heredia, Lima, 2016. Ver pdf completo Tabla de contenidos Presentaci\u00f3n: Nancy Palomino Ram\u00edrez Editorial: Repolitizar la salud y los derechos sexuales y reproductivosMarge Berer Art\u00edculos: La perpetuaci\u00f3n del poder: una respuesta Adriana&#8230;<\/p>\n","protected":false},"author":3,"featured_media":491,"parent":0,"menu_order":0,"comment_status":"closed","ping_status":"closed","template":"","meta":{"om_disable_all_campaigns":false},"_links":{"self":[{"href":"http:\/\/diassere.org.pe\/index.php\/wp-json\/wp\/v2\/pages\/84"}],"collection":[{"href":"http:\/\/diassere.org.pe\/index.php\/wp-json\/wp\/v2\/pages"}],"about":[{"href":"http:\/\/diassere.org.pe\/index.php\/wp-json\/wp\/v2\/types\/page"}],"author":[{"embeddable":true,"href":"http:\/\/diassere.org.pe\/index.php\/wp-json\/wp\/v2\/users\/3"}],"replies":[{"embeddable":true,"href":"http:\/\/diassere.org.pe\/index.php\/wp-json\/wp\/v2\/comments?post=84"}],"version-history":[{"count":7,"href":"http:\/\/diassere.org.pe\/index.php\/wp-json\/wp\/v2\/pages\/84\/revisions"}],"predecessor-version":[{"id":894,"href":"http:\/\/diassere.org.pe\/index.php\/wp-json\/wp\/v2\/pages\/84\/revisions\/894"}],"wp:featuredmedia":[{"embeddable":true,"href":"http:\/\/diassere.org.pe\/index.php\/wp-json\/wp\/v2\/media\/491"}],"wp:attachment":[{"href":"http:\/\/diassere.org.pe\/index.php\/wp-json\/wp\/v2\/media?parent=84"}],"curies":[{"name":"wp","href":"https:\/\/api.w.org\/{rel}","templated":true}]}}