{"id":89,"date":"2015-04-25T00:27:58","date_gmt":"2015-04-25T00:27:58","guid":{"rendered":"https:\/\/demos.famethemes.com\/glow\/?page_id=89"},"modified":"2019-10-22T03:52:41","modified_gmt":"2019-10-22T03:52:41","slug":"hacia-una-nueva-agenda-de-desarrollo-politicas-de-poblacion-y-salud-reproductiva","status":"publish","type":"page","link":"http:\/\/diassere.org.pe\/index.php\/hacia-una-nueva-agenda-de-desarrollo-politicas-de-poblacion-y-salud-reproductiva\/","title":{"rendered":"Hacia una nueva agenda de desarrollo Pol\u00edticas de poblaci\u00f3n y salud reproductiva"},"content":{"rendered":"\n<p><img loading=\"lazy\" class=\"wp-image-409 size-medium alignleft\" src=\"\/wp-content\/uploads\/2019\/06\/RHM8-Caratula-1.jpg\" alt=\"\" width=\"300\" height=\"377\"><\/p>\n<p style=\"margin:2%\">Reproductive Health Matters en espa\u00f1ol, Universidad Peruana Cayetano Heredia, Lima, 2016.<\/p>\n<p><a href=\"\/wp-content\/uploads\/2019\/06\/rhm8.pdf\" target=\"_blank\" rel=\"noopener noreferrer\"><img loading=\"lazy\" src=\"\/wp-content\/uploads\/2019\/06\/833px-PDF_file_icon.svg_.png\" alt=\"\" width=\"50\" height=\"100\"> <span style=\"vertical-align:bottom\"> Ver pdf completo<\/span><\/a><\/p>\n<h4 style=\"margin: 3%\">Tabla de contenidos<\/h4>\n<h5 style=\"margin:2%\"><a href=\"\/wp-content\/uploads\/2019\/06\/rhm8_1.pdf\" target=\"_blank\" rel=\"noopener noreferrer\">Presentaci\u00f3n:<\/a><\/h5>\n<p style=\"margin:2%\">Nancy Palomino Ram\u00edrez<\/p>\n<h5 style=\"margin:2%\">Editorial:<\/h5>\n<p style=\"margin:2%\"><a href=\"\/wp-content\/uploads\/2019\/06\/rhm8_2.pdf\" target=\"_blank\" rel=\"noopener noreferrer\">Un nuevo paradigma de desarrollo post-2015<\/a><br><span style=\"font-size:90%; color:#938389\">Marge Berer<\/span><\/p>\n\n\n\n<h4 style=\"margin:2%\">Art\u00edculos:<\/h4>\n<p style=\"margin:3%\"><a href=\"\/wp-content\/uploads\/2019\/06\/rhm8_3.pdf\" target=\"_blank rel=\"noopener= noopener noreferrer\"\" noreferrer\"=\"\">Poblaci\u00f3n, derechos en salud sexual y reproductiva, y desarrollo sostenible: forjando una agenda com\u00fan<\/a><br>\n<span style=\"font-size:90%; color:#938389\">Karen Newman, Sarah Fisher, Susannah Mayhew, Judith Stephensond<\/span><\/p>\n<p style=\"margin:3%\"><a href=\"\/wp-content\/uploads\/2019\/06\/rhm8_4.pdf\" target=\"_blank rel=\"noopener= noopener noreferrer\"\" noreferrer\"=\"\">\u00bfDesarrollo sostenible, demograf\u00eda y salud sexual y reproductiva: los v\u00ednculos que los unen y sus implicancias pol\u00edticas<\/a><br>\n<span style=\"font-size:90%; color:#938389\">Michael Herrmann<\/span><\/p>\n<p style=\"margin:3%\"><a href=\"\/wp-content\/uploads\/2019\/06\/rhm8_5.pdf\" target=\"_blank rel=\"noopener= noopener noreferrer\"\" noreferrer\"=\"\">El derecho a la salud en el paradigma del desarrollo post- 2015<\/a><br>\n<span style=\"font-size:90%; color:#938389\">Anand Grover<\/span><\/p>\n<p style=\"margin:3%\"><a href=\"\/wp-content\/uploads\/2019\/06\/rhm8_6.pdf\" target=\"_blank rel=\"noopener= noopener noreferrer\"\" noreferrer\"=\"\">Cobertura universal de salud: necesaria pero no suficiente<\/a><br>\n<span style=\"font-size:90%; color:#938389\">Susana T Fried, Atif Khurshid, Dudley Tarlton, Douglas Webb, Sonia Gloss, Claudia Paz, Tamara Stanley<\/span><\/p>\n<p style=\"margin:3%\"><a href=\"\/wp-content\/uploads\/2019\/06\/rhm8_7.pdf\" target=\"_blank rel=\"noopener= noopener noreferrer\"\" noreferrer\"=\"\">C\u00f3mo incorporar la salud y los derechos sexuales y reproductivos en un marco de desarrollo transformacional: lecciones aprendidas de los objetivos e indicadores de los ODM<\/a><br>\n<span style=\"font-size:90%; color:#938389\">Alicia Ely Yamin, Vanessa M Boulanger<\/span><\/p>\n<p style=\"margin:3%\"><a href=\"\/wp-content\/uploads\/2019\/06\/rhm8_8.pdf\" target=\"_blank rel=\"noopener= noopener noreferrer\"\" noreferrer\"=\"\">M\u00e1s all\u00e1 del bono o la bomba: Defender la salud sexual y reproductiva de las j\u00f3venes<\/a><br>\n<span style=\"font-size:90%; color:#938389\">Anne Hendrixson<\/span><\/p>\n<p style=\"margin:3%\"><a href=\"\/wp-content\/uploads\/2019\/06\/rhm8_9.pdf\" target=\"_blank rel=\"noopener= noopener noreferrer\"\" noreferrer\"=\"\">Actuar globalmente pero pensar localmente: la responsabilidad en la primera l\u00ednea<\/a><br>\n<span style=\"font-size:90%; color:#938389\">P Freedman, Marta Schaaf<\/span><\/p>\n<p style=\"margin:3%\"><a href=\"\/wp-content\/uploads\/2019\/06\/rhm8_10.pdf\" target=\"_blank rel=\"noopener= noopener noreferrer\"\" noreferrer\"=\"\">Objeci\u00f3n de conciencia, trabas y aborto en caso de violaci\u00f3n: un estudio entre m\u00e9dicos de Brasil<\/a><br><span style=\"font-size:90%; color:#938389\">\nDebora Diniz, Alberto Madeiro, Cristi\u00e3o Rosasc<\/span><\/p>\n<p style=\"margin:3%\"><a href=\"\/wp-content\/uploads\/2019\/06\/rhm8_11.pdf\" target=\"_blank rel=\"noopener= noopener noreferrer\"\" noreferrer\"=\"\">Bien por los avances en pol\u00edticas y programas sobre VIH y violencia de g\u00e9nero, y las investigaciones sobre el tema \u00bfest\u00e1n a su altura?<\/a><br><span style=\"font-size:90%; color:#938389\">\nSof\u00eda Gruskin, Kelly Safreed &#8211; Harmon, Chelsea L Moore, Riley J Steiner, Shari L Dworkine<\/span><\/p>\n<p style=\"margin:3%\"><a href=\"\/wp-content\/uploads\/2019\/06\/rhm8_12.pdf\" target=\"_blank rel=\"noopener= noopener noreferrer\"\" noreferrer\"=\"\">Barreras estructurales para la detecci\u00f3n y tratamiento del c\u00e1ncer cervical en el Per\u00fa<\/a><br><span style=\"font-size:90%; color:#938389\">\nValerie A Paz-Sold\u00e1n, \u00c1ngela M Bayer, Lauren Nussbaum, Lilia Cabrera<\/span><\/p>\n<p style=\"margin:3%\"><a href=\"\/wp-content\/uploads\/2019\/06\/rhm8_13.pdf\" target=\"_blank rel=\"noopener= noopener noreferrer\"\" noreferrer\"=\"\">La mayor epidemia de \u00c9bola de la historia 1 de octubre 2014<\/a><br><span style=\"font-size:90%; color:#938389\">\nPaul Farmer<\/span><\/p>\n\n\n\n<p><\/p>\n","protected":false},"excerpt":{"rendered":"<p>Reproductive Health Matters en espa\u00f1ol, Universidad Peruana Cayetano Heredia, Lima, 2016. Ver pdf completo Tabla de contenidos Presentaci\u00f3n: Nancy Palomino Ram\u00edrez Editorial: Un nuevo paradigma de desarrollo post-2015Marge Berer Art\u00edculos: \u00bfDesarrollo sostenible, demograf\u00eda y salud sexual y reproductiva: los v\u00ednculos&#8230;<\/p>\n","protected":false},"author":3,"featured_media":477,"parent":0,"menu_order":0,"comment_status":"closed","ping_status":"closed","template":"","meta":{"om_disable_all_campaigns":false},"_links":{"self":[{"href":"http:\/\/diassere.org.pe\/index.php\/wp-json\/wp\/v2\/pages\/89"}],"collection":[{"href":"http:\/\/diassere.org.pe\/index.php\/wp-json\/wp\/v2\/pages"}],"about":[{"href":"http:\/\/diassere.org.pe\/index.php\/wp-json\/wp\/v2\/types\/page"}],"author":[{"embeddable":true,"href":"http:\/\/diassere.org.pe\/index.php\/wp-json\/wp\/v2\/users\/3"}],"replies":[{"embeddable":true,"href":"http:\/\/diassere.org.pe\/index.php\/wp-json\/wp\/v2\/comments?post=89"}],"version-history":[{"count":8,"href":"http:\/\/diassere.org.pe\/index.php\/wp-json\/wp\/v2\/pages\/89\/revisions"}],"predecessor-version":[{"id":877,"href":"http:\/\/diassere.org.pe\/index.php\/wp-json\/wp\/v2\/pages\/89\/revisions\/877"}],"wp:featuredmedia":[{"embeddable":true,"href":"http:\/\/diassere.org.pe\/index.php\/wp-json\/wp\/v2\/media\/477"}],"wp:attachment":[{"href":"http:\/\/diassere.org.pe\/index.php\/wp-json\/wp\/v2\/media?parent=89"}],"curies":[{"name":"wp","href":"https:\/\/api.w.org\/{rel}","templated":true}]}}