{"id":1032,"date":"2019-12-20T13:48:13","date_gmt":"2019-12-20T13:48:13","guid":{"rendered":"http:\/\/diassere.org.pe\/?page_id=1032"},"modified":"2019-12-20T13:50:19","modified_gmt":"2019-12-20T13:50:19","slug":"titulo-revista","status":"publish","type":"page","link":"https:\/\/diassere.org.pe\/index.php\/titulo-revista\/","title":{"rendered":"T\u00edtulo Revista"},"content":{"rendered":"\n<p><img loading=\"lazy\" class=\"wp-image-409 size-medium alignleft\" src=\"\n\n\n\nhttp:\/\/diassere.org.pe\/wp-content\/uploads\/2019\/06\/rhm10-001.png\n\n\n\n\" alt=\"\" width=\"300\" height=\"377\"><\/p>\n<p style=\"margin:2%\">Reproductive Health Matters en espa\u00f1ol, Universidad Peruana Cayetano Heredia, Lima,\n\n\n\n2019\n\n\n\n.<\/p><p><a href=\"\n\n\n\nhttp:\/\/diassere.org.pe\/wp-content\/uploads\/2019\/06\/rhm10.pdf\n\n\n\n\" target=\"_blank\"><img loading=\"lazy\" src=\"http:\/\/diassere.org.pe\/wp-content\/uploads\/2019\/06\/833px-PDF_file_icon.svg_.png\" alt=\"\" width=\"50\" height=\"100\"> <span style=\"vertical-align:bottom\"> Ver pdf completo<\/span><\/a><\/p>\n<h4 style=\"margin: 3%\">Tabla de contenidos<\/h4><h5 style=\"margin:2%\"><a href=\"\n\n\n\nhttp:\/\/diassere.org.pe\/wp-content\/uploads\/2019\/06\/rhm10_1.pdf\n\n\n\n\" target=\"_blank\">Presentaci\u00f3n:<\/a><\/h5>\n<p style=\"margin:2%\">\n\n\n\nRuth Igui\u00f1iz\n\n\n\n<\/p>\n<h5 style=\"margin:2%\"><a href=\"\n\n\n\nhttp:\/\/diassere.org.pe\/wp-content\/uploads\/2019\/06\/rhm10_2.pdf\n\n\n\n\" target=\"_blank\">Editorial:<\/h5>\n<p style=\"margin:2%\">\n\n\n\nT\u00edtulo de la Editorial\n\n\n\n<br><\/a><span style=\"font-size:90%; color:#938389\">\n\n\n\nAutor de la Editorial\n\n\n\n<\/span><\/p><h4 style=\"margin:2%\">Art\u00edculos:<\/h4>\n\n\n\n<p style=\"margin:3%\"><a href=\"http:\/\/diassere.org.pe\/wp-content\/uploads\/2019\/06\/rhm10_3.pdf\" target=\"_blank\" rel=\"noopener noreferrer\">Titulo del Art\u00edculo<\/a><br>\n<span style=\" font-size:90%;=\" \"=\"\" color:#938389\"=\"\">Autor 1, Autor2<\/span><\/p>\n\n\n\n<p style=\"margin:3%\"><a href=\"http:\/\/diassere.org.pe\/wp-content\/uploads\/2019\/06\/rhm10_4.pdf\" target=\"_blank\" rel=\"noopener noreferrer\">Articulo nro 2<\/a><br>\n<span style=\" font-size:90%;=\" \"=\"\" color:#938389\"=\"\">Autor3, Autor4, Autor1<\/span><\/p>\n\n\n\n<p style=\"margin:3%\"><a href=\"http:\/\/diassere.org.pe\/wp-content\/uploads\/2019\/06\/rhm10_5.pdf\" target=\"_blank\" rel=\"noopener noreferrer\">3er Art\u00edculo<\/a><br>\n<span style=\" font-size:90%;=\" \"=\"\" color:#938389\"=\"\">Autor 1<\/span><\/p>\n\n\n\n<div class=\"sfsi_widget sfsi_shortcode_container\"><div id=\"sfsi_wDiv\"><\/div><div class=\"norm_row sfsi_wDiv \"  style=\"width:225px;text-align:left;\"><div style='width:40px; height:40px;margin-left:5px;margin-bottom:30px; ' class='sfsi_wicons shuffeldiv ' ><div class='inerCnt'><a class=' sficn' data-effect='scale' target='_blank'  href='https:\/\/www.facebook.com\/temassaludsyr\/' id='sfsiid_facebook' style='opacity:1'  ><img data-pin-nopin='true' alt='Facebook' title='Facebook' src='https:\/\/diassere.org.pe\/wp-content\/plugins\/ultimate-social-media-icons\/images\/icons_theme\/default\/default_facebook.png' width='40' height='40' style='' class='sfcm sfsi_wicon ' data-effect='scale'   \/><\/a><div class=\"sfsi_tool_tip_2 fb_tool_bdr sfsiTlleft\" style=\"width:62px ;opacity:0;z-index:-1;margin-left:-47.5px;\" id=\"sfsiid_facebook\"><span class=\"bot_arow bot_fb_arow\"><\/span><div class=\"sfsi_inside\"><div  class='icon1'><a href='https:\/\/www.facebook.com\/temassaludsyr\/' target='_blank'><img data-pin-nopin='true' class='sfsi_wicon' alt='Facebook' title='Facebook' src='https:\/\/diassere.org.pe\/wp-content\/plugins\/ultimate-social-media-icons\/images\/visit_icons\/facebook.png'  \/><\/a><\/div><div  class='icon2'><div class=\"fb-like\" data-href=\"https:\/\/diassere.org.pe\/wp-json\/wp\/v2\/pages\/1032\" data-layout=\"button\" data-action=\"like\" data-show-faces=\"false\" data-share=\"true\"><\/div><\/div><div  class='icon3'><a target='_blank' href='https:\/\/www.facebook.com\/sharer\/sharer.php?u=https%3A%2F%2Fdiassere.org.pe%2Fwp-json%2Fwp%2Fv2%2Fpages%2F1032' style='display:inline-block;'  > <img class='sfsi_wicon'  data-pin-nopin='true' width='auto' height='auto' alt='fb-share-icon' title='Facebook Share' src='https:\/\/diassere.org.pe\/wp-content\/plugins\/ultimate-social-media-icons\/images\/visit_icons\/fbshare_bck.png'  \/><\/a><\/div><\/div><\/div><\/div><\/div><\/div ><div id=\"sfsi_holder\" class=\"sfsi_holders\" style=\"position: relative; float: left;width:100%;z-index:-1;\"><\/div ><script>window.addEventListener(\"sfsi_functions_loaded\", function() \n\t\t\t{\n\t\t\t\tif (typeof sfsi_widget_set == \"function\") {\n\t\t\t\t\tsfsi_widget_set();\n\t\t\t\t}\n\t\t\t}); window.addEventListener(\"sfsi_functions_loaded\",function(){var s = jQuery(\".sfsi_widget\");\n\t\t\t\t\tvar pos = s.position();            \n\t\t\t\t\tjQuery(window).scroll(function(){      \n\t\t\t\t\tsfsi_stick_widget(\"0\");\n\t\t }); }); <\/script><div style=\"clear: both;\"><\/div><\/div>\n","protected":false},"excerpt":{"rendered":"<p>Reproductive Health Matters en espa\u00f1ol, Universidad Peruana Cayetano Heredia, Lima, 2019 . Ver pdf completo Tabla de contenidos Presentaci\u00f3n: Ruth Igui\u00f1iz Editorial: T\u00edtulo de la Editorial Autor de la Editorial Art\u00edculos: Titulo del Art\u00edculo Autor 1, Autor2 Articulo nro 2&#8230;<\/p>\n","protected":false},"author":1,"featured_media":509,"parent":0,"menu_order":0,"comment_status":"closed","ping_status":"closed","template":"","meta":{"om_disable_all_campaigns":false},"_links":{"self":[{"href":"https:\/\/diassere.org.pe\/index.php\/wp-json\/wp\/v2\/pages\/1032"}],"collection":[{"href":"https:\/\/diassere.org.pe\/index.php\/wp-json\/wp\/v2\/pages"}],"about":[{"href":"https:\/\/diassere.org.pe\/index.php\/wp-json\/wp\/v2\/types\/page"}],"author":[{"embeddable":true,"href":"https:\/\/diassere.org.pe\/index.php\/wp-json\/wp\/v2\/users\/1"}],"replies":[{"embeddable":true,"href":"https:\/\/diassere.org.pe\/index.php\/wp-json\/wp\/v2\/comments?post=1032"}],"version-history":[{"count":2,"href":"https:\/\/diassere.org.pe\/index.php\/wp-json\/wp\/v2\/pages\/1032\/revisions"}],"predecessor-version":[{"id":1034,"href":"https:\/\/diassere.org.pe\/index.php\/wp-json\/wp\/v2\/pages\/1032\/revisions\/1034"}],"wp:featuredmedia":[{"embeddable":true,"href":"https:\/\/diassere.org.pe\/index.php\/wp-json\/wp\/v2\/media\/509"}],"wp:attachment":[{"href":"https:\/\/diassere.org.pe\/index.php\/wp-json\/wp\/v2\/media?parent=1032"}],"curies":[{"name":"wp","href":"https:\/\/api.w.org\/{rel}","templated":true}]}}