{"id":276,"date":"2019-04-13T23:58:36","date_gmt":"2019-04-13T23:58:36","guid":{"rendered":"http:\/\/dlozano.tk\/diassere\/?page_id=276"},"modified":"2019-07-18T01:05:15","modified_gmt":"2019-07-18T01:05:15","slug":"que-es-diassere","status":"publish","type":"page","link":"https:\/\/diassere.org.pe\/index.php\/que-es-diassere\/","title":{"rendered":"\u00bfQu\u00e9 es Diassere?"},"content":{"rendered":"\n<figure class=\"wp-block-image\"><img loading=\"lazy\" width=\"1024\" height=\"545\" src=\"http:\/\/dlozano.tk\/diassere\/wp-content\/uploads\/2019\/06\/editoras-rhm-peru-1024x545.png\" alt=\"\" class=\"wp-image-396\" srcset=\"https:\/\/diassere.org.pe\/wp-content\/uploads\/2019\/06\/editoras-rhm-peru-1024x545.png 1024w, https:\/\/diassere.org.pe\/wp-content\/uploads\/2019\/06\/editoras-rhm-peru-300x160.png 300w, https:\/\/diassere.org.pe\/wp-content\/uploads\/2019\/06\/editoras-rhm-peru-768x409.png 768w, https:\/\/diassere.org.pe\/wp-content\/uploads\/2019\/06\/editoras-rhm-peru-720x383.png 720w, https:\/\/diassere.org.pe\/wp-content\/uploads\/2019\/06\/editoras-rhm-peru.png 1294w\" sizes=\"(max-width: 1024px) 100vw, 1024px\" \/><\/figure>\n\n\n\n<p>DIASSERE, Derechos, Investigaci\u00f3n y Abogac\u00eda en Salud, Sexualidad y Reproducci\u00f3n es el portal de la Unidad de Sexualidad y Salud Reproductiva, de la Facultad de Salud P\u00fablica y Administraci\u00f3n de la Universidad Peruana Cayetano Heredia.<\/p>\n","protected":false},"excerpt":{"rendered":"<p>DIASSERE, Derechos, Investigaci\u00f3n y Abogac\u00eda en Salud, Sexualidad y Reproducci\u00f3n es el portal de la Unidad de Sexualidad y Salud Reproductiva, de la Facultad de Salud P\u00fablica y Administraci\u00f3n de la Universidad Peruana Cayetano Heredia.<\/p>\n","protected":false},"author":1,"featured_media":0,"parent":0,"menu_order":0,"comment_status":"closed","ping_status":"closed","template":"","meta":{"om_disable_all_campaigns":false},"_links":{"self":[{"href":"https:\/\/diassere.org.pe\/index.php\/wp-json\/wp\/v2\/pages\/276"}],"collection":[{"href":"https:\/\/diassere.org.pe\/index.php\/wp-json\/wp\/v2\/pages"}],"about":[{"href":"https:\/\/diassere.org.pe\/index.php\/wp-json\/wp\/v2\/types\/page"}],"author":[{"embeddable":true,"href":"https:\/\/diassere.org.pe\/index.php\/wp-json\/wp\/v2\/users\/1"}],"replies":[{"embeddable":true,"href":"https:\/\/diassere.org.pe\/index.php\/wp-json\/wp\/v2\/comments?post=276"}],"version-history":[{"count":3,"href":"https:\/\/diassere.org.pe\/index.php\/wp-json\/wp\/v2\/pages\/276\/revisions"}],"predecessor-version":[{"id":794,"href":"https:\/\/diassere.org.pe\/index.php\/wp-json\/wp\/v2\/pages\/276\/revisions\/794"}],"wp:attachment":[{"href":"https:\/\/diassere.org.pe\/index.php\/wp-json\/wp\/v2\/media?parent=276"}],"curies":[{"name":"wp","href":"https:\/\/api.w.org\/{rel}","templated":true}]}}