{"id":334,"date":"2019-04-29T16:30:56","date_gmt":"2019-04-29T16:30:56","guid":{"rendered":"http:\/\/dlozano.tk\/diassere\/?page_id=334"},"modified":"2019-09-07T04:55:30","modified_gmt":"2019-09-07T04:55:30","slug":"contacto","status":"publish","type":"page","link":"https:\/\/diassere.org.pe\/index.php\/contacto\/","title":{"rendered":"Contacto"},"content":{"rendered":"\n<p>\nUnidad de Sexualidad y Salud Reproductiva<br> Facultad de Salud P\u00fablica y Administraci\u00f3n<br> Universidad Peruana Cayetano Heredia<br> Campus Norte<br> Av. Honorio Delgado 420,<br> San Mart\u00edn de Porras, Lima 31.<br> Tel.: (51-1) 319 0000- Anexo 2538<br> Fax: (51-1) 381 9072\n\n<\/p>\n","protected":false},"excerpt":{"rendered":"<p>Unidad de Sexualidad y Salud Reproductiva Facultad de Salud P\u00fablica y Administraci\u00f3n Universidad Peruana Cayetano Heredia Campus Norte Av. Honorio Delgado 420, San Mart\u00edn de Porras, Lima 31. Tel.: (51-1) 319 0000- Anexo 2538 Fax: (51-1) 381 9072<\/p>\n","protected":false},"author":1,"featured_media":0,"parent":0,"menu_order":0,"comment_status":"closed","ping_status":"closed","template":"","meta":{"om_disable_all_campaigns":false},"_links":{"self":[{"href":"https:\/\/diassere.org.pe\/index.php\/wp-json\/wp\/v2\/pages\/334"}],"collection":[{"href":"https:\/\/diassere.org.pe\/index.php\/wp-json\/wp\/v2\/pages"}],"about":[{"href":"https:\/\/diassere.org.pe\/index.php\/wp-json\/wp\/v2\/types\/page"}],"author":[{"embeddable":true,"href":"https:\/\/diassere.org.pe\/index.php\/wp-json\/wp\/v2\/users\/1"}],"replies":[{"embeddable":true,"href":"https:\/\/diassere.org.pe\/index.php\/wp-json\/wp\/v2\/comments?post=334"}],"version-history":[{"count":2,"href":"https:\/\/diassere.org.pe\/index.php\/wp-json\/wp\/v2\/pages\/334\/revisions"}],"predecessor-version":[{"id":801,"href":"https:\/\/diassere.org.pe\/index.php\/wp-json\/wp\/v2\/pages\/334\/revisions\/801"}],"wp:attachment":[{"href":"https:\/\/diassere.org.pe\/index.php\/wp-json\/wp\/v2\/media?parent=334"}],"curies":[{"name":"wp","href":"https:\/\/api.w.org\/{rel}","templated":true}]}}