{"id":59,"date":"2016-04-24T23:37:46","date_gmt":"2016-04-24T23:37:46","guid":{"rendered":"https:\/\/demos.famethemes.com\/glow\/?page_id=59"},"modified":"2019-10-22T03:34:57","modified_gmt":"2019-10-22T03:34:57","slug":"derechos-sexuales-y-aborto-en-america-latina","status":"publish","type":"page","link":"https:\/\/diassere.org.pe\/index.php\/derechos-sexuales-y-aborto-en-america-latina\/","title":{"rendered":"Derechos sexuales y aborto en Am\u00e9rica Latina"},"content":{"rendered":"\n<p><img loading=\"lazy\" class=\"wp-image-409 size-medium alignleft\" src=\"\/wp-content\/uploads\/2019\/06\/RHM-9-caratula-1.jpg\" alt=\"\" width=\"300\" height=\"377\"><\/p>\n<p style=\"margin:2%\">Reproductive Health Matters en espa\u00f1ol, Universidad Peruana Cayetano Heredia, Lima, 2016.<\/p>\n<p><a href=\"\/wp-content\/uploads\/2019\/06\/rhm9.pdf\" target=\"_blank\" rel=\"noopener noreferrer\"><img loading=\"lazy\" src=\"\/wp-content\/uploads\/2019\/06\/833px-PDF_file_icon.svg_.png\" alt=\"\" width=\"50\" height=\"100\"> <span style=\"vertical-align:bottom\"> Ver pdf completo<\/span><\/a><\/p>\n<h4 style=\"margin: 3%\">Tabla de contenidos<\/h4>\n<h5 style=\"margin:2%\"><a href=\"\/wp-content\/uploads\/2019\/06\/rhm9_1.pdf\" target=\"_blank\" rel=\"noopener noreferrer\">Presentaci\u00f3n:<\/a><\/h5>\n<p style=\"margin:2%\">Nancy Palomino Ram\u00edrez<\/p>\n<h5 style=\"margin:2%\">Editorial:<\/h5>\n<p style=\"margin:2%\"><a href=\"\/wp-content\/uploads\/2019\/06\/rhm9_2.pdf\" target=\"_blank\" rel=\"noopener noreferrer\">El derecho a la sexualidad e integridad del cuerpo como derechos humanos<\/a><br><span style=\"font-size:90%; color:#938389\">Shirin Heidari<\/span><\/p>\n\n\n\n<h4 style=\"margin:2%\">Art\u00edculos:<\/h4>\n<p style=\"margin:3%\"><a href=\"\/wp-content\/uploads\/2019\/06\/rhm9_3.pdf\" target=\"_blank rel=\"noopener= noopener noreferrer\"\" noreferrer\"=\"\">Los derechos sexuales como derechos humanos: una gu\u00eda de las fuentes y principios autorizados para aplicar los derechos humanos a la sexualidad y la salud sexual<\/a><br>\n<span style=\"font-size:90%; color:#938389\">Alice M. Miller, Eszter Kism\u00f6di, Jane Cottingham, Sofia Gruskin<\/span><\/p>\n<p style=\"margin:3%\"><a href=\"\/wp-content\/uploads\/2019\/06\/rhm9_4.pdf\" target=\"_blank rel=\"noopener= noopener noreferrer\"\" noreferrer\"=\"\">\u00bfPuede usarse una ley restrictiva con fines de protecci\u00f3n? El efecto de las leyes sobre l\u00edmite de edad en el acceso de las y los j\u00f3venes a servicios de salud sexual y reproductiva<\/a><br>\n<span style=\"font-size:90%; color:#938389\">Elizabeth Yarrow, Kirsten Anderson, Kara Apland, Katherine Watson<\/span><\/p>\n<p style=\"margin:3%\"><a href=\"\/wp-content\/uploads\/2019\/06\/rhm9_5.pdf\" target=\"_blank rel=\"noopener= noopener noreferrer\"\" noreferrer\"=\"\">C\u00f3mo enfrentar reacciones negativas a la educaci\u00f3n sexual utilizando un marco multicultural de derechos humanos<\/a><br>\n<span style=\"font-size:90%; color:#938389\">Vera Paiva, Valeria N. Silva<\/span><\/p>\n<p style=\"margin:3%\"><a href=\"\/wp-content\/uploads\/2019\/06\/rhm9_6.pdf\" target=\"_blank rel=\"noopener= noopener noreferrer\"\" noreferrer\"=\"\">\u201c\u00bfSexualidad? Un mill\u00f3n de cosas vienen a la mente\u201d: reflexiones sobre g\u00e9nero y sexualidad de adolescentes chilenos<\/a><br>\n<span style=\"font-size:90%; color:#938389\">Anna K-J Macintyre, Adela R Montero Vega, Mette Sagbakken<\/span><\/p>\n<p style=\"margin:3%\"><a href=\"\/wp-content\/uploads\/2019\/06\/rhm9_7.pdf\" target=\"_blank rel=\"noopener= noopener noreferrer\"\" noreferrer\"=\"\">Cuando la decisi\u00f3n de una joven involucra a la comunidad: la vida de las adolescentes mayas en zonas rurales e ind\u00edgenas de Guatemala<\/a><br>\n<span style=\"font-size:90%; color:#938389\">Heather Wehr, Silvia Ester Tum<\/span><\/p>\n<p style=\"margin:3%\"><a href=\"\/wp-content\/uploads\/2019\/06\/rhm9_8.pdf\" target=\"_blank rel=\"noopener= noopener noreferrer\"\" noreferrer\"=\"\">Fuera del establecimiento de salud: empoderando a las personas j\u00f3venes mediante el programa Proveedores Pares de J\u00f3venes en Ecuador y Nicaragua<\/a><br>\n<span style=\"font-size:90%; color:#938389\">Claire Tebbets, Dee Redwine<\/span><\/p>\n<p style=\"margin:3%\"><a href=\"\/wp-content\/uploads\/2019\/06\/rhm9_9.pdf\" target=\"_blank rel=\"noopener= noopener noreferrer\"\" noreferrer\"=\"\">La salud sexual en la Clasificaci\u00f3n Internacional de Enfermedades (CIE): implicancias en las mediciones y m\u00e1s<\/a><br>\n<span style=\"font-size:90%; color:#938389\">Doris Chou, Sara Cottler, Rajat Khosla, Geoffrey M. Reed, Lale Say<\/span><\/p>\n<p style=\"margin:3%\"><a href=\"\/wp-content\/uploads\/2019\/06\/rhm9_10.pdf\" target=\"_blank rel=\"noopener= noopener noreferrer\"\" noreferrer\"=\"\">Sonido y furia: el compromiso con las pol\u00edticas y leyes sobre los derechos sexuales<\/a><br><span style=\"font-size:90%; color:#938389\">\nAlice M. Miller, Sofia Gruskin, Jane Cottingham, Eszter Kism\u00f6di<\/span><\/p>\n<p style=\"margin:3%\"><a href=\"\/wp-content\/uploads\/2019\/06\/rhm9_11.pdf\" target=\"_blank rel=\"noopener= noopener noreferrer\"\" noreferrer\"=\"\">Considerar el litigio estrat\u00e9gico como una herramienta de promoci\u00f3n y defensa: un estudio de caso de la defensa de los derechos reproductivos en Colombia<\/a><br><span style=\"font-size:90%; color:#938389\">\nM\u00f3nica Roa, Barbara Klugman<\/span><\/p>\n<p style=\"margin:3%\"><a href=\"\/wp-content\/uploads\/2019\/06\/rhm9_12.pdf\" target=\"_blank rel=\"noopener= noopener noreferrer\"\" noreferrer\"=\"\">L\u00edneas telef\u00f3nicas de informaci\u00f3n sobre aborto seguro: una estrategia efectiva para incrementar el acceso de las mujeres a los abortos seguros en Am\u00e9rica Latina<\/a><br><span style=\"font-size:90%; color:#938389\">\nRaquel Irene Drovetta<\/span><\/p>\n<p style=\"margin:3%\"><a href=\"\/wp-content\/uploads\/2019\/06\/rhm9_13.pdf\" target=\"_blank rel=\"noopener= noopener noreferrer\"\" noreferrer\"=\"\">Experiencias de mujeres con el uso de medicamentos abortivos, en un contexto de restricciones legales: el caso de Argentina<\/a><br><span style=\"font-size:90%; color:#938389\">\nSilvina Ramos, Mariana Romero, Lila Aizenberg<\/span><\/p>\n<p style=\"margin:3%\"><a href=\"\/wp-content\/uploads\/2019\/06\/rhm9_14.pdf\" target=\"_blank rel=\"noopener= noopener noreferrer\"\" noreferrer\"=\"\">Interrupci\u00f3n del embarazo por anormalidades fetales: una meta-etnograf\u00eda de experiencias de mujeres<\/a><br><span style=\"font-size:90%; color:#938389\">\nCaroline Lafarge, Kathryn Mitchell, Pauline Fox<\/span><\/p>\n<p style=\"margin:3%\"><a href=\"\/wp-content\/uploads\/2019\/06\/rhm9_15.pdf\" target=\"_blank rel=\"noopener= noopener noreferrer\"\" noreferrer\"=\"\">Seguridad, eficacia y aceptabilidad de los servicios ambulatorios de aborto m\u00e9dico con mifepristona-misoprostol en el Distrito Federal, M\u00e9xico<\/a><br><span style=\"font-size:90%; color:#938389\">\nBela Patricio Sanhueza Smith, Melanie Pe\u00f1a, Ilana G Dzuba, Mar\u00eda Laura Garc\u00eda Martinez, Ana Gabriela Arangur\u00e9 Peraza, Manuel Bousi\u00e9guez, Tara Shochet, Beverly Winikoff<\/span><\/p>\n<p style=\"margin:3%\"><a href=\"\/wp-content\/uploads\/2019\/06\/rhm9_16.pdf\" target=\"_blank rel=\"noopener= noopener noreferrer\"\" noreferrer\"=\"\">Ampliando el acceso a los servicios de aborto con medicamentos: retos y oportunidades<\/a><br><span style=\"font-size:90%; color:#938389\">\nBela Ganatra, Philip Guest, Marge Berer<\/span><\/p>\n<div class=\"sfsi_widget sfsi_shortcode_container\"><div id=\"sfsi_wDiv\"><\/div><div class=\"norm_row sfsi_wDiv \"  style=\"width:225px;text-align:left;\"><div style='width:40px; height:40px;margin-left:5px;margin-bottom:30px; ' class='sfsi_wicons shuffeldiv ' ><div class='inerCnt'><a class=' sficn' data-effect='scale' target='_blank'  href='https:\/\/www.facebook.com\/temassaludsyr\/' id='sfsiid_facebook' style='opacity:1'  ><img data-pin-nopin='true' alt='Facebook' title='Facebook' src='https:\/\/diassere.org.pe\/wp-content\/plugins\/ultimate-social-media-icons\/images\/icons_theme\/default\/default_facebook.png' width='40' height='40' style='' class='sfcm sfsi_wicon ' data-effect='scale'   \/><\/a><div class=\"sfsi_tool_tip_2 fb_tool_bdr sfsiTlleft\" style=\"width:62px ;opacity:0;z-index:-1;margin-left:-47.5px;\" id=\"sfsiid_facebook\"><span class=\"bot_arow bot_fb_arow\"><\/span><div class=\"sfsi_inside\"><div  class='icon1'><a href='https:\/\/www.facebook.com\/temassaludsyr\/' target='_blank'><img data-pin-nopin='true' class='sfsi_wicon' alt='Facebook' title='Facebook' src='https:\/\/diassere.org.pe\/wp-content\/plugins\/ultimate-social-media-icons\/images\/visit_icons\/facebook.png'  \/><\/a><\/div><div  class='icon2'><div class=\"fb-like\" data-href=\"https:\/\/diassere.org.pe\/wp-json\/wp\/v2\/pages\/59\" data-layout=\"button\" data-action=\"like\" data-show-faces=\"false\" data-share=\"true\"><\/div><\/div><div  class='icon3'><a target='_blank' href='https:\/\/www.facebook.com\/sharer\/sharer.php?u=https%3A%2F%2Fdiassere.org.pe%2Fwp-json%2Fwp%2Fv2%2Fpages%2F59' style='display:inline-block;'  > <img class='sfsi_wicon'  data-pin-nopin='true' width='auto' height='auto' alt='fb-share-icon' title='Facebook Share' src='https:\/\/diassere.org.pe\/wp-content\/plugins\/ultimate-social-media-icons\/images\/visit_icons\/fbshare_bck.png'  \/><\/a><\/div><\/div><\/div><\/div><\/div><\/div ><div id=\"sfsi_holder\" class=\"sfsi_holders\" style=\"position: relative; float: left;width:100%;z-index:-1;\"><\/div ><script>window.addEventListener(\"sfsi_functions_loaded\", function() \n\t\t\t{\n\t\t\t\tif (typeof sfsi_widget_set == \"function\") {\n\t\t\t\t\tsfsi_widget_set();\n\t\t\t\t}\n\t\t\t}); window.addEventListener(\"sfsi_functions_loaded\",function(){var s = jQuery(\".sfsi_widget\");\n\t\t\t\t\tvar pos = s.position();            \n\t\t\t\t\tjQuery(window).scroll(function(){      \n\t\t\t\t\tsfsi_stick_widget(\"0\");\n\t\t }); }); <\/script><div style=\"clear: both;\"><\/div><\/div>\n\n\n\n<p><\/p>\n","protected":false},"excerpt":{"rendered":"<p>Reproductive Health Matters en espa\u00f1ol, Universidad Peruana Cayetano Heredia, Lima, 2016. Ver pdf completo Tabla de contenidos Presentaci\u00f3n: Nancy Palomino Ram\u00edrez Editorial: El derecho a la sexualidad e integridad del cuerpo como derechos humanosShirin Heidari Art\u00edculos: \u00bfPuede usarse una ley&#8230;<\/p>\n","protected":false},"author":1,"featured_media":409,"parent":0,"menu_order":0,"comment_status":"closed","ping_status":"closed","template":"","meta":{"om_disable_all_campaigns":false},"_links":{"self":[{"href":"https:\/\/diassere.org.pe\/index.php\/wp-json\/wp\/v2\/pages\/59"}],"collection":[{"href":"https:\/\/diassere.org.pe\/index.php\/wp-json\/wp\/v2\/pages"}],"about":[{"href":"https:\/\/diassere.org.pe\/index.php\/wp-json\/wp\/v2\/types\/page"}],"author":[{"embeddable":true,"href":"https:\/\/diassere.org.pe\/index.php\/wp-json\/wp\/v2\/users\/1"}],"replies":[{"embeddable":true,"href":"https:\/\/diassere.org.pe\/index.php\/wp-json\/wp\/v2\/comments?post=59"}],"version-history":[{"count":57,"href":"https:\/\/diassere.org.pe\/index.php\/wp-json\/wp\/v2\/pages\/59\/revisions"}],"predecessor-version":[{"id":868,"href":"https:\/\/diassere.org.pe\/index.php\/wp-json\/wp\/v2\/pages\/59\/revisions\/868"}],"wp:featuredmedia":[{"embeddable":true,"href":"https:\/\/diassere.org.pe\/index.php\/wp-json\/wp\/v2\/media\/409"}],"wp:attachment":[{"href":"https:\/\/diassere.org.pe\/index.php\/wp-json\/wp\/v2\/media?parent=59"}],"curies":[{"name":"wp","href":"https:\/\/api.w.org\/{rel}","templated":true}]}}