{"id":60,"date":"2009-04-24T23:38:54","date_gmt":"2009-04-24T23:38:54","guid":{"rendered":"https:\/\/demos.famethemes.com\/glow\/?page_id=60"},"modified":"2019-10-22T04:05:41","modified_gmt":"2019-10-22T04:05:41","slug":"mortalidad-y-morbilidad-materna-gestacion-mas-segura-para-las-mujeres","status":"publish","type":"page","link":"https:\/\/diassere.org.pe\/index.php\/mortalidad-y-morbilidad-materna-gestacion-mas-segura-para-las-mujeres\/","title":{"rendered":"Mortalidad y Morbilidad Materna: Gestaci\u00f3n m\u00e1s Segura para las Mujeres"},"content":{"rendered":"\n<p><img loading=\"lazy\" class=\"wp-image-409 size-medium alignleft\" src=\"\/wp-content\/uploads\/2019\/06\/RHM-5-revista-completo_001.png\" alt=\"\" width=\"300\" height=\"377\"><\/p>\n<p style=\"margin:2%\">Reproductive Health Matters en espa\u00f1ol, Universidad Peruana Cayetano Heredia, Lima, 2016.<\/p>\n<p><a href=\"\/wp-content\/uploads\/2019\/06\/rhm5.pdf\" target=\"_blank\" rel=\"noopener noreferrer\"><img loading=\"lazy\" src=\"\/wp-content\/uploads\/2019\/06\/833px-PDF_file_icon.svg_.png\" alt=\"\" width=\"50\" height=\"100\"> <span style=\"vertical-align:bottom\"> Ver pdf completo<\/span><\/a><\/p>\n<h4 style=\"margin: 3%\">Tabla de contenidos<\/h4>\n<h5 style=\"margin:2%\"><a href=\"\/wp-content\/uploads\/2019\/06\/rhm5_1.pdf\" target=\"_blank\" rel=\"noopener noreferrer\">Presentaci\u00f3n:<\/a><\/h5>\n<p style=\"margin:2%\">Nancy Palomino Ram\u00edrez<\/p>\n<h5 style=\"margin:2%\">Editorial:<\/h5>\n<p style=\"margin:2%\"><a href=\"\/wp-content\/uploads\/2019\/06\/rhm5_2.pdf\" target=\"_blank\" rel=\"noopener noreferrer\">Mortalidad y morbilidad materna: \u00bfla gestaci\u00f3n se ha vuelto m\u00e1s segura para las mujeres?<\/a><br><span style=\"font-size:90%; color:#938389\">Marge Berer<\/span><\/p>\n\n\n\n<h4 style=\"margin:2%\">Art\u00edculos:<\/h4>\n<p style=\"margin:3%\"><a href=\"\/wp-content\/uploads\/2019\/06\/rhm5_3.pdf\" target=\"_blank rel=\"noopener= noopener noreferrer\"\" noreferrer\"=\"\">Mortalidad materna y atenci\u00f3n materna de 1990 a 2005: logros desiguales pero importantes<\/a><br>\n<span style=\"font-size:90%; color:#938389\">Iqbal H Shah, Lale Say<\/span><\/p>\n<p style=\"margin:3%\"><a href=\"\/wp-content\/uploads\/2019\/06\/rhm5_4.pdf\" target=\"_blank rel=\"noopener= noopener noreferrer\"\" noreferrer\"=\"\">C\u00f3mo mejorar la salud materna: lograr que suceda lo que funciona<\/a><br>\n<span style=\"font-size:90%; color:#938389\">Loveday Penn-Kekana, Barbara McPake, Justin Parkhurst<\/span><\/p>\n<p style=\"margin:3%\"><a href=\"\/wp-content\/uploads\/2019\/06\/rhm5_5.pdf\" target=\"_blank rel=\"noopener= noopener noreferrer\"\" noreferrer\"=\"\">Investigaci\u00f3n sobre morbilidad materna severa y casos que casi conducen a la muerte en Brasil: lo que hemos aprendido<\/a><br>\n<span style=\"font-size:90%; color:#938389\">Jose Guilherme Cecatti, Joao Paulo Souza, Mary Angela Parpinelli, Maria Helena de Sousa, Eliana Amaral<\/span><\/p>\n<p style=\"margin:3%\"><a href=\"\/wp-content\/uploads\/2019\/06\/rhm5_6.pdf\" target=\"_blank rel=\"noopener= noopener noreferrer\"\" noreferrer\"=\"\">Muertes maternas mal clasificadas en inmigrantes de \u00c1frica oriental en Suecia<\/a><br>\n<span style=\"font-size:90%; color:#938389\">Karin Elebro, Mattias R\u00f6\u00f6st, Kontie Moussa, Sara Johnsdotter, Birgitta Ess\u00e9n<\/span><\/p>\n<p style=\"margin:3%\"><a href=\"\/wp-content\/uploads\/2019\/06\/rhm5_7.pdf\" target=\"_blank rel=\"noopener= noopener noreferrer\"\" noreferrer\"=\"\">Pol\u00edticas y pr\u00e1cticas del aborto en Chile: ambig\u00fcedades y dilemas<\/a><br>\n<span style=\"font-size:90%; color:#938389\">Bonnie L Shepard, Lidia Casas Becerra<\/span><\/p>\n<p style=\"margin:3%\"><a href=\"\/wp-content\/uploads\/2019\/06\/rhm5_8.pdf\" target=\"_blank rel=\"noopener= noopener noreferrer\"\" noreferrer\"=\"\">El aborto en la Espa\u00f1a democr\u00e1tica: la agenda pol\u00edtica parlamentaria 1979\u20132004<\/a><br>\n<span style=\"font-size:90%; color:#938389\">Bel\u00e9n Cambronero-Saiz, Mar\u00eda Teresa Ruiz Cantero, Carmen Vives-Cases, Mercedes Carrasco Porti\u00f1o<\/span><\/p>\n<p style=\"margin:3%\"><a href=\"\/wp-content\/uploads\/2019\/06\/rhm5_9.pdf\" target=\"_blank rel=\"noopener= noopener noreferrer\"\" noreferrer\"=\"\">La anticoncepci\u00f3n de emergencia es atacada en Am\u00e9rica Latina: la respuesta del sistema m\u00e9dico y la sociedad civil<\/a><br>\n<span style=\"font-size:90%; color:#938389\">An\u00edbal Fa\u00fandes, Luis T\u00e1vara, Vivian Brache, Frank Alvarez<\/span><\/p>\n<p style=\"margin:3%\"><a href=\"\/wp-content\/uploads\/2019\/06\/rhm5_10.pdf\" target=\"_blank rel=\"noopener= noopener noreferrer\"\" noreferrer\"=\"\">Extractos del fallo del tribunal constitucional que liberaliz\u00f3 el aborto en Colombia<\/a><br><span style=\"font-size:90%; color:#938389\">\nWomen\u2019s Link Worldwide<\/span><\/p>\n<p style=\"margin:3%\"><a href=\"\/wp-content\/uploads\/2019\/06\/rhm5_11.pdf\" target=\"_blank rel=\"noopener= noopener noreferrer\"\" noreferrer\"=\"\">La mercantilizaci\u00f3n de la ecograf\u00eda obst\u00e9trica en Hanoi, Vietnam<\/a><br><span style=\"font-size:90%; color:#938389\">\nTine Gammeltoft, Hanh Thi Thu\u00fd Nguyen<\/span><\/p>\n<p style=\"margin:3%\"><a href=\"\/wp-content\/uploads\/2019\/06\/rhm5_12.pdf\" target=\"_blank rel=\"noopener= noopener noreferrer\"\" noreferrer\"=\"\">An\u00e1lisis situacional de la calidad de atenci\u00f3n del aborto en el hospital principal de maternidad en Hai Phong, Vietnam<\/a><br><span style=\"font-size:90%; color:#938389\">\nMy Huong Nguyen, Tine Gammeltoft, Vibeke Rasch<\/span><\/p>\n<p style=\"margin:3%\"><a href=\"\/wp-content\/uploads\/2019\/06\/rhm5_13.pdf\" target=\"_blank rel=\"noopener= noopener noreferrer\"\" noreferrer\"=\"\">Los derechos a la salud sexual y reproductiva de las personas VIH positivas: paternidad y maternidad<\/a><br><span style=\"font-size:90%; color:#938389\">\nAluisio Cotrim Segurado, Vera Paiva<\/span><\/p>\n<p style=\"margin:3%\"><a href=\"\/wp-content\/uploads\/2019\/06\/rhm5_14.pdf\" target=\"_blank rel=\"noopener= noopener noreferrer\"\" noreferrer\"=\"\">\u00bf\u201cS\u00f3lo un pedacito\u201d? : la historia social de la circuncisi\u00f3n masculina<\/a><br><span style=\"font-size:90%; color:#938389\">\nPeter Aggleton<\/span><\/p>\n<div class=\"sfsi_widget sfsi_shortcode_container\"><div id=\"sfsi_wDiv\"><\/div><div class=\"norm_row sfsi_wDiv \"  style=\"width:225px;text-align:left;\"><div style='width:40px; height:40px;margin-left:5px;margin-bottom:30px; ' class='sfsi_wicons shuffeldiv ' ><div class='inerCnt'><a class=' sficn' data-effect='scale' target='_blank'  href='https:\/\/www.facebook.com\/temassaludsyr\/' id='sfsiid_facebook' style='opacity:1'  ><img data-pin-nopin='true' alt='Facebook' title='Facebook' src='https:\/\/diassere.org.pe\/wp-content\/plugins\/ultimate-social-media-icons\/images\/icons_theme\/default\/default_facebook.png' width='40' height='40' style='' class='sfcm sfsi_wicon ' data-effect='scale'   \/><\/a><div class=\"sfsi_tool_tip_2 fb_tool_bdr sfsiTlleft\" style=\"width:62px ;opacity:0;z-index:-1;margin-left:-47.5px;\" id=\"sfsiid_facebook\"><span class=\"bot_arow bot_fb_arow\"><\/span><div class=\"sfsi_inside\"><div  class='icon1'><a href='https:\/\/www.facebook.com\/temassaludsyr\/' target='_blank'><img data-pin-nopin='true' class='sfsi_wicon' alt='Facebook' title='Facebook' src='https:\/\/diassere.org.pe\/wp-content\/plugins\/ultimate-social-media-icons\/images\/visit_icons\/facebook.png'  \/><\/a><\/div><div  class='icon2'><div class=\"fb-like\" data-href=\"https:\/\/diassere.org.pe\/wp-json\/wp\/v2\/pages\/60\" data-layout=\"button\" data-action=\"like\" data-show-faces=\"false\" data-share=\"true\"><\/div><\/div><div  class='icon3'><a target='_blank' href='https:\/\/www.facebook.com\/sharer\/sharer.php?u=https%3A%2F%2Fdiassere.org.pe%2Fwp-json%2Fwp%2Fv2%2Fpages%2F60' style='display:inline-block;'  > <img class='sfsi_wicon'  data-pin-nopin='true' width='auto' height='auto' alt='fb-share-icon' title='Facebook Share' src='https:\/\/diassere.org.pe\/wp-content\/plugins\/ultimate-social-media-icons\/images\/visit_icons\/fbshare_bck.png'  \/><\/a><\/div><\/div><\/div><\/div><\/div><\/div ><div id=\"sfsi_holder\" class=\"sfsi_holders\" style=\"position: relative; float: left;width:100%;z-index:-1;\"><\/div ><script>window.addEventListener(\"sfsi_functions_loaded\", function() \n\t\t\t{\n\t\t\t\tif (typeof sfsi_widget_set == \"function\") {\n\t\t\t\t\tsfsi_widget_set();\n\t\t\t\t}\n\t\t\t}); window.addEventListener(\"sfsi_functions_loaded\",function(){var s = jQuery(\".sfsi_widget\");\n\t\t\t\t\tvar pos = s.position();            \n\t\t\t\t\tjQuery(window).scroll(function(){      \n\t\t\t\t\tsfsi_stick_widget(\"0\");\n\t\t }); }); <\/script><div style=\"clear: both;\"><\/div><\/div>\n","protected":false},"excerpt":{"rendered":"<p>Reproductive Health Matters en espa\u00f1ol, Universidad Peruana Cayetano Heredia, Lima, 2016. Ver pdf completo Tabla de contenidos Presentaci\u00f3n: Nancy Palomino Ram\u00edrez Editorial: Mortalidad y morbilidad materna: \u00bfla gestaci\u00f3n se ha vuelto m\u00e1s segura para las mujeres?Marge Berer Art\u00edculos: C\u00f3mo mejorar&#8230;<\/p>\n","protected":false},"author":3,"featured_media":476,"parent":0,"menu_order":0,"comment_status":"closed","ping_status":"closed","template":"","meta":{"om_disable_all_campaigns":false},"_links":{"self":[{"href":"https:\/\/diassere.org.pe\/index.php\/wp-json\/wp\/v2\/pages\/60"}],"collection":[{"href":"https:\/\/diassere.org.pe\/index.php\/wp-json\/wp\/v2\/pages"}],"about":[{"href":"https:\/\/diassere.org.pe\/index.php\/wp-json\/wp\/v2\/types\/page"}],"author":[{"embeddable":true,"href":"https:\/\/diassere.org.pe\/index.php\/wp-json\/wp\/v2\/users\/3"}],"replies":[{"embeddable":true,"href":"https:\/\/diassere.org.pe\/index.php\/wp-json\/wp\/v2\/comments?post=60"}],"version-history":[{"count":6,"href":"https:\/\/diassere.org.pe\/index.php\/wp-json\/wp\/v2\/pages\/60\/revisions"}],"predecessor-version":[{"id":887,"href":"https:\/\/diassere.org.pe\/index.php\/wp-json\/wp\/v2\/pages\/60\/revisions\/887"}],"wp:featuredmedia":[{"embeddable":true,"href":"https:\/\/diassere.org.pe\/index.php\/wp-json\/wp\/v2\/media\/476"}],"wp:attachment":[{"href":"https:\/\/diassere.org.pe\/index.php\/wp-json\/wp\/v2\/media?parent=60"}],"curies":[{"name":"wp","href":"https:\/\/api.w.org\/{rel}","templated":true}]}}