{"id":693,"date":"2009-06-28T06:47:05","date_gmt":"2009-06-28T06:47:05","guid":{"rendered":"http:\/\/dlozano.tk\/diassere\/?page_id=693"},"modified":"2019-10-22T03:50:46","modified_gmt":"2019-10-22T03:50:46","slug":"guia-educativa-masculinidad-y-violencia-familiar","status":"publish","type":"page","link":"https:\/\/diassere.org.pe\/index.php\/guia-educativa-masculinidad-y-violencia-familiar\/","title":{"rendered":"Gu\u00eda educativa \u201cMasculinidad y violencia familiar\u201d"},"content":{"rendered":"\n<table style=\"border: 0px;\" width=\"100%\">\n<tbody>\n<tr>\n<td style=\"border: 0px; text-align:left;\">\n<p><img loading=\"lazy\" class=\"wp-image-409 size-medium alignleft\" src=\"\/wp-content\/uploads\/2019\/06\/Guia-de-Masculinidad-y-violencia-Manuela-Ramos-01.png\" alt=\"\" width=\"300\" height=\"377\"><\/p>\n<p style=\"margin:2%\">Ramos Padilla Miguel, Lima: Movimiento Manuela Ramos,2009.<\/p>\n<p><a href=\"\/wp-content\/uploads\/2019\/06\/Guia-de-Masculinidad-y-violencia-Manuela-Ramos.pdf\" target=\"_blank\" rel=\"noopener noreferrer\"><img loading=\"lazy\" src=\"\/wp-content\/uploads\/2019\/06\/833px-PDF_file_icon.svg_.png\" alt=\"\" width=\"50\" height=\"100\"> <span style=\"vertical-align:bottom\"> Ver pdf completo<\/span><\/a><\/p>\n<h4 style=\"margin: 3%\">Resumen:<\/h4>\n<p style=\"margin:2%\">El Movimiento Manuela Ramos que viene trabajando desde hace tres d\u00e9cadas por la promoci\u00f3n y defensa de los derechos de las mujeres, reconoce que en esta tarea se requiere del desarrollo de nuevas estrategias y contenidos, por ello en este documento incorpora la masculinidad, como un aspecto crucial en la lucha contra la violencia hacia las mujeres, desde una perspectiva de g\u00e9nero. Pretendemos motivar la reflexi\u00f3n en torno a la construcci\u00f3n socio-cultural de la identidad y la sexualidad masculina, su relaci\u00f3n con la violencia hacia las mujeres y la posibilidad de detenerla. La elaboraci\u00f3n de esta gu\u00eda estuvo a cargo de Miguel Ramos Padilla, Coordinador del \u201cPrograma Hombres que Renuncian a su Violencia\u201d de la Universidad Peruana Cayetano Heredia; con un lenguaje claro y sencillo que permite potenciar su uso, para centrar la atenci\u00f3n sobre las relaciones de g\u00e9nero en nuestra sociedad y apostar por un mundo con equidad y sin violencia, donde hombres y mujeres podamos desarrollarnos plena y libremente.<\/p>\n<\/td>\n<\/tr>\n<\/tbody>\n<\/table>\n<div class=\"sfsi_widget sfsi_shortcode_container\"><div id=\"sfsi_wDiv\"><\/div><div class=\"norm_row sfsi_wDiv \"  style=\"width:225px;text-align:left;\"><div style='width:40px; height:40px;margin-left:5px;margin-bottom:30px; ' class='sfsi_wicons shuffeldiv ' ><div class='inerCnt'><a class=' sficn' data-effect='scale' target='_blank'  href='https:\/\/www.facebook.com\/temassaludsyr\/' id='sfsiid_facebook' style='opacity:1'  ><img data-pin-nopin='true' alt='Facebook' title='Facebook' src='https:\/\/diassere.org.pe\/wp-content\/plugins\/ultimate-social-media-icons\/images\/icons_theme\/default\/default_facebook.png' width='40' height='40' style='' class='sfcm sfsi_wicon ' data-effect='scale'   \/><\/a><div class=\"sfsi_tool_tip_2 fb_tool_bdr sfsiTlleft\" style=\"width:62px ;opacity:0;z-index:-1;margin-left:-47.5px;\" id=\"sfsiid_facebook\"><span class=\"bot_arow bot_fb_arow\"><\/span><div class=\"sfsi_inside\"><div  class='icon1'><a href='https:\/\/www.facebook.com\/temassaludsyr\/' target='_blank'><img data-pin-nopin='true' class='sfsi_wicon' alt='Facebook' title='Facebook' src='https:\/\/diassere.org.pe\/wp-content\/plugins\/ultimate-social-media-icons\/images\/visit_icons\/facebook.png'  \/><\/a><\/div><div  class='icon2'><div class=\"fb-like\" data-href=\"https:\/\/diassere.org.pe\/wp-json\/wp\/v2\/pages\/693\" data-layout=\"button\" data-action=\"like\" data-show-faces=\"false\" data-share=\"true\"><\/div><\/div><div  class='icon3'><a target='_blank' href='https:\/\/www.facebook.com\/sharer\/sharer.php?u=https%3A%2F%2Fdiassere.org.pe%2Fwp-json%2Fwp%2Fv2%2Fpages%2F693' style='display:inline-block;'  > <img class='sfsi_wicon'  data-pin-nopin='true' width='auto' height='auto' alt='fb-share-icon' title='Facebook Share' src='https:\/\/diassere.org.pe\/wp-content\/plugins\/ultimate-social-media-icons\/images\/visit_icons\/fbshare_bck.png'  \/><\/a><\/div><\/div><\/div><\/div><\/div><\/div ><div id=\"sfsi_holder\" class=\"sfsi_holders\" style=\"position: relative; float: left;width:100%;z-index:-1;\"><\/div ><script>window.addEventListener(\"sfsi_functions_loaded\", function() \n\t\t\t{\n\t\t\t\tif (typeof sfsi_widget_set == \"function\") {\n\t\t\t\t\tsfsi_widget_set();\n\t\t\t\t}\n\t\t\t}); window.addEventListener(\"sfsi_functions_loaded\",function(){var s = jQuery(\".sfsi_widget\");\n\t\t\t\t\tvar pos = s.position();            \n\t\t\t\t\tjQuery(window).scroll(function(){      \n\t\t\t\t\tsfsi_stick_widget(\"0\");\n\t\t }); }); <\/script><div style=\"clear: both;\"><\/div><\/div>\n","protected":false},"excerpt":{"rendered":"<p>Ramos Padilla Miguel, Lima: Movimiento Manuela Ramos,2009. Ver pdf completo Resumen: El Movimiento Manuela Ramos que viene trabajando desde hace tres d\u00e9cadas por la promoci\u00f3n y defensa de los derechos de las mujeres, reconoce que en esta tarea se requiere&#8230;<\/p>\n","protected":false},"author":1,"featured_media":732,"parent":0,"menu_order":0,"comment_status":"closed","ping_status":"closed","template":"","meta":{"om_disable_all_campaigns":false},"_links":{"self":[{"href":"https:\/\/diassere.org.pe\/index.php\/wp-json\/wp\/v2\/pages\/693"}],"collection":[{"href":"https:\/\/diassere.org.pe\/index.php\/wp-json\/wp\/v2\/pages"}],"about":[{"href":"https:\/\/diassere.org.pe\/index.php\/wp-json\/wp\/v2\/types\/page"}],"author":[{"embeddable":true,"href":"https:\/\/diassere.org.pe\/index.php\/wp-json\/wp\/v2\/users\/1"}],"replies":[{"embeddable":true,"href":"https:\/\/diassere.org.pe\/index.php\/wp-json\/wp\/v2\/comments?post=693"}],"version-history":[{"count":3,"href":"https:\/\/diassere.org.pe\/index.php\/wp-json\/wp\/v2\/pages\/693\/revisions"}],"predecessor-version":[{"id":876,"href":"https:\/\/diassere.org.pe\/index.php\/wp-json\/wp\/v2\/pages\/693\/revisions\/876"}],"wp:featuredmedia":[{"embeddable":true,"href":"https:\/\/diassere.org.pe\/index.php\/wp-json\/wp\/v2\/media\/732"}],"wp:attachment":[{"href":"https:\/\/diassere.org.pe\/index.php\/wp-json\/wp\/v2\/media?parent=693"}],"curies":[{"name":"wp","href":"https:\/\/api.w.org\/{rel}","templated":true}]}}