{"id":695,"date":"2006-06-28T07:02:53","date_gmt":"2006-06-28T07:02:53","guid":{"rendered":"http:\/\/dlozano.tk\/diassere\/?page_id=695"},"modified":"2019-10-22T04:03:03","modified_gmt":"2019-10-22T04:03:03","slug":"masculinidades-y-violencia-conyugal-experiencias-de-vida-de-hombres-de-sectores-populares-de-lima-y-cusco","status":"publish","type":"page","link":"https:\/\/diassere.org.pe\/index.php\/masculinidades-y-violencia-conyugal-experiencias-de-vida-de-hombres-de-sectores-populares-de-lima-y-cusco\/","title":{"rendered":"Masculinidades y violencia conyugal. Experiencias de vida de hombres de sectores populares de Lima y Cusco"},"content":{"rendered":"\n<table style=\"border: 0px;\" width=\"100%\">\n<tbody>\n<tr>\n<td style=\"border: 0px; text-align:left;\">\n<p><img loading=\"lazy\" class=\"wp-image-409 size-medium alignleft\" src=\"\/wp-content\/uploads\/2019\/06\/MASCULINIDADES-Y-VIOLENCIA-CONYUGAL.-MIGUEL-RAMOS-001.png\" alt=\"\" width=\"300\" height=\"377\"><\/p>\n<p style=\"margin:2%\">Ramos Padilla Miguel Angel, Lima: Universidad Peruana Cayetano Heredia,2006.<\/p>\n<p><a href=\"\/wp-content\/uploads\/2019\/06\/MASCULINIDADES-Y-VIOLENCIA-CONYUGAL.-MIGUEL-RAMOS.pdf\" target=\"_blank\" rel=\"noopener noreferrer\"><img loading=\"lazy\" src=\"\/wp-content\/uploads\/2019\/06\/833px-PDF_file_icon.svg_.png\" alt=\"\" width=\"50\" height=\"100\"> <span style=\"vertical-align:bottom\"> Ver pdf completo<\/span><\/a><\/p>\n<h4 style=\"margin: 3%\">Resumen:<\/h4>\n<p style=\"margin:2%\">Esta investigaci\u00f3n necesariamente parte de la perspectiva de g\u00e9nero con el fin de no dar una explicaci\u00f3n desde la patolog\u00eda o puramente psicol\u00f3gica, sino incluyendo las relaciones de poder que se establecen en la pareja. As\u00ed, la perspectiva de g\u00e9nero permite profundizar en las razones y las emociones de los hombres involucrados. El autor no se conforma con analizar las formas f\u00edsicas y sexuales de la violencia, sino que se aventura a analizar tambi\u00e9n las emocionales que suelen ser m\u00e1s dif\u00edciles de percibir pero que contribuyen a diversas formas de control de la pareja.<br>\nEl texto final logra una perspectiva de la historia particular de los entrevistados al recuperar los procesos de socializaci\u00f3n en especial en la familia y su relaci\u00f3n temprana con la violencia ya sea como v\u00edctima y\/o como testigo. Se intenta entender hasta qu\u00e9 punto estas experiencias sirven para predecir la violencia conyugal futura. El estudio tambi\u00e9n da buena cuenta de la trayectoria de la relaci\u00f3n de pareja y de lo que sucede en algunos de sus \u00e1mbitos m\u00e1s importantes como el trabajo econ\u00f3mico y dom\u00e9stico, la crianza, la sexualidad y la administraci\u00f3n de los recursos. Estas historias se dan dentro de un contexto sociocultural y econ\u00f3mico que el autor tambi\u00e9n busca recuperar y analizar en los contrastes y semejanzas que se dan entre los hombres del Cusco y los de Villa El Salvador.\n<\/p>\n<\/td>\n<\/tr>\n<\/tbody>\n<\/table>\n<div class=\"sfsi_widget sfsi_shortcode_container\"><div id=\"sfsi_wDiv\"><\/div><div class=\"norm_row sfsi_wDiv \"  style=\"width:225px;text-align:left;\"><div style='width:40px; height:40px;margin-left:5px;margin-bottom:30px; ' class='sfsi_wicons shuffeldiv ' ><div class='inerCnt'><a class=' sficn' data-effect='scale' target='_blank'  href='https:\/\/www.facebook.com\/temassaludsyr\/' id='sfsiid_facebook' style='opacity:1'  ><img data-pin-nopin='true' alt='Facebook' title='Facebook' src='https:\/\/diassere.org.pe\/wp-content\/plugins\/ultimate-social-media-icons\/images\/icons_theme\/default\/default_facebook.png' width='40' height='40' style='' class='sfcm sfsi_wicon ' data-effect='scale'   \/><\/a><div class=\"sfsi_tool_tip_2 fb_tool_bdr sfsiTlleft\" style=\"width:62px ;opacity:0;z-index:-1;margin-left:-47.5px;\" id=\"sfsiid_facebook\"><span class=\"bot_arow bot_fb_arow\"><\/span><div class=\"sfsi_inside\"><div  class='icon1'><a href='https:\/\/www.facebook.com\/temassaludsyr\/' target='_blank'><img data-pin-nopin='true' class='sfsi_wicon' alt='Facebook' title='Facebook' src='https:\/\/diassere.org.pe\/wp-content\/plugins\/ultimate-social-media-icons\/images\/visit_icons\/facebook.png'  \/><\/a><\/div><div  class='icon2'><div class=\"fb-like\" data-href=\"https:\/\/diassere.org.pe\/wp-json\/wp\/v2\/pages\/695\" data-layout=\"button\" data-action=\"like\" data-show-faces=\"false\" data-share=\"true\"><\/div><\/div><div  class='icon3'><a target='_blank' href='https:\/\/www.facebook.com\/sharer\/sharer.php?u=https%3A%2F%2Fdiassere.org.pe%2Fwp-json%2Fwp%2Fv2%2Fpages%2F695' style='display:inline-block;'  > <img class='sfsi_wicon'  data-pin-nopin='true' width='auto' height='auto' alt='fb-share-icon' title='Facebook Share' src='https:\/\/diassere.org.pe\/wp-content\/plugins\/ultimate-social-media-icons\/images\/visit_icons\/fbshare_bck.png'  \/><\/a><\/div><\/div><\/div><\/div><\/div><\/div ><div id=\"sfsi_holder\" class=\"sfsi_holders\" style=\"position: relative; float: left;width:100%;z-index:-1;\"><\/div ><script>window.addEventListener(\"sfsi_functions_loaded\", function() \n\t\t\t{\n\t\t\t\tif (typeof sfsi_widget_set == \"function\") {\n\t\t\t\t\tsfsi_widget_set();\n\t\t\t\t}\n\t\t\t}); window.addEventListener(\"sfsi_functions_loaded\",function(){var s = jQuery(\".sfsi_widget\");\n\t\t\t\t\tvar pos = s.position();            \n\t\t\t\t\tjQuery(window).scroll(function(){      \n\t\t\t\t\tsfsi_stick_widget(\"0\");\n\t\t }); }); <\/script><div style=\"clear: both;\"><\/div><\/div>\n","protected":false},"excerpt":{"rendered":"<p>Ramos Padilla Miguel Angel, Lima: Universidad Peruana Cayetano Heredia,2006. Ver pdf completo Resumen: Esta investigaci\u00f3n necesariamente parte de la perspectiva de g\u00e9nero con el fin de no dar una explicaci\u00f3n desde la patolog\u00eda o puramente psicol\u00f3gica, sino incluyendo las relaciones&#8230;<\/p>\n","protected":false},"author":1,"featured_media":686,"parent":0,"menu_order":0,"comment_status":"closed","ping_status":"closed","template":"","meta":{"om_disable_all_campaigns":false},"_links":{"self":[{"href":"https:\/\/diassere.org.pe\/index.php\/wp-json\/wp\/v2\/pages\/695"}],"collection":[{"href":"https:\/\/diassere.org.pe\/index.php\/wp-json\/wp\/v2\/pages"}],"about":[{"href":"https:\/\/diassere.org.pe\/index.php\/wp-json\/wp\/v2\/types\/page"}],"author":[{"embeddable":true,"href":"https:\/\/diassere.org.pe\/index.php\/wp-json\/wp\/v2\/users\/1"}],"replies":[{"embeddable":true,"href":"https:\/\/diassere.org.pe\/index.php\/wp-json\/wp\/v2\/comments?post=695"}],"version-history":[{"count":3,"href":"https:\/\/diassere.org.pe\/index.php\/wp-json\/wp\/v2\/pages\/695\/revisions"}],"predecessor-version":[{"id":886,"href":"https:\/\/diassere.org.pe\/index.php\/wp-json\/wp\/v2\/pages\/695\/revisions\/886"}],"wp:featuredmedia":[{"embeddable":true,"href":"https:\/\/diassere.org.pe\/index.php\/wp-json\/wp\/v2\/media\/686"}],"wp:attachment":[{"href":"https:\/\/diassere.org.pe\/index.php\/wp-json\/wp\/v2\/media?parent=695"}],"curies":[{"name":"wp","href":"https:\/\/api.w.org\/{rel}","templated":true}]}}