{"id":708,"date":"2005-06-28T14:26:36","date_gmt":"2005-06-28T14:26:36","guid":{"rendered":"http:\/\/dlozano.tk\/diassere\/?page_id=708"},"modified":"2019-10-22T03:56:25","modified_gmt":"2019-10-22T03:56:25","slug":"la-masculinidad-en-el-envejecimiento-vivencias-de-la-vejez-de-varones-de-una-zona-popular-de-lima","status":"publish","type":"page","link":"https:\/\/diassere.org.pe\/index.php\/la-masculinidad-en-el-envejecimiento-vivencias-de-la-vejez-de-varones-de-una-zona-popular-de-lima\/","title":{"rendered":"La masculinidad en el envejecimiento. Vivencias de la vejez de varones de una zona popular de Lima"},"content":{"rendered":"\n<table style=\"border: 0px;\" width=\"100%\">\n<tbody>\n<tr>\n<td style=\"border: 0px; text-align:left;\">\n<p><img loading=\"lazy\" class=\"wp-image-409 size-medium alignleft\" src=\"\/wp-content\/uploads\/2019\/06\/La-Masculinidad-en-el-Envejecimiento-01.png\" alt=\"\" width=\"300\" height=\"377\"><\/p>\n<p style=\"margin:2%\">Ramos Padilla Miguel, Lima: Asociaci\u00f3n Peruana de Demograf\u00eda y Poblaci\u00f3n, Fondo de Poblaci\u00f3n de las Naciones Unidas, 2005.<\/p>\n<p><a href=\"\/wp-content\/uploads\/2019\/06\/La-Masculinidad-en-el-Envejecimiento.pdf\" target=\"_blank\" rel=\"noopener noreferrer\"><img loading=\"lazy\" src=\"\/wp-content\/uploads\/2019\/06\/833px-PDF_file_icon.svg_.png\" alt=\"\" width=\"50\" height=\"100\"> <span style=\"vertical-align:bottom\"> Ver pdf completo<\/span><\/a><\/p>\n<h4 style=\"margin: 3%\">Resumen:<\/h4>\n<p style=\"margin:2%\">Con el presente estudio queremos indagar, a partir de las percepciones de un grupo de varones adultos mayores, por algunos elementos de la realidad actual de este sector poblacional y la de sus familias en las zonas populares de una ciudad como Lima. As\u00ed, nos proponemos no solo ubicar los problemas m\u00e1s \u00e1lgidos sino tambi\u00e9n encontrar las potencialidades de la propia poblaci\u00f3n para hallar respuestas acordes con nuestra realidad.<br>\nPor otro lado, la revisi\u00f3n de diversos estudios acerca de la manera como hombres y mujeres viven su condici\u00f3n de tales nos permite descubrir una serie de aspectos socioculturales en la construcci\u00f3n de las identidades masculina y femenina y que podr\u00edan incrementar el malestar de los hogares donde habita un adulto mayor, en contextos de pobreza. Se trata principalmente de algunos rasgos de la masculinidad hegem\u00f3nica que colisionan con las caracter\u00edsticas propias de esta etapa de la vida, pues constituyen una ruptura abrupta con el pasado, sobre todo con la p\u00e9rdida de roles tan preciados como el de proveedor y el de autoridad patriarcal en el hogar, que son el quid de la valoraci\u00f3n social como hombre. Adem\u00e1s, si se toma en cuenta que el \u00e1mbito dom\u00e9stico no ha sido el centro de las actividades productivas, atribuidas por lo general a los varones, y que los quehaceres del hogar no han estado tradicionalmente a su cargo, \u00bfqu\u00e9 ocurre luego del cese laboral, cuando gran parte de su tiempo deben pasarlo en el hogar?\n<\/p>\n<\/td>\n<\/tr>\n<\/tbody>\n<\/table>\n<div class=\"sfsi_widget sfsi_shortcode_container\"><div id=\"sfsi_wDiv\"><\/div><div class=\"norm_row sfsi_wDiv \"  style=\"width:225px;text-align:left;\"><div style='width:40px; height:40px;margin-left:5px;margin-bottom:30px; ' class='sfsi_wicons shuffeldiv ' ><div class='inerCnt'><a class=' sficn' data-effect='scale' target='_blank'  href='https:\/\/www.facebook.com\/temassaludsyr\/' id='sfsiid_facebook' style='opacity:1'  ><img data-pin-nopin='true' alt='Facebook' title='Facebook' src='https:\/\/diassere.org.pe\/wp-content\/plugins\/ultimate-social-media-icons\/images\/icons_theme\/default\/default_facebook.png' width='40' height='40' style='' class='sfcm sfsi_wicon ' data-effect='scale'   \/><\/a><div class=\"sfsi_tool_tip_2 fb_tool_bdr sfsiTlleft\" style=\"width:62px ;opacity:0;z-index:-1;margin-left:-47.5px;\" id=\"sfsiid_facebook\"><span class=\"bot_arow bot_fb_arow\"><\/span><div class=\"sfsi_inside\"><div  class='icon1'><a href='https:\/\/www.facebook.com\/temassaludsyr\/' target='_blank'><img data-pin-nopin='true' class='sfsi_wicon' alt='Facebook' title='Facebook' src='https:\/\/diassere.org.pe\/wp-content\/plugins\/ultimate-social-media-icons\/images\/visit_icons\/facebook.png'  \/><\/a><\/div><div  class='icon2'><div class=\"fb-like\" data-href=\"https:\/\/diassere.org.pe\/wp-json\/wp\/v2\/pages\/708\" data-layout=\"button\" data-action=\"like\" data-show-faces=\"false\" data-share=\"true\"><\/div><\/div><div  class='icon3'><a target='_blank' href='https:\/\/www.facebook.com\/sharer\/sharer.php?u=https%3A%2F%2Fdiassere.org.pe%2Fwp-json%2Fwp%2Fv2%2Fpages%2F708' style='display:inline-block;'  > <img class='sfsi_wicon'  data-pin-nopin='true' width='auto' height='auto' alt='fb-share-icon' title='Facebook Share' src='https:\/\/diassere.org.pe\/wp-content\/plugins\/ultimate-social-media-icons\/images\/visit_icons\/fbshare_bck.png'  \/><\/a><\/div><\/div><\/div><\/div><\/div><\/div ><div id=\"sfsi_holder\" class=\"sfsi_holders\" style=\"position: relative; float: left;width:100%;z-index:-1;\"><\/div ><script>window.addEventListener(\"sfsi_functions_loaded\", function() \n\t\t\t{\n\t\t\t\tif (typeof sfsi_widget_set == \"function\") {\n\t\t\t\t\tsfsi_widget_set();\n\t\t\t\t}\n\t\t\t}); window.addEventListener(\"sfsi_functions_loaded\",function(){var s = jQuery(\".sfsi_widget\");\n\t\t\t\t\tvar pos = s.position();            \n\t\t\t\t\tjQuery(window).scroll(function(){      \n\t\t\t\t\tsfsi_stick_widget(\"0\");\n\t\t }); }); <\/script><div style=\"clear: both;\"><\/div><\/div>\n","protected":false},"excerpt":{"rendered":"<p>Ramos Padilla Miguel, Lima: Asociaci\u00f3n Peruana de Demograf\u00eda y Poblaci\u00f3n, Fondo de Poblaci\u00f3n de las Naciones Unidas, 2005. Ver pdf completo Resumen: Con el presente estudio queremos indagar, a partir de las percepciones de un grupo de varones adultos mayores,&#8230;<\/p>\n","protected":false},"author":1,"featured_media":733,"parent":0,"menu_order":0,"comment_status":"closed","ping_status":"closed","template":"","meta":{"om_disable_all_campaigns":false},"_links":{"self":[{"href":"https:\/\/diassere.org.pe\/index.php\/wp-json\/wp\/v2\/pages\/708"}],"collection":[{"href":"https:\/\/diassere.org.pe\/index.php\/wp-json\/wp\/v2\/pages"}],"about":[{"href":"https:\/\/diassere.org.pe\/index.php\/wp-json\/wp\/v2\/types\/page"}],"author":[{"embeddable":true,"href":"https:\/\/diassere.org.pe\/index.php\/wp-json\/wp\/v2\/users\/1"}],"replies":[{"embeddable":true,"href":"https:\/\/diassere.org.pe\/index.php\/wp-json\/wp\/v2\/comments?post=708"}],"version-history":[{"count":2,"href":"https:\/\/diassere.org.pe\/index.php\/wp-json\/wp\/v2\/pages\/708\/revisions"}],"predecessor-version":[{"id":880,"href":"https:\/\/diassere.org.pe\/index.php\/wp-json\/wp\/v2\/pages\/708\/revisions\/880"}],"wp:featuredmedia":[{"embeddable":true,"href":"https:\/\/diassere.org.pe\/index.php\/wp-json\/wp\/v2\/media\/733"}],"wp:attachment":[{"href":"https:\/\/diassere.org.pe\/index.php\/wp-json\/wp\/v2\/media?parent=708"}],"curies":[{"name":"wp","href":"https:\/\/api.w.org\/{rel}","templated":true}]}}