{"id":727,"date":"2018-10-28T16:44:25","date_gmt":"2018-10-28T16:44:25","guid":{"rendered":"http:\/\/dlozano.tk\/diassere\/?page_id=727"},"modified":"2019-10-22T04:09:16","modified_gmt":"2019-10-22T04:09:16","slug":"por-el-bien-de-la-nacion-discursos-cientificos-en-favor-de-la-medicalizacion-del-parto-en-el-peru-1900-1940","status":"publish","type":"page","link":"https:\/\/diassere.org.pe\/index.php\/por-el-bien-de-la-nacion-discursos-cientificos-en-favor-de-la-medicalizacion-del-parto-en-el-peru-1900-1940\/","title":{"rendered":"Por el bien de la naci\u00f3n: discursos cient\u00edficos en favor de la medicalizaci\u00f3n del parto en el Per\u00fa (1900-1940)"},"content":{"rendered":"\n<table style=\"border: 0px;\" width=\"100%\">\n<tbody>\n<tr>\n<td style=\"border: 0px; text-align:left;\">\n<p><img loading=\"lazy\" class=\"wp-image-409 size-medium alignleft\" src=\"\/wp-content\/uploads\/2019\/06\/Por-el-bien-de-la-naci\u00f3n-medicalizaci\u00f3n-parto-0104-5970-hcsm-25-04-0943-01.png\" alt=\"\" width=\"300\" height=\"377\"><\/p>\n<p style=\"margin:2%\">Lossio J, Igui\u00f1iz-Romero R, Robles P. <br>En: Hist\u00f3ria, Ci\u00eancias, Sa\u00fade \u2013 Manguinhos, N.4 V.25 (octubre- diciembre 2018).<\/p>\n<p><a href=\"\/wp-content\/uploads\/2019\/06\/Por-el-bien-de-la-naci\u00f3n-medicalizaci\u00f3n-parto-0104-5970-hcsm-25-04-0943-1.pdf\" target=\"_blank\" rel=\"noopener noreferrer\"><img loading=\"lazy\" src=\"\/wp-content\/uploads\/2019\/06\/833px-PDF_file_icon.svg_.png\" alt=\"\" width=\"50\" height=\"100\"> <span style=\"vertical-align:bottom\"> Ver pdf completo<\/span><\/a><\/p>\n<h4 style=\"margin: 3%\">Resumen:<\/h4>\n<p style=\"margin:2%\">A lo largo del siglo XX se sucedi\u00f3 una serie de cambios en la forma de concebir el parto que pas\u00f3 de ser un fen\u00f3meno reproductivo natural propio del \u00e1mbito dom\u00e9stico y femenino a un asunto m\u00e9dico y profesional del \u00e1mbito institucional. A trav\u00e9s de procedimientos como el uso de anestesia, la ces\u00e1rea, el ultrasonido y otras intervenciones t\u00e9cnico-cient\u00edficas se han generado r\u00e1pidas e importantes mejoras y cambios para la salud y vida de la sociedad y las mujeres. La medicalizaci\u00f3n del parto a comienzos del siglo XX fue parte de un proceso m\u00e1s amplio de construcci\u00f3n del Estado e institucionalizaci\u00f3n del patriarcado com\u00fan en la regi\u00f3n.<\/p>\n<\/td>\n<\/tr>\n<\/tbody>\n<\/table>\n<div class=\"sfsi_widget sfsi_shortcode_container\"><div id=\"sfsi_wDiv\"><\/div><div class=\"norm_row sfsi_wDiv \"  style=\"width:225px;text-align:left;\"><div style='width:40px; height:40px;margin-left:5px;margin-bottom:30px; ' class='sfsi_wicons shuffeldiv ' ><div class='inerCnt'><a class=' sficn' data-effect='scale' target='_blank'  href='https:\/\/www.facebook.com\/temassaludsyr\/' id='sfsiid_facebook' style='opacity:1'  ><img data-pin-nopin='true' alt='Facebook' title='Facebook' src='https:\/\/diassere.org.pe\/wp-content\/plugins\/ultimate-social-media-icons\/images\/icons_theme\/default\/default_facebook.png' width='40' height='40' style='' class='sfcm sfsi_wicon ' data-effect='scale'   \/><\/a><div class=\"sfsi_tool_tip_2 fb_tool_bdr sfsiTlleft\" style=\"width:62px ;opacity:0;z-index:-1;margin-left:-47.5px;\" id=\"sfsiid_facebook\"><span class=\"bot_arow bot_fb_arow\"><\/span><div class=\"sfsi_inside\"><div  class='icon1'><a href='https:\/\/www.facebook.com\/temassaludsyr\/' target='_blank'><img data-pin-nopin='true' class='sfsi_wicon' alt='Facebook' title='Facebook' src='https:\/\/diassere.org.pe\/wp-content\/plugins\/ultimate-social-media-icons\/images\/visit_icons\/facebook.png'  \/><\/a><\/div><div  class='icon2'><div class=\"fb-like\" data-href=\"https:\/\/diassere.org.pe\/wp-json\/wp\/v2\/pages\/727\" data-layout=\"button\" data-action=\"like\" data-show-faces=\"false\" data-share=\"true\"><\/div><\/div><div  class='icon3'><a target='_blank' href='https:\/\/www.facebook.com\/sharer\/sharer.php?u=https%3A%2F%2Fdiassere.org.pe%2Fwp-json%2Fwp%2Fv2%2Fpages%2F727' style='display:inline-block;'  > <img class='sfsi_wicon'  data-pin-nopin='true' width='auto' height='auto' alt='fb-share-icon' title='Facebook Share' src='https:\/\/diassere.org.pe\/wp-content\/plugins\/ultimate-social-media-icons\/images\/visit_icons\/fbshare_bck.png'  \/><\/a><\/div><\/div><\/div><\/div><\/div><\/div ><div id=\"sfsi_holder\" class=\"sfsi_holders\" style=\"position: relative; float: left;width:100%;z-index:-1;\"><\/div ><script>window.addEventListener(\"sfsi_functions_loaded\", function() \n\t\t\t{\n\t\t\t\tif (typeof sfsi_widget_set == \"function\") {\n\t\t\t\t\tsfsi_widget_set();\n\t\t\t\t}\n\t\t\t}); window.addEventListener(\"sfsi_functions_loaded\",function(){var s = jQuery(\".sfsi_widget\");\n\t\t\t\t\tvar pos = s.position();            \n\t\t\t\t\tjQuery(window).scroll(function(){      \n\t\t\t\t\tsfsi_stick_widget(\"0\");\n\t\t }); }); <\/script><div style=\"clear: both;\"><\/div><\/div>\n","protected":false},"excerpt":{"rendered":"<p>Lossio J, Igui\u00f1iz-Romero R, Robles P. En: Hist\u00f3ria, Ci\u00eancias, Sa\u00fade \u2013 Manguinhos, N.4 V.25 (octubre- diciembre 2018). Ver pdf completo Resumen: A lo largo del siglo XX se sucedi\u00f3 una serie de cambios en la forma de concebir el parto&#8230;<\/p>\n","protected":false},"author":1,"featured_media":839,"parent":0,"menu_order":0,"comment_status":"closed","ping_status":"closed","template":"","meta":{"om_disable_all_campaigns":false},"_links":{"self":[{"href":"https:\/\/diassere.org.pe\/index.php\/wp-json\/wp\/v2\/pages\/727"}],"collection":[{"href":"https:\/\/diassere.org.pe\/index.php\/wp-json\/wp\/v2\/pages"}],"about":[{"href":"https:\/\/diassere.org.pe\/index.php\/wp-json\/wp\/v2\/types\/page"}],"author":[{"embeddable":true,"href":"https:\/\/diassere.org.pe\/index.php\/wp-json\/wp\/v2\/users\/1"}],"replies":[{"embeddable":true,"href":"https:\/\/diassere.org.pe\/index.php\/wp-json\/wp\/v2\/comments?post=727"}],"version-history":[{"count":3,"href":"https:\/\/diassere.org.pe\/index.php\/wp-json\/wp\/v2\/pages\/727\/revisions"}],"predecessor-version":[{"id":889,"href":"https:\/\/diassere.org.pe\/index.php\/wp-json\/wp\/v2\/pages\/727\/revisions\/889"}],"wp:featuredmedia":[{"embeddable":true,"href":"https:\/\/diassere.org.pe\/index.php\/wp-json\/wp\/v2\/media\/839"}],"wp:attachment":[{"href":"https:\/\/diassere.org.pe\/index.php\/wp-json\/wp\/v2\/media?parent=727"}],"curies":[{"name":"wp","href":"https:\/\/api.w.org\/{rel}","templated":true}]}}