{"id":740,"date":"2012-01-01T19:46:16","date_gmt":"2012-01-01T19:46:16","guid":{"rendered":"http:\/\/dlozano.tk\/diassere\/?page_id=740"},"modified":"2019-10-22T03:47:11","modified_gmt":"2019-10-22T03:47:11","slug":"el-consentimiento-informado-en-dos-servicios-publicos-de-tratamiento-del-cancer","status":"publish","type":"page","link":"https:\/\/diassere.org.pe\/index.php\/el-consentimiento-informado-en-dos-servicios-publicos-de-tratamiento-del-cancer\/","title":{"rendered":"El consentimiento informado en dos servicios p\u00fablicos de tratamiento del c\u00e1ncer"},"content":{"rendered":"\n<table style=\"border: 0px;\" width=\"100%\">\n<tbody>\n<tr>\n<td style=\"border: 0px; text-align:left;\">\n<p><img loading=\"lazy\" class=\"wp-image-409 size-medium alignleft\" src=\"\/wp-content\/uploads\/2019\/06\/INT_-CANCER-02.png\" alt=\"\" width=\"300\" height=\"377\"><\/p>\n<p style=\"margin:2%\">Salazar, Ximena; Sandoval, Clara;  Igui\u00f1iz, Ruth <br>En: Promoviendo el derecho a la salud de los m\u00e1s pobres: Cinco estudios de inter\u00e9s. Lima: CIES.<\/p>\n<p><a href=\"\/wp-content\/uploads\/2019\/06\/INT_-CANCER-1.pdf\" target=\"_blank\" rel=\"noopener noreferrer\"><img loading=\"lazy\" src=\"\/wp-content\/uploads\/2019\/06\/833px-PDF_file_icon.svg_.png\" alt=\"\" width=\"50\" height=\"100\"> <span style=\"vertical-align:bottom\"> Ver pdf completo<\/span><\/a><\/p>\n<h4 style=\"margin: 3%\">Resumen:<\/h4>\n<p style=\"margin:2%\">El c\u00e1ncer, adem\u00e1s de ser una enfermedad con diversas complejidades, posee en nuestra sociedad una fuerte asociaci\u00f3n con la muerte y genera un profundo impacto emocional en quienes lo sufren, al mismo tiempo que abarca y compromete tambi\u00e9n a la familia de la persona enferma. Por estas razones, el consentimiento informado se constituye en un instrumento crucial para el ejercicio de los derechos en el \u00e1mbito de la salud, especialmente ligado al derecho a la informaci\u00f3n, adem\u00e1s de erigirse, paralelamente, en un deber \u00e9tico de los servidores de la salud y en una herramienta para fomentar la autodeterminaci\u00f3n y la libre decisi\u00f3n de cada usuario.<br>\nEl presente estudio trata justamente sobre las ventajas que puede tener una aproximaci\u00f3n comprehensiva hacia la bio\u00e9tica por parte de los hospitales y de los profesionales de la medicina a fin de proteger la vida y la salud de las personas enfermas y de sus familias.\n<\/p>\n<\/td>\n<\/tr>\n<\/tbody>\n<\/table>\n<div class=\"sfsi_widget sfsi_shortcode_container\"><div id=\"sfsi_wDiv\"><\/div><div class=\"norm_row sfsi_wDiv \"  style=\"width:225px;text-align:left;\"><div style='width:40px; height:40px;margin-left:5px;margin-bottom:30px; ' class='sfsi_wicons shuffeldiv ' ><div class='inerCnt'><a class=' sficn' data-effect='scale' target='_blank'  href='https:\/\/www.facebook.com\/temassaludsyr\/' id='sfsiid_facebook' style='opacity:1'  ><img data-pin-nopin='true' alt='Facebook' title='Facebook' src='https:\/\/diassere.org.pe\/wp-content\/plugins\/ultimate-social-media-icons\/images\/icons_theme\/default\/default_facebook.png' width='40' height='40' style='' class='sfcm sfsi_wicon ' data-effect='scale'   \/><\/a><div class=\"sfsi_tool_tip_2 fb_tool_bdr sfsiTlleft\" style=\"width:62px ;opacity:0;z-index:-1;margin-left:-47.5px;\" id=\"sfsiid_facebook\"><span class=\"bot_arow bot_fb_arow\"><\/span><div class=\"sfsi_inside\"><div  class='icon1'><a href='https:\/\/www.facebook.com\/temassaludsyr\/' target='_blank'><img data-pin-nopin='true' class='sfsi_wicon' alt='Facebook' title='Facebook' src='https:\/\/diassere.org.pe\/wp-content\/plugins\/ultimate-social-media-icons\/images\/visit_icons\/facebook.png'  \/><\/a><\/div><div  class='icon2'><div class=\"fb-like\" data-href=\"https:\/\/diassere.org.pe\/wp-json\/wp\/v2\/pages\/740\" data-layout=\"button\" data-action=\"like\" data-show-faces=\"false\" data-share=\"true\"><\/div><\/div><div  class='icon3'><a target='_blank' href='https:\/\/www.facebook.com\/sharer\/sharer.php?u=https%3A%2F%2Fdiassere.org.pe%2Fwp-json%2Fwp%2Fv2%2Fpages%2F740' style='display:inline-block;'  > <img class='sfsi_wicon'  data-pin-nopin='true' width='auto' height='auto' alt='fb-share-icon' title='Facebook Share' src='https:\/\/diassere.org.pe\/wp-content\/plugins\/ultimate-social-media-icons\/images\/visit_icons\/fbshare_bck.png'  \/><\/a><\/div><\/div><\/div><\/div><\/div><\/div ><div id=\"sfsi_holder\" class=\"sfsi_holders\" style=\"position: relative; float: left;width:100%;z-index:-1;\"><\/div ><script>window.addEventListener(\"sfsi_functions_loaded\", function() \n\t\t\t{\n\t\t\t\tif (typeof sfsi_widget_set == \"function\") {\n\t\t\t\t\tsfsi_widget_set();\n\t\t\t\t}\n\t\t\t}); window.addEventListener(\"sfsi_functions_loaded\",function(){var s = jQuery(\".sfsi_widget\");\n\t\t\t\t\tvar pos = s.position();            \n\t\t\t\t\tjQuery(window).scroll(function(){      \n\t\t\t\t\tsfsi_stick_widget(\"0\");\n\t\t }); }); <\/script><div style=\"clear: both;\"><\/div><\/div>\n","protected":false},"excerpt":{"rendered":"<p>Salazar, Ximena; Sandoval, Clara; Igui\u00f1iz, Ruth En: Promoviendo el derecho a la salud de los m\u00e1s pobres: Cinco estudios de inter\u00e9s. Lima: CIES. Ver pdf completo Resumen: El c\u00e1ncer, adem\u00e1s de ser una enfermedad con diversas complejidades, posee en nuestra&#8230;<\/p>\n","protected":false},"author":1,"featured_media":844,"parent":0,"menu_order":0,"comment_status":"closed","ping_status":"closed","template":"","meta":{"om_disable_all_campaigns":false},"_links":{"self":[{"href":"https:\/\/diassere.org.pe\/index.php\/wp-json\/wp\/v2\/pages\/740"}],"collection":[{"href":"https:\/\/diassere.org.pe\/index.php\/wp-json\/wp\/v2\/pages"}],"about":[{"href":"https:\/\/diassere.org.pe\/index.php\/wp-json\/wp\/v2\/types\/page"}],"author":[{"embeddable":true,"href":"https:\/\/diassere.org.pe\/index.php\/wp-json\/wp\/v2\/users\/1"}],"replies":[{"embeddable":true,"href":"https:\/\/diassere.org.pe\/index.php\/wp-json\/wp\/v2\/comments?post=740"}],"version-history":[{"count":3,"href":"https:\/\/diassere.org.pe\/index.php\/wp-json\/wp\/v2\/pages\/740\/revisions"}],"predecessor-version":[{"id":874,"href":"https:\/\/diassere.org.pe\/index.php\/wp-json\/wp\/v2\/pages\/740\/revisions\/874"}],"wp:featuredmedia":[{"embeddable":true,"href":"https:\/\/diassere.org.pe\/index.php\/wp-json\/wp\/v2\/media\/844"}],"wp:attachment":[{"href":"https:\/\/diassere.org.pe\/index.php\/wp-json\/wp\/v2\/media?parent=740"}],"curies":[{"name":"wp","href":"https:\/\/api.w.org\/{rel}","templated":true}]}}