{"id":743,"date":"2015-01-01T19:48:31","date_gmt":"2015-01-01T19:48:31","guid":{"rendered":"http:\/\/dlozano.tk\/diassere\/?page_id=743"},"modified":"2019-10-22T04:15:13","modified_gmt":"2019-10-22T04:15:13","slug":"reduciendo-las-inequidades-en-salud-y-mejorando-la-salud-materna-mediante-la-mejora-de-los-sistemas-de-informacion-en-salud-wawared-peru","status":"publish","type":"page","link":"https:\/\/diassere.org.pe\/index.php\/reduciendo-las-inequidades-en-salud-y-mejorando-la-salud-materna-mediante-la-mejora-de-los-sistemas-de-informacion-en-salud-wawared-peru\/","title":{"rendered":"Reduciendo las Inequidades en Salud y Mejorando la Salud Materna Mediante la Mejora de los Sistemas de Informaci\u00f3n en Salud: Wawared Per\u00fa"},"content":{"rendered":"\n<table style=\"border: 0px;\" width=\"100%\">\n<tbody>\n<tr>\n<td style=\"border: 0px; text-align:left;\">\n<p><img loading=\"lazy\" class=\"wp-image-409 size-medium alignleft\" src=\"\/wp-content\/uploads\/2019\/06\/Perez-Lu-Igui\u00f1iz-etal-wawared-1.png\" alt=\"\" width=\"300\" height=\"377\"><\/p>\n<p style=\"margin:2%\">P\u00e9rez-Lu J, Igui\u00f1iz R, Bayer A, Garc\u00eda PJ <br>En: Rev Peru Med Exp Salud P\u00fablica 2015, 32(2): 373-377.<\/p>\n<p><a href=\"\/wp-content\/uploads\/2019\/06\/Perez-Lu-Igui\u00f1iz-etal-wawared-1.pdf\" target=\"_blank\" rel=\"noopener noreferrer\"><img loading=\"lazy\" src=\"\/wp-content\/uploads\/2019\/06\/833px-PDF_file_icon.svg_.png\" alt=\"\" width=\"50\" height=\"100\"> <span style=\"vertical-align:bottom\"> Ver pdf completo<\/span><\/a><\/p>\n<h4 style=\"margin: 3%\">Resumen:<\/h4>\n<p style=\"margin:2%\">En los pa\u00edses en desarrollo no existen datos de calidad para apoyar la toma de decisiones y la gobernanza, debido a inadecuados procesos de colecci\u00f3n y transmisi\u00f3n de informaci\u00f3n. Nuestro proyecto WawaRed-Per\u00fa: \u201cReduciendo las inequidades en salud y mejorando la salud materna mediante la mejora de los sistemas de informaci\u00f3n en salud\u201d propone mejorar los procesos e indicadores de salud materna a trav\u00e9s de la implementaci\u00f3n de est\u00e1ndares de interoperabilidad en los sistemas de informaci\u00f3n de salud materna para que los tomadores de decisi\u00f3n tengan informaci\u00f3n oportuna y de calidad. Con esto se desea apoyar a desarrollar mejores pol\u00edticas de salud y, a su vez, contribuir a disminuir los problemas de equidad en salud de las mujeres peruanas, y potencialmente las mujeres de otros pa\u00edses en desarrollo.<br> \nEl objetivo de este art\u00edculo es presentar la situaci\u00f3n actual de los sistemas de informaci\u00f3n de salud materna en el Per\u00fa.<\/p>\n<\/td>\n<\/tr>\n<\/tbody>\n<\/table>\n<div class=\"sfsi_widget sfsi_shortcode_container\"><div id=\"sfsi_wDiv\"><\/div><div class=\"norm_row sfsi_wDiv \"  style=\"width:225px;text-align:left;\"><div style='width:40px; height:40px;margin-left:5px;margin-bottom:30px; ' class='sfsi_wicons shuffeldiv ' ><div class='inerCnt'><a class=' sficn' data-effect='scale' target='_blank'  href='https:\/\/www.facebook.com\/temassaludsyr\/' id='sfsiid_facebook' style='opacity:1'  ><img data-pin-nopin='true' alt='Facebook' title='Facebook' src='https:\/\/diassere.org.pe\/wp-content\/plugins\/ultimate-social-media-icons\/images\/icons_theme\/default\/default_facebook.png' width='40' height='40' style='' class='sfcm sfsi_wicon ' data-effect='scale'   \/><\/a><div class=\"sfsi_tool_tip_2 fb_tool_bdr sfsiTlleft\" style=\"width:62px ;opacity:0;z-index:-1;margin-left:-47.5px;\" id=\"sfsiid_facebook\"><span class=\"bot_arow bot_fb_arow\"><\/span><div class=\"sfsi_inside\"><div  class='icon1'><a href='https:\/\/www.facebook.com\/temassaludsyr\/' target='_blank'><img data-pin-nopin='true' class='sfsi_wicon' alt='Facebook' title='Facebook' src='https:\/\/diassere.org.pe\/wp-content\/plugins\/ultimate-social-media-icons\/images\/visit_icons\/facebook.png'  \/><\/a><\/div><div  class='icon2'><div class=\"fb-like\" data-href=\"https:\/\/diassere.org.pe\/wp-json\/wp\/v2\/pages\/743\" data-layout=\"button\" data-action=\"like\" data-show-faces=\"false\" data-share=\"true\"><\/div><\/div><div  class='icon3'><a target='_blank' href='https:\/\/www.facebook.com\/sharer\/sharer.php?u=https%3A%2F%2Fdiassere.org.pe%2Fwp-json%2Fwp%2Fv2%2Fpages%2F743' style='display:inline-block;'  > <img class='sfsi_wicon'  data-pin-nopin='true' width='auto' height='auto' alt='fb-share-icon' title='Facebook Share' src='https:\/\/diassere.org.pe\/wp-content\/plugins\/ultimate-social-media-icons\/images\/visit_icons\/fbshare_bck.png'  \/><\/a><\/div><\/div><\/div><\/div><\/div><\/div ><div id=\"sfsi_holder\" class=\"sfsi_holders\" style=\"position: relative; float: left;width:100%;z-index:-1;\"><\/div ><script>window.addEventListener(\"sfsi_functions_loaded\", function() \n\t\t\t{\n\t\t\t\tif (typeof sfsi_widget_set == \"function\") {\n\t\t\t\t\tsfsi_widget_set();\n\t\t\t\t}\n\t\t\t}); window.addEventListener(\"sfsi_functions_loaded\",function(){var s = jQuery(\".sfsi_widget\");\n\t\t\t\t\tvar pos = s.position();            \n\t\t\t\t\tjQuery(window).scroll(function(){      \n\t\t\t\t\tsfsi_stick_widget(\"0\");\n\t\t }); }); <\/script><div style=\"clear: both;\"><\/div><\/div>\n","protected":false},"excerpt":{"rendered":"<p>P\u00e9rez-Lu J, Igui\u00f1iz R, Bayer A, Garc\u00eda PJ En: Rev Peru Med Exp Salud P\u00fablica 2015, 32(2): 373-377. Ver pdf completo Resumen: En los pa\u00edses en desarrollo no existen datos de calidad para apoyar la toma de decisiones y la&#8230;<\/p>\n","protected":false},"author":1,"featured_media":838,"parent":0,"menu_order":0,"comment_status":"closed","ping_status":"closed","template":"","meta":{"om_disable_all_campaigns":false},"_links":{"self":[{"href":"https:\/\/diassere.org.pe\/index.php\/wp-json\/wp\/v2\/pages\/743"}],"collection":[{"href":"https:\/\/diassere.org.pe\/index.php\/wp-json\/wp\/v2\/pages"}],"about":[{"href":"https:\/\/diassere.org.pe\/index.php\/wp-json\/wp\/v2\/types\/page"}],"author":[{"embeddable":true,"href":"https:\/\/diassere.org.pe\/index.php\/wp-json\/wp\/v2\/users\/1"}],"replies":[{"embeddable":true,"href":"https:\/\/diassere.org.pe\/index.php\/wp-json\/wp\/v2\/comments?post=743"}],"version-history":[{"count":3,"href":"https:\/\/diassere.org.pe\/index.php\/wp-json\/wp\/v2\/pages\/743\/revisions"}],"predecessor-version":[{"id":892,"href":"https:\/\/diassere.org.pe\/index.php\/wp-json\/wp\/v2\/pages\/743\/revisions\/892"}],"wp:featuredmedia":[{"embeddable":true,"href":"https:\/\/diassere.org.pe\/index.php\/wp-json\/wp\/v2\/media\/838"}],"wp:attachment":[{"href":"https:\/\/diassere.org.pe\/index.php\/wp-json\/wp\/v2\/media?parent=743"}],"curies":[{"name":"wp","href":"https:\/\/api.w.org\/{rel}","templated":true}]}}