{"id":745,"date":"2012-01-01T19:56:12","date_gmt":"2012-01-01T19:56:12","guid":{"rendered":"http:\/\/dlozano.tk\/diassere\/?page_id=745"},"modified":"2019-10-22T03:20:18","modified_gmt":"2019-10-22T03:20:18","slug":"contribucion-economica-de-las-personas-adultas-mayores-a-los-hogares-urbanos-en-situacion-de-pobreza-en-el-peru-2","status":"publish","type":"page","link":"https:\/\/diassere.org.pe\/index.php\/contribucion-economica-de-las-personas-adultas-mayores-a-los-hogares-urbanos-en-situacion-de-pobreza-en-el-peru-2\/","title":{"rendered":"Contribuci\u00f3n econ\u00f3mica de las personas adultas mayores a los hogares urbanos en situaci\u00f3n de pobreza en el Per\u00fa"},"content":{"rendered":"\n<table style=\"border: 0px;\" width=\"100%\">\n<tbody>\n<tr>\n<td style=\"border: 0px; text-align:left;\">\n<p><img loading=\"lazy\" class=\"wp-image-409 size-medium alignleft\" src=\"http:\/\/diassere.org.pe\/wp-content\/uploads\/2019\/07\/Contribuci\u00f3n-econ\u00f3mica-de-las-personas-adultas-mayores-a-los-hogares-urbanos-en-situaci\u00f3n-de-pobreza-en-el-Per\u00fa-01.png\" alt=\"\" width=\"300\" height=\"377\"><\/p>\n<p style=\"margin:2%\">Ramos Padilla, Miguel <br>En: Redondo, N\u00e9lida y Garay, Sagrario (Coords.). El envejecimiento en Am\u00e9rica Latina: evidencia emp\u00edrica y cuestiones metodol\u00f3gicas. R\u00edo de Janeiro: Asociaci\u00f3n Latinoamericana de Poblaci\u00f3n. P\u00e1ginas 43-72.<\/p>\n<p><a href=\"http:\/\/diassere.org.pe\/wp-content\/uploads\/2019\/06\/Contribuci\u00f3n-econ\u00f3mica-de-las-personas-adultas-mayores-a-los-hogares-urbanos-en-situaci\u00f3n-de-pobreza-en-el-Per\u00fa.pdf\" target=\"_blank\" rel=\"noopener noreferrer\"><img loading=\"lazy\" src=\"http:\/\/diassere.org.pe\/wp-content\/uploads\/2019\/06\/833px-PDF_file_icon.svg_.png\" alt=\"\" width=\"50\" height=\"100\"> <span style=\"vertical-align:bottom\"> Ver pdf completo<\/span><\/a><\/p>\n<h4 style=\"margin: 3%\">Resumen:<\/h4>\n<p style=\"margin:2%\">Este estudio tiene como objetivo generar evidencias sobre la contribuci\u00f3n econ\u00f3mica (monetaria y no monetaria) de las personas adultas mayores (PAM) (60 a\u00f1os y m\u00e1s) a las familias en contextos de pobreza en el \u00e1rea urbana. En primer lugar, se evidenci\u00f3 con informaci\u00f3n de la Encuesta Nacional de Hogares \u2014ENAHO 2007\u2014 anualizada, las condiciones de actividad y de ingresos por diversas fuentes de las PAM que viven en zonas urbanas y en hogares que est\u00e1n en condici\u00f3n de pobreza, y la importancia de esos ingresos a la econom\u00eda familiar, con la finalidad de resaltar el aporte que realizan a sus hogares. En segundo lugar, buscamos poner en evidencia mediante estudios de casos en zonas pobres de Lima, utilizando t\u00e9cnicas cualitativas, la contribuci\u00f3n que significa el aporte en trabajo dom\u00e9stico, no monetario, principalmente de las mujeres adultas mayores a la reproducci\u00f3n del hogar, que permite que mujeres m\u00e1s j\u00f3venes accedan al mercado de trabajo y obtengan ingresos monetarios.<\/p>\n<\/td>\n<\/tr>\n<\/tbody>\n<\/table>\n<div class=\"sfsi_widget sfsi_shortcode_container\"><div id=\"sfsi_wDiv\"><\/div><div class=\"norm_row sfsi_wDiv \"  style=\"width:225px;text-align:left;\"><div style='width:40px; height:40px;margin-left:5px;margin-bottom:30px; ' class='sfsi_wicons shuffeldiv ' ><div class='inerCnt'><a class=' sficn' data-effect='scale' target='_blank'  href='https:\/\/www.facebook.com\/temassaludsyr\/' id='sfsiid_facebook' style='opacity:1'  ><img data-pin-nopin='true' alt='Facebook' title='Facebook' src='https:\/\/diassere.org.pe\/wp-content\/plugins\/ultimate-social-media-icons\/images\/icons_theme\/default\/default_facebook.png' width='40' height='40' style='' class='sfcm sfsi_wicon ' data-effect='scale'   \/><\/a><div class=\"sfsi_tool_tip_2 fb_tool_bdr sfsiTlleft\" style=\"width:62px ;opacity:0;z-index:-1;margin-left:-47.5px;\" id=\"sfsiid_facebook\"><span class=\"bot_arow bot_fb_arow\"><\/span><div class=\"sfsi_inside\"><div  class='icon1'><a href='https:\/\/www.facebook.com\/temassaludsyr\/' target='_blank'><img data-pin-nopin='true' class='sfsi_wicon' alt='Facebook' title='Facebook' src='https:\/\/diassere.org.pe\/wp-content\/plugins\/ultimate-social-media-icons\/images\/visit_icons\/facebook.png'  \/><\/a><\/div><div  class='icon2'><div class=\"fb-like\" data-href=\"https:\/\/diassere.org.pe\/wp-json\/wp\/v2\/pages\/745\" data-layout=\"button\" data-action=\"like\" data-show-faces=\"false\" data-share=\"true\"><\/div><\/div><div  class='icon3'><a target='_blank' href='https:\/\/www.facebook.com\/sharer\/sharer.php?u=https%3A%2F%2Fdiassere.org.pe%2Fwp-json%2Fwp%2Fv2%2Fpages%2F745' style='display:inline-block;'  > <img class='sfsi_wicon'  data-pin-nopin='true' width='auto' height='auto' alt='fb-share-icon' title='Facebook Share' src='https:\/\/diassere.org.pe\/wp-content\/plugins\/ultimate-social-media-icons\/images\/visit_icons\/fbshare_bck.png'  \/><\/a><\/div><\/div><\/div><\/div><\/div><\/div ><div id=\"sfsi_holder\" class=\"sfsi_holders\" style=\"position: relative; float: left;width:100%;z-index:-1;\"><\/div ><script>window.addEventListener(\"sfsi_functions_loaded\", function() \n\t\t\t{\n\t\t\t\tif (typeof sfsi_widget_set == \"function\") {\n\t\t\t\t\tsfsi_widget_set();\n\t\t\t\t}\n\t\t\t}); window.addEventListener(\"sfsi_functions_loaded\",function(){var s = jQuery(\".sfsi_widget\");\n\t\t\t\t\tvar pos = s.position();            \n\t\t\t\t\tjQuery(window).scroll(function(){      \n\t\t\t\t\tsfsi_stick_widget(\"0\");\n\t\t }); }); <\/script><div style=\"clear: both;\"><\/div><\/div>\n","protected":false},"excerpt":{"rendered":"<p>Ramos Padilla, Miguel En: Redondo, N\u00e9lida y Garay, Sagrario (Coords.). El envejecimiento en Am\u00e9rica Latina: evidencia emp\u00edrica y cuestiones metodol\u00f3gicas. R\u00edo de Janeiro: Asociaci\u00f3n Latinoamericana de Poblaci\u00f3n. P\u00e1ginas 43-72. Ver pdf completo Resumen: Este estudio tiene como objetivo generar evidencias&#8230;<\/p>\n","protected":false},"author":1,"featured_media":841,"parent":0,"menu_order":0,"comment_status":"closed","ping_status":"closed","template":"","meta":{"om_disable_all_campaigns":false},"_links":{"self":[{"href":"https:\/\/diassere.org.pe\/index.php\/wp-json\/wp\/v2\/pages\/745"}],"collection":[{"href":"https:\/\/diassere.org.pe\/index.php\/wp-json\/wp\/v2\/pages"}],"about":[{"href":"https:\/\/diassere.org.pe\/index.php\/wp-json\/wp\/v2\/types\/page"}],"author":[{"embeddable":true,"href":"https:\/\/diassere.org.pe\/index.php\/wp-json\/wp\/v2\/users\/1"}],"replies":[{"embeddable":true,"href":"https:\/\/diassere.org.pe\/index.php\/wp-json\/wp\/v2\/comments?post=745"}],"version-history":[{"count":3,"href":"https:\/\/diassere.org.pe\/index.php\/wp-json\/wp\/v2\/pages\/745\/revisions"}],"predecessor-version":[{"id":863,"href":"https:\/\/diassere.org.pe\/index.php\/wp-json\/wp\/v2\/pages\/745\/revisions\/863"}],"wp:featuredmedia":[{"embeddable":true,"href":"https:\/\/diassere.org.pe\/index.php\/wp-json\/wp\/v2\/media\/841"}],"wp:attachment":[{"href":"https:\/\/diassere.org.pe\/index.php\/wp-json\/wp\/v2\/media?parent=745"}],"curies":[{"name":"wp","href":"https:\/\/api.w.org\/{rel}","templated":true}]}}