{"id":759,"date":"2008-01-01T21:02:04","date_gmt":"2008-01-01T21:02:04","guid":{"rendered":"http:\/\/dlozano.tk\/diassere\/?page_id=759"},"modified":"2019-10-22T04:02:25","modified_gmt":"2019-10-22T04:02:25","slug":"masculinidad-y-reproduccion-en-comunidades-indigenas-peruanas","status":"publish","type":"page","link":"https:\/\/diassere.org.pe\/index.php\/masculinidad-y-reproduccion-en-comunidades-indigenas-peruanas\/","title":{"rendered":"Masculinidad y reproducci\u00f3n en comunidades ind\u00edgenas peruanas"},"content":{"rendered":"\n<table style=\"border: 0px;\" width=\"100%\">\n<tbody>\n<tr>\n<td style=\"border: 0px; text-align:left;\">\n<p><img loading=\"lazy\" class=\"wp-image-409 size-medium alignleft\" src=\"\/wp-content\/uploads\/2019\/07\/MASCULINIDAD-Y-REPRODUCCION-EN-COMUNIDADES-INDIGENAS-PERUANAS-MRAMOS1-01.png\" alt=\"\" width=\"300\" height=\"377\"><\/p>\n<p style=\"margin:2%\">Ramos Padilla, Miguel <br>En: Rodr\u00edguez Wong, Laura (Comp.). Poblaci\u00f3n y Salud Sexual y Reproductiva en Am\u00e9rica Latina. R\u00edo de Janeiro: ALAP, UNFPA. P\u00e1ginas: 435-454.<\/p>\n<p><a href=\"\/wp-content\/uploads\/2019\/06\/MASCULINIDAD-Y-REPRODUCCION-EN-COMUNIDADES-INDIGENAS-PERUANAS-MRAMOS1.pdf\" target=\"_blank\" rel=\"noopener noreferrer\"><img loading=\"lazy\" src=\"\/wp-content\/uploads\/2019\/06\/833px-PDF_file_icon.svg_.png\" alt=\"\" width=\"50\" height=\"100\"> <span style=\"vertical-align:bottom\"> Ver pdf completo<\/span><\/a><\/p>\n<h4 style=\"margin: 3%\">Resumen:<\/h4>\n<p style=\"margin:2%\">Uno de los fen\u00f3menos ocurridos en los \u00faltimos a\u00f1os en el Per\u00fa ha sido el cambio en los patrones de fecundidad deseada en el medio rural, lugar habitado fundamentalmente por poblaciones ind\u00edgenas. As\u00ed, seg\u00fan la Encuesta Demogr\u00e1fica y de Salud Familiar\u2013ENDES- de 1986, esta era de 3.7 hijos promedio por mujer en edad f\u00e9rtil para los tres \u00faltimos a\u00f1os antes de la encuesta (INE, 1988), mientras que para la ENDES del a\u00f1o 2000 la fecundidad deseada se hab\u00eda reducido a 2.5 hijos (INEI, 2001). M\u00faltiples ser\u00edan los factores que explicar\u00edan estos cambios que se iniciaron incluso a\u00f1os antes del per\u00edodo mencionado. La ca\u00edda de la mortalidad infantil tambi\u00e9n experimentada en el medio rural, tiene una alta correlaci\u00f3n con el aumento de los niveles educativos de las mujeres y un impacto en el descenso de las expectativas reproductivas (Ramos, 1996). Pero, la fecundidad real en el \u00e1rea rural era de 4.3 hijos por mujer en edad f\u00e9rtil, es decir 72% m\u00e1s alta que la deseada (ENDES 2000). \u00bfQu\u00e9 estaba ocurriendo entonces en la conducta reproductiva de la poblaci\u00f3n ind\u00edgena rural que explicara esta gran brecha? El objetivo de esta ponencia es presentar algunos resultados del an\u00e1lisis de testimonios de ind\u00edgenas varones que ayuden a la comprensi\u00f3n de las pr\u00e1cticas reproductivas en el \u00e1mbito ind\u00edgena rural, a partir de la exploraci\u00f3n de sus imaginarios sociales respecto a la reproducci\u00f3n y a la manera como viven su masculinidad.<\/p>\n<\/td>\n<\/tr>\n<\/tbody>\n<\/table>\n<div class=\"sfsi_widget sfsi_shortcode_container\"><div id=\"sfsi_wDiv\"><\/div><div class=\"norm_row sfsi_wDiv \"  style=\"width:225px;text-align:left;\"><div style='width:40px; height:40px;margin-left:5px;margin-bottom:30px; ' class='sfsi_wicons shuffeldiv ' ><div class='inerCnt'><a class=' sficn' data-effect='scale' target='_blank'  href='https:\/\/www.facebook.com\/temassaludsyr\/' id='sfsiid_facebook' style='opacity:1'  ><img data-pin-nopin='true' alt='Facebook' title='Facebook' src='https:\/\/diassere.org.pe\/wp-content\/plugins\/ultimate-social-media-icons\/images\/icons_theme\/default\/default_facebook.png' width='40' height='40' style='' class='sfcm sfsi_wicon ' data-effect='scale'   \/><\/a><div class=\"sfsi_tool_tip_2 fb_tool_bdr sfsiTlleft\" style=\"width:62px ;opacity:0;z-index:-1;margin-left:-47.5px;\" id=\"sfsiid_facebook\"><span class=\"bot_arow bot_fb_arow\"><\/span><div class=\"sfsi_inside\"><div  class='icon1'><a href='https:\/\/www.facebook.com\/temassaludsyr\/' target='_blank'><img data-pin-nopin='true' class='sfsi_wicon' alt='Facebook' title='Facebook' src='https:\/\/diassere.org.pe\/wp-content\/plugins\/ultimate-social-media-icons\/images\/visit_icons\/facebook.png'  \/><\/a><\/div><div  class='icon2'><div class=\"fb-like\" data-href=\"https:\/\/diassere.org.pe\/wp-json\/wp\/v2\/pages\/759\" data-layout=\"button\" data-action=\"like\" data-show-faces=\"false\" data-share=\"true\"><\/div><\/div><div  class='icon3'><a target='_blank' href='https:\/\/www.facebook.com\/sharer\/sharer.php?u=https%3A%2F%2Fdiassere.org.pe%2Fwp-json%2Fwp%2Fv2%2Fpages%2F759' style='display:inline-block;'  > <img class='sfsi_wicon'  data-pin-nopin='true' width='auto' height='auto' alt='fb-share-icon' title='Facebook Share' src='https:\/\/diassere.org.pe\/wp-content\/plugins\/ultimate-social-media-icons\/images\/visit_icons\/fbshare_bck.png'  \/><\/a><\/div><\/div><\/div><\/div><\/div><\/div ><div id=\"sfsi_holder\" class=\"sfsi_holders\" style=\"position: relative; float: left;width:100%;z-index:-1;\"><\/div ><script>window.addEventListener(\"sfsi_functions_loaded\", function() \n\t\t\t{\n\t\t\t\tif (typeof sfsi_widget_set == \"function\") {\n\t\t\t\t\tsfsi_widget_set();\n\t\t\t\t}\n\t\t\t}); window.addEventListener(\"sfsi_functions_loaded\",function(){var s = jQuery(\".sfsi_widget\");\n\t\t\t\t\tvar pos = s.position();            \n\t\t\t\t\tjQuery(window).scroll(function(){      \n\t\t\t\t\tsfsi_stick_widget(\"0\");\n\t\t }); }); <\/script><div style=\"clear: both;\"><\/div><\/div>\n","protected":false},"excerpt":{"rendered":"<p>Ramos Padilla, Miguel En: Rodr\u00edguez Wong, Laura (Comp.). Poblaci\u00f3n y Salud Sexual y Reproductiva en Am\u00e9rica Latina. R\u00edo de Janeiro: ALAP, UNFPA. P\u00e1ginas: 435-454. Ver pdf completo Resumen: Uno de los fen\u00f3menos ocurridos en los \u00faltimos a\u00f1os en el Per\u00fa&#8230;<\/p>\n","protected":false},"author":1,"featured_media":751,"parent":0,"menu_order":0,"comment_status":"closed","ping_status":"closed","template":"","meta":{"om_disable_all_campaigns":false},"_links":{"self":[{"href":"https:\/\/diassere.org.pe\/index.php\/wp-json\/wp\/v2\/pages\/759"}],"collection":[{"href":"https:\/\/diassere.org.pe\/index.php\/wp-json\/wp\/v2\/pages"}],"about":[{"href":"https:\/\/diassere.org.pe\/index.php\/wp-json\/wp\/v2\/types\/page"}],"author":[{"embeddable":true,"href":"https:\/\/diassere.org.pe\/index.php\/wp-json\/wp\/v2\/users\/1"}],"replies":[{"embeddable":true,"href":"https:\/\/diassere.org.pe\/index.php\/wp-json\/wp\/v2\/comments?post=759"}],"version-history":[{"count":3,"href":"https:\/\/diassere.org.pe\/index.php\/wp-json\/wp\/v2\/pages\/759\/revisions"}],"predecessor-version":[{"id":885,"href":"https:\/\/diassere.org.pe\/index.php\/wp-json\/wp\/v2\/pages\/759\/revisions\/885"}],"wp:featuredmedia":[{"embeddable":true,"href":"https:\/\/diassere.org.pe\/index.php\/wp-json\/wp\/v2\/media\/751"}],"wp:attachment":[{"href":"https:\/\/diassere.org.pe\/index.php\/wp-json\/wp\/v2\/media?parent=759"}],"curies":[{"name":"wp","href":"https:\/\/api.w.org\/{rel}","templated":true}]}}