{"id":763,"date":"2006-09-01T21:14:04","date_gmt":"2006-09-01T21:14:04","guid":{"rendered":"http:\/\/dlozano.tk\/diassere\/?page_id=763"},"modified":"2019-10-22T04:00:45","modified_gmt":"2019-10-22T04:00:45","slug":"la-salud-sexual-y-reproductiva-desde-la-perspectiva-de-genero","status":"publish","type":"page","link":"https:\/\/diassere.org.pe\/index.php\/la-salud-sexual-y-reproductiva-desde-la-perspectiva-de-genero\/","title":{"rendered":"La salud sexual y reproductiva desde la perspectiva de g\u00e9nero"},"content":{"rendered":"\n<table style=\"border: 0px;\" width=\"100%\">\n<tbody>\n<tr>\n<td style=\"border: 0px; text-align:left;\">\n<p><img loading=\"lazy\" class=\"wp-image-409 size-medium alignleft\" src=\"\/wp-content\/uploads\/2019\/07\/SALUD-SEXUAL-Y-REPRODUCTIVA-G\u00c9NERO-REVISTA-DE-SALUD-MIGUEL-RAMOS2-01.png\" alt=\"\" width=\"300\" height=\"377\"><\/p>\n<p style=\"margin:2%\">Ramos Padilla, Miguel <br>En: Revista Peruana de Medicina Experimental y Salud P\u00fablica, septiembre, a\u00f1o\/vol. 23, n\u00famero 003. Instituto Nacional de Salud. P\u00e1ginas 201-220.<\/p>\n<p><a href=\"\/wp-content\/uploads\/2019\/06\/SALUD-SEXUAL-Y-REPRODUCTIVA-G\u00c9NERO-REVISTA-DE-SALUD-MIGUEL-RAMOS2.pdf\" target=\"_blank\" rel=\"noopener noreferrer\"><img loading=\"lazy\" src=\"\/wp-content\/uploads\/2019\/06\/833px-PDF_file_icon.svg_.png\" alt=\"\" width=\"50\" height=\"100\"> <span style=\"vertical-align:bottom\"> Ver pdf completo<\/span><\/a><\/p>\n<h4 style=\"margin: 3%\">Resumen:<\/h4>\n<p style=\"margin:2%\">Este ensayo busca introducir la categor\u00eda de g\u00e9nero en el an\u00e1lisis de los procesos que producen la salud, la enfermedad y la atenci\u00f3n, en el campo de la salud sexual y reproductiva, pues la considera un aporte valioso para develar una serie de componentes que, aunque est\u00e1n estrechamente relacionados con las categor\u00edas de clase o etnia, tienen una din\u00e1mica y una capacidad de explicaci\u00f3n de la realidad relativamente aut\u00f3noma. El g\u00e9nero no es s\u00f3lo un aspecto determinante de inequidad sino un eje explicativo de muchos de los factores que intervienen en el enfermar y morir de mujeres y hombres. En primer lugar, se exponen las implicaciones m\u00e1s importantes de las desigualdades sociales por razones de g\u00e9nero y de las diferencias de g\u00e9nero en la salud sexual y reproductiva para el caso peruano; en segundo lugar, se analiza la importancia de concebir e involucrar a los varones como sujetos de derechos y con necesidades espec\u00edficas en sexualidad y reproducci\u00f3n, en discusi\u00f3n con los planteamientos de la Conferencia Internacional de Poblaci\u00f3n y Desarrollo (CIPD) de El Cairo al respecto, y las implicaciones de la salud sexual y reproductiva de los varones en la salud de las mujeres; en tercer lugar, se analiza el sinuoso camino de las pol\u00edticas estatales en torno a la salud sexual y reproductiva y el respeto de estas a los derechos de las personas y a la equidad de g\u00e9nero a partir de la CIPD; y por \u00faltimo, se concluye con algunas propuestas de lineamientos de pol\u00edticas en salud sexual y salud reproductiva con perspectiva de g\u00e9nero.<\/p>\n<\/td>\n<\/tr>\n<\/tbody>\n<\/table>\n<div class=\"sfsi_widget sfsi_shortcode_container\"><div id=\"sfsi_wDiv\"><\/div><div class=\"norm_row sfsi_wDiv \"  style=\"width:225px;text-align:left;\"><div style='width:40px; height:40px;margin-left:5px;margin-bottom:30px; ' class='sfsi_wicons shuffeldiv ' ><div class='inerCnt'><a class=' sficn' data-effect='scale' target='_blank'  href='https:\/\/www.facebook.com\/temassaludsyr\/' id='sfsiid_facebook' style='opacity:1'  ><img data-pin-nopin='true' alt='Facebook' title='Facebook' src='https:\/\/diassere.org.pe\/wp-content\/plugins\/ultimate-social-media-icons\/images\/icons_theme\/default\/default_facebook.png' width='40' height='40' style='' class='sfcm sfsi_wicon ' data-effect='scale'   \/><\/a><div class=\"sfsi_tool_tip_2 fb_tool_bdr sfsiTlleft\" style=\"width:62px ;opacity:0;z-index:-1;margin-left:-47.5px;\" id=\"sfsiid_facebook\"><span class=\"bot_arow bot_fb_arow\"><\/span><div class=\"sfsi_inside\"><div  class='icon1'><a href='https:\/\/www.facebook.com\/temassaludsyr\/' target='_blank'><img data-pin-nopin='true' class='sfsi_wicon' alt='Facebook' title='Facebook' src='https:\/\/diassere.org.pe\/wp-content\/plugins\/ultimate-social-media-icons\/images\/visit_icons\/facebook.png'  \/><\/a><\/div><div  class='icon2'><div class=\"fb-like\" data-href=\"https:\/\/diassere.org.pe\/wp-json\/wp\/v2\/pages\/763\" data-layout=\"button\" data-action=\"like\" data-show-faces=\"false\" data-share=\"true\"><\/div><\/div><div  class='icon3'><a target='_blank' href='https:\/\/www.facebook.com\/sharer\/sharer.php?u=https%3A%2F%2Fdiassere.org.pe%2Fwp-json%2Fwp%2Fv2%2Fpages%2F763' style='display:inline-block;'  > <img class='sfsi_wicon'  data-pin-nopin='true' width='auto' height='auto' alt='fb-share-icon' title='Facebook Share' src='https:\/\/diassere.org.pe\/wp-content\/plugins\/ultimate-social-media-icons\/images\/visit_icons\/fbshare_bck.png'  \/><\/a><\/div><\/div><\/div><\/div><\/div><\/div ><div id=\"sfsi_holder\" class=\"sfsi_holders\" style=\"position: relative; float: left;width:100%;z-index:-1;\"><\/div ><script>window.addEventListener(\"sfsi_functions_loaded\", function() \n\t\t\t{\n\t\t\t\tif (typeof sfsi_widget_set == \"function\") {\n\t\t\t\t\tsfsi_widget_set();\n\t\t\t\t}\n\t\t\t}); window.addEventListener(\"sfsi_functions_loaded\",function(){var s = jQuery(\".sfsi_widget\");\n\t\t\t\t\tvar pos = s.position();            \n\t\t\t\t\tjQuery(window).scroll(function(){      \n\t\t\t\t\tsfsi_stick_widget(\"0\");\n\t\t }); }); <\/script><div style=\"clear: both;\"><\/div><\/div>\n","protected":false},"excerpt":{"rendered":"<p>Ramos Padilla, Miguel En: Revista Peruana de Medicina Experimental y Salud P\u00fablica, septiembre, a\u00f1o\/vol. 23, n\u00famero 003. Instituto Nacional de Salud. P\u00e1ginas 201-220. Ver pdf completo Resumen: Este ensayo busca introducir la categor\u00eda de g\u00e9nero en el an\u00e1lisis de los&#8230;<\/p>\n","protected":false},"author":1,"featured_media":840,"parent":0,"menu_order":0,"comment_status":"closed","ping_status":"closed","template":"","meta":{"om_disable_all_campaigns":false},"_links":{"self":[{"href":"https:\/\/diassere.org.pe\/index.php\/wp-json\/wp\/v2\/pages\/763"}],"collection":[{"href":"https:\/\/diassere.org.pe\/index.php\/wp-json\/wp\/v2\/pages"}],"about":[{"href":"https:\/\/diassere.org.pe\/index.php\/wp-json\/wp\/v2\/types\/page"}],"author":[{"embeddable":true,"href":"https:\/\/diassere.org.pe\/index.php\/wp-json\/wp\/v2\/users\/1"}],"replies":[{"embeddable":true,"href":"https:\/\/diassere.org.pe\/index.php\/wp-json\/wp\/v2\/comments?post=763"}],"version-history":[{"count":3,"href":"https:\/\/diassere.org.pe\/index.php\/wp-json\/wp\/v2\/pages\/763\/revisions"}],"predecessor-version":[{"id":883,"href":"https:\/\/diassere.org.pe\/index.php\/wp-json\/wp\/v2\/pages\/763\/revisions\/883"}],"wp:featuredmedia":[{"embeddable":true,"href":"https:\/\/diassere.org.pe\/index.php\/wp-json\/wp\/v2\/media\/840"}],"wp:attachment":[{"href":"https:\/\/diassere.org.pe\/index.php\/wp-json\/wp\/v2\/media?parent=763"}],"curies":[{"name":"wp","href":"https:\/\/api.w.org\/{rel}","templated":true}]}}