{"id":776,"date":"2005-01-01T21:36:58","date_gmt":"2005-01-01T21:36:58","guid":{"rendered":"http:\/\/dlozano.tk\/diassere\/?page_id=776"},"modified":"2019-10-22T03:36:46","modified_gmt":"2019-10-22T03:36:46","slug":"derechos-sexuales-y-reproductivos-el-punto-de-vista-de-los-varones-en-dos-contextos-del-peru","status":"publish","type":"page","link":"https:\/\/diassere.org.pe\/index.php\/derechos-sexuales-y-reproductivos-el-punto-de-vista-de-los-varones-en-dos-contextos-del-peru\/","title":{"rendered":"Derechos sexuales y reproductivos. El punto de vista de los varones en dos contextos del Per\u00fa"},"content":{"rendered":"\n<table style=\"border: 0px;\" width=\"100%\">\n<tbody>\n<tr>\n<td style=\"border: 0px; text-align:left;\">\n<p><img loading=\"lazy\" class=\"wp-image-409 size-medium alignleft\" src=\"\/wp-content\/uploads\/2019\/07\/DERECHOS-SEXUALES-Y-REPRODUCTIVOS-EL-PUNTO-DE-VISTA-DE-VARONES-EN-DOS-CONTEXTOS-EN-EL-PER\u00da-01.png\" alt=\"\" width=\"300\" height=\"377\"><\/p>\n<p style=\"margin:2%\">Ramos Padilla, Miguel y V\u00e1squez, Ernesto <br>En: Pantelides, Edith Alejandra y L\u00f3pez, Elsa (Compls.). Varones latinoamericanos. Estudios sobre sexualidad y reproducci\u00f3n. Buenos Aires: Paid\u00f3s. P\u00e1ginas: 197-235.<\/p>\n<p><a href=\"\/wp-content\/uploads\/2019\/06\/DERECHOS-SEXUALES-Y-REPRODUCTIVOS-EL-PUNTO-DE-VISTA-DE-VARONES-EN-DOS-CONTEXTOS-EN-EL-PER\u00da.pdf\" target=\"_blank\" rel=\"noopener noreferrer\"><img loading=\"lazy\" src=\"\/wp-content\/uploads\/2019\/06\/833px-PDF_file_icon.svg_.png\" alt=\"\" width=\"50\" height=\"100\"> <span style=\"vertical-align:bottom\"> Ver pdf completo<\/span><\/a><\/p>\n<h4 style=\"margin: 3%\">Resumen:<\/h4>\n<p style=\"margin:2%\">El objetivo de este cap\u00edtulo es explorar los significados que los varones que manifiestan una identidad heterosexual le atribuyen al ejercicio de los derechos sexuales y reproductivos y conocer diversas formas de cooperaci\u00f3n, negociaci\u00f3n y confrontaci\u00f3n con las mujeres con relaci\u00f3n a la sexualidad y reproducci\u00f3n. Se busc\u00f3 determinar en qu\u00e9 medida las necesidades, las experiencias y los deseos negativos y positivos con relaci\u00f3n a la sexualidad y la reproducci\u00f3n esbozan en estos hombres, residentes de dos contextos distintos, una visi\u00f3n de derechos humanos o de principios universales a los que se sienten pr\u00f3ximos o lejanos.<\/p>\n<\/td>\n<\/tr>\n<\/tbody>\n<\/table>\n<div class=\"sfsi_widget sfsi_shortcode_container\"><div id=\"sfsi_wDiv\"><\/div><div class=\"norm_row sfsi_wDiv \"  style=\"width:225px;text-align:left;\"><div style='width:40px; height:40px;margin-left:5px;margin-bottom:30px; ' class='sfsi_wicons shuffeldiv ' ><div class='inerCnt'><a class=' sficn' data-effect='scale' target='_blank'  href='https:\/\/www.facebook.com\/temassaludsyr\/' id='sfsiid_facebook' style='opacity:1'  ><img data-pin-nopin='true' alt='Facebook' title='Facebook' src='https:\/\/diassere.org.pe\/wp-content\/plugins\/ultimate-social-media-icons\/images\/icons_theme\/default\/default_facebook.png' width='40' height='40' style='' class='sfcm sfsi_wicon ' data-effect='scale'   \/><\/a><div class=\"sfsi_tool_tip_2 fb_tool_bdr sfsiTlleft\" style=\"width:62px ;opacity:0;z-index:-1;margin-left:-47.5px;\" id=\"sfsiid_facebook\"><span class=\"bot_arow bot_fb_arow\"><\/span><div class=\"sfsi_inside\"><div  class='icon1'><a href='https:\/\/www.facebook.com\/temassaludsyr\/' target='_blank'><img data-pin-nopin='true' class='sfsi_wicon' alt='Facebook' title='Facebook' src='https:\/\/diassere.org.pe\/wp-content\/plugins\/ultimate-social-media-icons\/images\/visit_icons\/facebook.png'  \/><\/a><\/div><div  class='icon2'><div class=\"fb-like\" data-href=\"https:\/\/diassere.org.pe\/wp-json\/wp\/v2\/pages\/776\" data-layout=\"button\" data-action=\"like\" data-show-faces=\"false\" data-share=\"true\"><\/div><\/div><div  class='icon3'><a target='_blank' href='https:\/\/www.facebook.com\/sharer\/sharer.php?u=https%3A%2F%2Fdiassere.org.pe%2Fwp-json%2Fwp%2Fv2%2Fpages%2F776' style='display:inline-block;'  > <img class='sfsi_wicon'  data-pin-nopin='true' width='auto' height='auto' alt='fb-share-icon' title='Facebook Share' src='https:\/\/diassere.org.pe\/wp-content\/plugins\/ultimate-social-media-icons\/images\/visit_icons\/fbshare_bck.png'  \/><\/a><\/div><\/div><\/div><\/div><\/div><\/div ><div id=\"sfsi_holder\" class=\"sfsi_holders\" style=\"position: relative; float: left;width:100%;z-index:-1;\"><\/div ><script>window.addEventListener(\"sfsi_functions_loaded\", function() \n\t\t\t{\n\t\t\t\tif (typeof sfsi_widget_set == \"function\") {\n\t\t\t\t\tsfsi_widget_set();\n\t\t\t\t}\n\t\t\t}); window.addEventListener(\"sfsi_functions_loaded\",function(){var s = jQuery(\".sfsi_widget\");\n\t\t\t\t\tvar pos = s.position();            \n\t\t\t\t\tjQuery(window).scroll(function(){      \n\t\t\t\t\tsfsi_stick_widget(\"0\");\n\t\t }); }); <\/script><div style=\"clear: both;\"><\/div><\/div>\n","protected":false},"excerpt":{"rendered":"<p>Ramos Padilla, Miguel y V\u00e1squez, Ernesto En: Pantelides, Edith Alejandra y L\u00f3pez, Elsa (Compls.). Varones latinoamericanos. Estudios sobre sexualidad y reproducci\u00f3n. Buenos Aires: Paid\u00f3s. P\u00e1ginas: 197-235. Ver pdf completo Resumen: El objetivo de este cap\u00edtulo es explorar los significados que&#8230;<\/p>\n","protected":false},"author":1,"featured_media":842,"parent":0,"menu_order":0,"comment_status":"closed","ping_status":"closed","template":"","meta":{"om_disable_all_campaigns":false},"_links":{"self":[{"href":"https:\/\/diassere.org.pe\/index.php\/wp-json\/wp\/v2\/pages\/776"}],"collection":[{"href":"https:\/\/diassere.org.pe\/index.php\/wp-json\/wp\/v2\/pages"}],"about":[{"href":"https:\/\/diassere.org.pe\/index.php\/wp-json\/wp\/v2\/types\/page"}],"author":[{"embeddable":true,"href":"https:\/\/diassere.org.pe\/index.php\/wp-json\/wp\/v2\/users\/1"}],"replies":[{"embeddable":true,"href":"https:\/\/diassere.org.pe\/index.php\/wp-json\/wp\/v2\/comments?post=776"}],"version-history":[{"count":2,"href":"https:\/\/diassere.org.pe\/index.php\/wp-json\/wp\/v2\/pages\/776\/revisions"}],"predecessor-version":[{"id":869,"href":"https:\/\/diassere.org.pe\/index.php\/wp-json\/wp\/v2\/pages\/776\/revisions\/869"}],"wp:featuredmedia":[{"embeddable":true,"href":"https:\/\/diassere.org.pe\/index.php\/wp-json\/wp\/v2\/media\/842"}],"wp:attachment":[{"href":"https:\/\/diassere.org.pe\/index.php\/wp-json\/wp\/v2\/media?parent=776"}],"curies":[{"name":"wp","href":"https:\/\/api.w.org\/{rel}","templated":true}]}}