{"id":804,"date":"2007-09-08T22:32:12","date_gmt":"2007-09-08T22:32:12","guid":{"rendered":"http:\/\/dlozano.tk\/diassere\/?page_id=804"},"modified":"2019-10-22T03:15:58","modified_gmt":"2019-10-22T03:15:58","slug":"claroscuros-debates-pendientes-en-sexualidad-y-reproduccion","status":"publish","type":"page","link":"https:\/\/diassere.org.pe\/index.php\/claroscuros-debates-pendientes-en-sexualidad-y-reproduccion\/","title":{"rendered":"Claroscuros. Debates pendientes en sexualidad y reproducci\u00f3n"},"content":{"rendered":"\n<table style=\"border: 0px;\" width=\"100%\">\n<tbody>\n<tr>\n<td style=\"border: 0px; text-align:left;\">\n<p><img loading=\"lazy\" class=\"wp-image-409 size-medium alignleft\" src=\"\n\n\n\nhttp:\/\/diassere.org.pe\/wp-content\/uploads\/2019\/09\/CLAROSCURO-sub.png\n\n\n\n\" alt=\"\" width=\"300\" height=\"377\"><\/p>\n<p style=\"margin:2%\">\n\n\n\n<!--Informaci\u00f3n de -->\nPalomino, Nancy y Sala, Mariella, Lima: Universidad Peruana Cayetano Heredia,2007.\n\n\n\n<\/p>\n<p><a href=\"\n\n\n\nhttp:\/\/diassere.org.pe\/wp-content\/uploads\/2019\/09\/CLAROSCURO.pdf\n\n\n\n\" target=\"_blank\" rel=\"noopener noreferrer\"><img loading=\"lazy\" src=\"http:\/\/diassere.org.pe\/wp-content\/uploads\/2019\/06\/833px-PDF_file_icon.svg_.png\" alt=\"\" width=\"50\" height=\"100\"> <span style=\"vertical-align:bottom\"> Ver pdf completo<\/span><\/a><\/p>\n<h4 style=\"margin: 3%\">Resumen:<\/h4>\n<p style=\"margin:2%\">\n\n\n\n<!--Resumen-->\nLoa art\u00edculos abordan viejos y nuevos temas haciendo visibles luces y sombras sobre temas fascinantes y estremecedores, presentes en la vida cotidiana de la gente, de las mujeres y de los hombres adultos o j\u00f3venes, confrontados a sus m\u00e1s \u00edntimos deseos, a su salud, a la dial\u00e9ctica de la vida y la muerte, la sexualidad y a los procesos reproductivos. Desde varios art\u00edculos se reflexiona acerca del poder, los saberes hegem\u00f3nicos, la relaci\u00f3n con el otro, ya sea en la atenci\u00f3n de salud o en la relaci\u00f3n del investigador(a) con el \u201cotro\u201d investigado. Los v\u00ednculos que se construyen y sus significados, la discriminaci\u00f3n pero tambi\u00e9n la emergencia de nuevas formas de vivir en relaci\u00f3n y di\u00e1logo con los otros. Los significados, discursos y representaciones se construyen en esa relaci\u00f3n ya sea a nivel individual o colectivo; en el encuentro o desencuentro de los sistemas de atenci\u00f3n de salud que coexisten en una comunidad o en los debates discursivos entre actores. \nCLAROSCUROS toca distintos aspectos como son: la investigaci\u00f3n y su relaci\u00f3n con el advocacy o abogac\u00eda; la importancia del cuerpo y el placer para la salud sexual; la perspectiva intercultural y; por \u00faltimo, el controvertido tema de las pol\u00edticas p\u00fablicas y la relaci\u00f3n entre Estado, Iglesia, sociedad civil y los derechos reproductivos.\n\n\n\n<\/p>\n<\/td>\n<\/tr>\n<\/tbody>\n<\/table>\n<div class=\"sfsi_widget sfsi_shortcode_container\"><div id=\"sfsi_wDiv\"><\/div><div class=\"norm_row sfsi_wDiv \"  style=\"width:225px;text-align:left;\"><div style='width:40px; height:40px;margin-left:5px;margin-bottom:30px; ' class='sfsi_wicons shuffeldiv ' ><div class='inerCnt'><a class=' sficn' data-effect='scale' target='_blank'  href='https:\/\/www.facebook.com\/temassaludsyr\/' id='sfsiid_facebook' style='opacity:1'  ><img data-pin-nopin='true' alt='Facebook' title='Facebook' src='https:\/\/diassere.org.pe\/wp-content\/plugins\/ultimate-social-media-icons\/images\/icons_theme\/default\/default_facebook.png' width='40' height='40' style='' class='sfcm sfsi_wicon ' data-effect='scale'   \/><\/a><div class=\"sfsi_tool_tip_2 fb_tool_bdr sfsiTlleft\" style=\"width:62px ;opacity:0;z-index:-1;margin-left:-47.5px;\" id=\"sfsiid_facebook\"><span class=\"bot_arow bot_fb_arow\"><\/span><div class=\"sfsi_inside\"><div  class='icon1'><a href='https:\/\/www.facebook.com\/temassaludsyr\/' target='_blank'><img data-pin-nopin='true' class='sfsi_wicon' alt='Facebook' title='Facebook' src='https:\/\/diassere.org.pe\/wp-content\/plugins\/ultimate-social-media-icons\/images\/visit_icons\/facebook.png'  \/><\/a><\/div><div  class='icon2'><div class=\"fb-like\" data-href=\"https:\/\/diassere.org.pe\/wp-json\/wp\/v2\/pages\/804\" data-layout=\"button\" data-action=\"like\" data-show-faces=\"false\" data-share=\"true\"><\/div><\/div><div  class='icon3'><a target='_blank' href='https:\/\/www.facebook.com\/sharer\/sharer.php?u=https%3A%2F%2Fdiassere.org.pe%2Fwp-json%2Fwp%2Fv2%2Fpages%2F804' style='display:inline-block;'  > <img class='sfsi_wicon'  data-pin-nopin='true' width='auto' height='auto' alt='fb-share-icon' title='Facebook Share' src='https:\/\/diassere.org.pe\/wp-content\/plugins\/ultimate-social-media-icons\/images\/visit_icons\/fbshare_bck.png'  \/><\/a><\/div><\/div><\/div><\/div><\/div><\/div ><div id=\"sfsi_holder\" class=\"sfsi_holders\" style=\"position: relative; float: left;width:100%;z-index:-1;\"><\/div ><script>window.addEventListener(\"sfsi_functions_loaded\", function() \n\t\t\t{\n\t\t\t\tif (typeof sfsi_widget_set == \"function\") {\n\t\t\t\t\tsfsi_widget_set();\n\t\t\t\t}\n\t\t\t}); window.addEventListener(\"sfsi_functions_loaded\",function(){var s = jQuery(\".sfsi_widget\");\n\t\t\t\t\tvar pos = s.position();            \n\t\t\t\t\tjQuery(window).scroll(function(){      \n\t\t\t\t\tsfsi_stick_widget(\"0\");\n\t\t }); }); <\/script><div style=\"clear: both;\"><\/div><\/div>\n","protected":false},"excerpt":{"rendered":"<p>Palomino, Nancy y Sala, Mariella, Lima: Universidad Peruana Cayetano Heredia,2007. Ver pdf completo Resumen: Loa art\u00edculos abordan viejos y nuevos temas haciendo visibles luces y sombras sobre temas fascinantes y estremecedores, presentes en la vida cotidiana de la gente, de&#8230;<\/p>\n","protected":false},"author":1,"featured_media":821,"parent":0,"menu_order":0,"comment_status":"closed","ping_status":"closed","template":"","meta":{"om_disable_all_campaigns":false},"_links":{"self":[{"href":"https:\/\/diassere.org.pe\/index.php\/wp-json\/wp\/v2\/pages\/804"}],"collection":[{"href":"https:\/\/diassere.org.pe\/index.php\/wp-json\/wp\/v2\/pages"}],"about":[{"href":"https:\/\/diassere.org.pe\/index.php\/wp-json\/wp\/v2\/types\/page"}],"author":[{"embeddable":true,"href":"https:\/\/diassere.org.pe\/index.php\/wp-json\/wp\/v2\/users\/1"}],"replies":[{"embeddable":true,"href":"https:\/\/diassere.org.pe\/index.php\/wp-json\/wp\/v2\/comments?post=804"}],"version-history":[{"count":9,"href":"https:\/\/diassere.org.pe\/index.php\/wp-json\/wp\/v2\/pages\/804\/revisions"}],"predecessor-version":[{"id":862,"href":"https:\/\/diassere.org.pe\/index.php\/wp-json\/wp\/v2\/pages\/804\/revisions\/862"}],"wp:featuredmedia":[{"embeddable":true,"href":"https:\/\/diassere.org.pe\/index.php\/wp-json\/wp\/v2\/media\/821"}],"wp:attachment":[{"href":"https:\/\/diassere.org.pe\/index.php\/wp-json\/wp\/v2\/media?parent=804"}],"curies":[{"name":"wp","href":"https:\/\/api.w.org\/{rel}","templated":true}]}}