{"id":823,"date":"2005-09-09T05:08:13","date_gmt":"2005-09-09T05:08:13","guid":{"rendered":"http:\/\/dlozano.tk\/diassere\/?page_id=823"},"modified":"2019-10-22T04:10:06","modified_gmt":"2019-10-22T04:10:06","slug":"prisiones-domesticas-ciudadanias-restringidas-violencia-sexual-a-trabajadoras-del-hogar-en-lima","status":"publish","type":"page","link":"https:\/\/diassere.org.pe\/index.php\/prisiones-domesticas-ciudadanias-restringidas-violencia-sexual-a-trabajadoras-del-hogar-en-lima\/","title":{"rendered":"Prisiones dom\u00e9sticas, ciudadan\u00edas restringidas. Violencia sexual a trabajadoras del hogar en Lima"},"content":{"rendered":"\n<table style=\"border: 0px;\" width=\"100%\">\n<tbody>\n<tr>\n<td style=\"border: 0px; text-align:left;\">\n<p><img loading=\"lazy\" class=\"wp-image-409 size-medium alignleft\" src=\"\n\n\n\n\/wp-content\/uploads\/2019\/09\/prisiones-domesticas-ciudadanias-restringidas-sub.png\n\n\n\n\" alt=\"\" width=\"300\" height=\"377\"><\/p>\n<p style=\"margin:2%\">\n\n\n\nOjeda Parra, Teresa. Prisiones dom\u00e9sticas, ciudadan\u00edas restringidas. Violencia sexual a trabajadoras del hogar en Lima. Lima: Universidad Peruana Cayetano Heredia, 2005.\n\n\n\n<\/p>\n<p><a href=\"\n\n\n\n\/wp-content\/uploads\/2019\/09\/prisiones-domesticas-ciudadanias-restringidas.pdf\n\n\n\n\" target=\"_blank\" rel=\"noopener noreferrer\"><img loading=\"lazy\" src=\"\/wp-content\/uploads\/2019\/06\/833px-PDF_file_icon.svg_.png\" alt=\"\" width=\"50\" height=\"100\"> <span style=\"vertical-align:bottom\"> Ver pdf completo<\/span><\/a><\/p>\n<h4 style=\"margin: 3%\">Resumen:<\/h4>\n<p style=\"margin:2%\">\n\n\n\n<!--Resumen-->\nEste estudio constituye una de las primeras investigaciones que aborda como eje tem\u00e1tico la violencia sexual cuando es perpetrada por algunos empleadores a trabajadoras del hogar, visibilizando las circunstancias en que ocurre, las implicancias para su salud, la violaci\u00f3n de sus derechos fundamentales \u2013 incluidos los sexuales y reproductivos \u2013 y el impedimento del ejercicio pleno se si ciudadan\u00eda. \nLa primer parte contiene los fundamentos te\u00f3ricos del enfoque de g\u00e9nero y de derechos que permitir\u00e1n observar y analizar las relaciones de poder asim\u00e9tricas que se establecen entre el empleador y la trabajadora del hogar y c\u00f3mo van desencaden\u00e1ndose eventos de violencia sexual. Adem\u00e1s se describe el contexto en el que se da el trabajo dom\u00e9stico en el Per\u00fa y c\u00f3mo el ejercicio de la ciudadan\u00eda est\u00e1 restringido para las trabajadoras del hogar. \nLa segunda parte registra los hallazgos de la investigaci\u00f3n basados en el an\u00e1lisis de los siete testimonios recogidos. Las circunstancias y modalidades de violencia sexual, las respuestas de las trabajadoras del hogar, frente al hostigamiento y abuso sexual y las consecuencias en sus vidas.\n\n\n\n<\/p>\n<\/td>\n<\/tr>\n<\/tbody>\n<\/table>\n<div class=\"sfsi_widget sfsi_shortcode_container\"><div id=\"sfsi_wDiv\"><\/div><div class=\"norm_row sfsi_wDiv \"  style=\"width:225px;text-align:left;\"><div style='width:40px; height:40px;margin-left:5px;margin-bottom:30px; ' class='sfsi_wicons shuffeldiv ' ><div class='inerCnt'><a class=' sficn' data-effect='scale' target='_blank'  href='https:\/\/www.facebook.com\/temassaludsyr\/' id='sfsiid_facebook' style='opacity:1'  ><img data-pin-nopin='true' alt='Facebook' title='Facebook' src='https:\/\/diassere.org.pe\/wp-content\/plugins\/ultimate-social-media-icons\/images\/icons_theme\/default\/default_facebook.png' width='40' height='40' style='' class='sfcm sfsi_wicon ' data-effect='scale'   \/><\/a><div class=\"sfsi_tool_tip_2 fb_tool_bdr sfsiTlleft\" style=\"width:62px ;opacity:0;z-index:-1;margin-left:-47.5px;\" id=\"sfsiid_facebook\"><span class=\"bot_arow bot_fb_arow\"><\/span><div class=\"sfsi_inside\"><div  class='icon1'><a href='https:\/\/www.facebook.com\/temassaludsyr\/' target='_blank'><img data-pin-nopin='true' class='sfsi_wicon' alt='Facebook' title='Facebook' src='https:\/\/diassere.org.pe\/wp-content\/plugins\/ultimate-social-media-icons\/images\/visit_icons\/facebook.png'  \/><\/a><\/div><div  class='icon2'><div class=\"fb-like\" data-href=\"https:\/\/diassere.org.pe\/wp-json\/wp\/v2\/pages\/823\" data-layout=\"button\" data-action=\"like\" data-show-faces=\"false\" data-share=\"true\"><\/div><\/div><div  class='icon3'><a target='_blank' href='https:\/\/www.facebook.com\/sharer\/sharer.php?u=https%3A%2F%2Fdiassere.org.pe%2Fwp-json%2Fwp%2Fv2%2Fpages%2F823' style='display:inline-block;'  > <img class='sfsi_wicon'  data-pin-nopin='true' width='auto' height='auto' alt='fb-share-icon' title='Facebook Share' src='https:\/\/diassere.org.pe\/wp-content\/plugins\/ultimate-social-media-icons\/images\/visit_icons\/fbshare_bck.png'  \/><\/a><\/div><\/div><\/div><\/div><\/div><\/div ><div id=\"sfsi_holder\" class=\"sfsi_holders\" style=\"position: relative; float: left;width:100%;z-index:-1;\"><\/div ><script>window.addEventListener(\"sfsi_functions_loaded\", function() \n\t\t\t{\n\t\t\t\tif (typeof sfsi_widget_set == \"function\") {\n\t\t\t\t\tsfsi_widget_set();\n\t\t\t\t}\n\t\t\t}); window.addEventListener(\"sfsi_functions_loaded\",function(){var s = jQuery(\".sfsi_widget\");\n\t\t\t\t\tvar pos = s.position();            \n\t\t\t\t\tjQuery(window).scroll(function(){      \n\t\t\t\t\tsfsi_stick_widget(\"0\");\n\t\t }); }); <\/script><div style=\"clear: both;\"><\/div><\/div>\n","protected":false},"excerpt":{"rendered":"<p>Ojeda Parra, Teresa. Prisiones dom\u00e9sticas, ciudadan\u00edas restringidas. Violencia sexual a trabajadoras del hogar en Lima. Lima: Universidad Peruana Cayetano Heredia, 2005. Ver pdf completo Resumen: Este estudio constituye una de las primeras investigaciones que aborda como eje tem\u00e1tico la violencia&#8230;<\/p>\n","protected":false},"author":1,"featured_media":826,"parent":0,"menu_order":0,"comment_status":"closed","ping_status":"closed","template":"","meta":{"om_disable_all_campaigns":false},"_links":{"self":[{"href":"https:\/\/diassere.org.pe\/index.php\/wp-json\/wp\/v2\/pages\/823"}],"collection":[{"href":"https:\/\/diassere.org.pe\/index.php\/wp-json\/wp\/v2\/pages"}],"about":[{"href":"https:\/\/diassere.org.pe\/index.php\/wp-json\/wp\/v2\/types\/page"}],"author":[{"embeddable":true,"href":"https:\/\/diassere.org.pe\/index.php\/wp-json\/wp\/v2\/users\/1"}],"replies":[{"embeddable":true,"href":"https:\/\/diassere.org.pe\/index.php\/wp-json\/wp\/v2\/comments?post=823"}],"version-history":[{"count":4,"href":"https:\/\/diassere.org.pe\/index.php\/wp-json\/wp\/v2\/pages\/823\/revisions"}],"predecessor-version":[{"id":890,"href":"https:\/\/diassere.org.pe\/index.php\/wp-json\/wp\/v2\/pages\/823\/revisions\/890"}],"wp:featuredmedia":[{"embeddable":true,"href":"https:\/\/diassere.org.pe\/index.php\/wp-json\/wp\/v2\/media\/826"}],"wp:attachment":[{"href":"https:\/\/diassere.org.pe\/index.php\/wp-json\/wp\/v2\/media?parent=823"}],"curies":[{"name":"wp","href":"https:\/\/api.w.org\/{rel}","templated":true}]}}