{"id":829,"date":"2003-09-09T05:15:14","date_gmt":"2003-09-09T05:15:14","guid":{"rendered":"http:\/\/dlozano.tk\/diassere\/?page_id=829"},"modified":"2019-10-22T03:48:29","modified_gmt":"2019-10-22T03:48:29","slug":"entre-el-placer-y-la-obligacion-derechos-sexuales-y-derechos-reproductivos-de-mujeres-y-varones-en-huamanga-y-lima","status":"publish","type":"page","link":"https:\/\/diassere.org.pe\/index.php\/entre-el-placer-y-la-obligacion-derechos-sexuales-y-derechos-reproductivos-de-mujeres-y-varones-en-huamanga-y-lima\/","title":{"rendered":"Entre el placer y la obligaci\u00f3n. Derechos  sexuales y derechos reproductivos de mujeres y varones en Huamanga y Lima."},"content":{"rendered":"\n<table style=\"border: 0px;\" width=\"100%\">\n<tbody>\n<tr>\n<td style=\"border: 0px; text-align:left;\">\n<p><img loading=\"lazy\" class=\"wp-image-409 size-medium alignleft\" src=\"\n\n\n\n\/wp-content\/uploads\/2019\/09\/ENTRE-EL-PLACER-Y-LA-OBLIGACION-sub.png\n\n\n\n\" alt=\"\" width=\"300\" height=\"377\"><\/p>\n<p style=\"margin:2%\">\n\n\n\nPalomino, Nancy; Ramos Padilla, Miguel \u00c1ngel; Valverde, Roc\u00edo y V\u00e1squez, Ernesto. Lima: Universidad Peruana Cayetano Heredia, 2003.\n\n\n\n<\/p>\n<p><a href=\"\n\n\n\n\/wp-content\/uploads\/2019\/09\/ENTRE-EL-PLACER-Y-LA-OBLIGACION.pdf\n\n\n\n\" target=\"_blank\" rel=\"noopener noreferrer\"><img loading=\"lazy\" src=\"\/wp-content\/uploads\/2019\/06\/833px-PDF_file_icon.svg_.png\" alt=\"\" width=\"50\" height=\"100\"> <span style=\"vertical-align:bottom\"> Ver pdf completo<\/span><\/a><\/p>\n<h4 style=\"margin: 3%\">Resumen:<\/h4>\n<p style=\"margin:2%\">\n\n\n\n<!--Resumen-->\nLos resultados de este estudio realizado en las ciudades de Lima y Huamanga, nos muestran que han sido m\u00ednimos los efectos de las pol\u00edticas p\u00fablicas en la construcci\u00f3n de ciudadan\u00eda, no obstante la alta prioridad pol\u00edticas y econ\u00f3mica que se le diera a los programas nacionales de salud reproductiva, de control de enfermedades de transmisi\u00f3n sexual y VIH-Sida, al Programa Nacional de Educaci\u00f3n Sexual, as\u00ed como los cambios legislativos con relaci\u00f3n a la violencia contra la mujer y la creaci\u00f3n del Ministerio de la Mujer y Desarrollo Humano, como parte de la institucionalidad para promover la equidad de g\u00e9nero en la d\u00e9cada de los 90. El hecho que los y las participantes del estudio, ciudadanos y ciudadanas de estos dos departamentos, no hayan modificado sus conceptos sobre equidad de g\u00e9nero y de derechos reproductivos es preocupante. Esto ocurri\u00f3 a pesar de que en ese periodo, se adoptaron como lineamientos de pol\u00edtica p\u00fablica los conceptos m\u00e1s recientes de las convenciones internacionales, ratificadas por el Estado Peruano y los consensos de las Naciones Unidas de El Cairo y Beijing. \n Con esta investigaci\u00f3n, nos interesa explorar c\u00f3mo mujeres y varones de sectores populares urbanos perciben sus derechos y el ejercicio de los mismos. Qu\u00e9 tanto sus necesidades, deseos, experiencias negativas y positivas con relaci\u00f3n a la sexualidad y la reproducci\u00f3n configuran una visi\u00f3n de derechos humanos o de principios universales a los que se sienten pr\u00f3ximos o lejanos. Buscamos comprender los procesos por los cuales los sujetos se apropian de los derechos sexuales y reproductivos, y qu\u00e9 significados les atribuyen. Asimismo nos interesaba conocer cu\u00e1les eran los nudos conflictivos, las condiciones que favorecen y obstaculizan el ejercicio de derechos, as\u00ed como las diversas formas de negociaci\u00f3n y confrontaci\u00f3n entre varones y mujeres en contextos socioculturales espec\u00edficos con relaci\u00f3n a la sexualidad y la reproducci\u00f3n.\n\n\n\n<\/p>\n<\/td>\n<\/tr>\n<\/tbody>\n<\/table>\n<div class=\"sfsi_widget sfsi_shortcode_container\"><div id=\"sfsi_wDiv\"><\/div><div class=\"norm_row sfsi_wDiv \"  style=\"width:225px;text-align:left;\"><div style='width:40px; height:40px;margin-left:5px;margin-bottom:30px; ' class='sfsi_wicons shuffeldiv ' ><div class='inerCnt'><a class=' sficn' data-effect='scale' target='_blank'  href='https:\/\/www.facebook.com\/temassaludsyr\/' id='sfsiid_facebook' style='opacity:1'  ><img data-pin-nopin='true' alt='Facebook' title='Facebook' src='https:\/\/diassere.org.pe\/wp-content\/plugins\/ultimate-social-media-icons\/images\/icons_theme\/default\/default_facebook.png' width='40' height='40' style='' class='sfcm sfsi_wicon ' data-effect='scale'   \/><\/a><div class=\"sfsi_tool_tip_2 fb_tool_bdr sfsiTlleft\" style=\"width:62px ;opacity:0;z-index:-1;margin-left:-47.5px;\" id=\"sfsiid_facebook\"><span class=\"bot_arow bot_fb_arow\"><\/span><div class=\"sfsi_inside\"><div  class='icon1'><a href='https:\/\/www.facebook.com\/temassaludsyr\/' target='_blank'><img data-pin-nopin='true' class='sfsi_wicon' alt='Facebook' title='Facebook' src='https:\/\/diassere.org.pe\/wp-content\/plugins\/ultimate-social-media-icons\/images\/visit_icons\/facebook.png'  \/><\/a><\/div><div  class='icon2'><div class=\"fb-like\" data-href=\"https:\/\/diassere.org.pe\/wp-json\/wp\/v2\/pages\/829\" data-layout=\"button\" data-action=\"like\" data-show-faces=\"false\" data-share=\"true\"><\/div><\/div><div  class='icon3'><a target='_blank' href='https:\/\/www.facebook.com\/sharer\/sharer.php?u=https%3A%2F%2Fdiassere.org.pe%2Fwp-json%2Fwp%2Fv2%2Fpages%2F829' style='display:inline-block;'  > <img class='sfsi_wicon'  data-pin-nopin='true' width='auto' height='auto' alt='fb-share-icon' title='Facebook Share' src='https:\/\/diassere.org.pe\/wp-content\/plugins\/ultimate-social-media-icons\/images\/visit_icons\/fbshare_bck.png'  \/><\/a><\/div><\/div><\/div><\/div><\/div><\/div ><div id=\"sfsi_holder\" class=\"sfsi_holders\" style=\"position: relative; float: left;width:100%;z-index:-1;\"><\/div ><script>window.addEventListener(\"sfsi_functions_loaded\", function() \n\t\t\t{\n\t\t\t\tif (typeof sfsi_widget_set == \"function\") {\n\t\t\t\t\tsfsi_widget_set();\n\t\t\t\t}\n\t\t\t}); window.addEventListener(\"sfsi_functions_loaded\",function(){var s = jQuery(\".sfsi_widget\");\n\t\t\t\t\tvar pos = s.position();            \n\t\t\t\t\tjQuery(window).scroll(function(){      \n\t\t\t\t\tsfsi_stick_widget(\"0\");\n\t\t }); }); <\/script><div style=\"clear: both;\"><\/div><\/div>\n","protected":false},"excerpt":{"rendered":"<p>Palomino, Nancy; Ramos Padilla, Miguel \u00c1ngel; Valverde, Roc\u00edo y V\u00e1squez, Ernesto. Lima: Universidad Peruana Cayetano Heredia, 2003. Ver pdf completo Resumen: Los resultados de este estudio realizado en las ciudades de Lima y Huamanga, nos muestran que han sido m\u00ednimos&#8230;<\/p>\n","protected":false},"author":1,"featured_media":824,"parent":0,"menu_order":0,"comment_status":"closed","ping_status":"closed","template":"","meta":{"om_disable_all_campaigns":false},"_links":{"self":[{"href":"https:\/\/diassere.org.pe\/index.php\/wp-json\/wp\/v2\/pages\/829"}],"collection":[{"href":"https:\/\/diassere.org.pe\/index.php\/wp-json\/wp\/v2\/pages"}],"about":[{"href":"https:\/\/diassere.org.pe\/index.php\/wp-json\/wp\/v2\/types\/page"}],"author":[{"embeddable":true,"href":"https:\/\/diassere.org.pe\/index.php\/wp-json\/wp\/v2\/users\/1"}],"replies":[{"embeddable":true,"href":"https:\/\/diassere.org.pe\/index.php\/wp-json\/wp\/v2\/comments?post=829"}],"version-history":[{"count":3,"href":"https:\/\/diassere.org.pe\/index.php\/wp-json\/wp\/v2\/pages\/829\/revisions"}],"predecessor-version":[{"id":875,"href":"https:\/\/diassere.org.pe\/index.php\/wp-json\/wp\/v2\/pages\/829\/revisions\/875"}],"wp:featuredmedia":[{"embeddable":true,"href":"https:\/\/diassere.org.pe\/index.php\/wp-json\/wp\/v2\/media\/824"}],"wp:attachment":[{"href":"https:\/\/diassere.org.pe\/index.php\/wp-json\/wp\/v2\/media?parent=829"}],"curies":[{"name":"wp","href":"https:\/\/api.w.org\/{rel}","templated":true}]}}