{"id":834,"date":"2002-09-09T05:23:45","date_gmt":"2002-09-09T05:23:45","guid":{"rendered":"http:\/\/dlozano.tk\/diassere\/?page_id=834"},"modified":"2019-10-22T04:43:44","modified_gmt":"2019-10-22T04:43:44","slug":"violencia-sexual-y-fisica-contra-las-mujeres-en-el-peru-estudio-multicentrico-de-la-oms-sobre-la-violencia-de-pareja-y-la-salud-de-las-mujeres","status":"publish","type":"page","link":"https:\/\/diassere.org.pe\/index.php\/violencia-sexual-y-fisica-contra-las-mujeres-en-el-peru-estudio-multicentrico-de-la-oms-sobre-la-violencia-de-pareja-y-la-salud-de-las-mujeres\/","title":{"rendered":"Violencia sexual y f\u00edsica contra las mujeres en el Per\u00fa. Estudio multic\u00e9ntrico de la OMS sobre la violencia de pareja y la salud de las mujeres"},"content":{"rendered":"\n<table style=\"border: 0px;\" width=\"100%\">\n<tbody>\n<tr>\n<td style=\"border: 0px; text-align:left;\">\n<p><img loading=\"lazy\" class=\"wp-image-409 size-medium alignleft\" src=\"\n\n\n\n\/wp-content\/uploads\/2019\/09\/violencia-sexual-y-fisica-contra-las-mujeres-en-el-Peru-sub.png\n\n\n\n\" alt=\"\" width=\"300\" height=\"377\"><\/p>\n<p style=\"margin:2%\">\n\n\n\nG\u00fcezmes, Ana; Palomino Nancy y Ramos, Miguel. Lima: Ediciones Flora Trist\u00e1n, Universidad Peruana Cayetano Heredia, Organizaci\u00f3n Mundial de la Salud, 2002.\n\n\n\n<\/p>\n<p><a href=\"\n\n\n\n\/wp-content\/uploads\/2019\/09\/violencia-sexual-y-fisica-contra-las-mujeres-en-el-Peru.pdf\n\n\n\n\" target=\"_blank\" rel=\"noopener noreferrer\"><img loading=\"lazy\" src=\"\/wp-content\/uploads\/2019\/06\/833px-PDF_file_icon.svg_.png\" alt=\"\" width=\"50\" height=\"100\"> <span style=\"vertical-align:bottom\"> Ver pdf completo<\/span><\/a><\/p>\n<h4 style=\"margin: 3%\">Resumen:<\/h4>\n<p style=\"margin:2%\">\n\n\n\n<!--Resumen-->\nLos resultados de esta investigaci\u00f3n brindan evidencias de la magnitud del problema de la violencia y de las estrategias utilizadas por las mujeres para enfrentarla. Se espera que estos resultados, ligados con la intervenci\u00f3n, apoyen cambios en las pol\u00edticas, en los programas y en los servicios, pero principalmente en las personas, para que la violencia deje se der una realidad para millones de mujeres en nuestro pa\u00eds y podamos, hombres y mujeres, construir un futuro m\u00e1s equitativo. Esta investigaci\u00f3n, impulsada y respaldada por la Organizaci\u00f3n Mundial de la Salud, garantiza altos est\u00e1ndares de rigurosidad cient\u00edfica que permiten que personas de amplios sectores involucrados puedan consultar y utilizar este trabajo para su acci\u00f3n cotidiana.\n\n\n\n<\/p>\n<\/td>\n<\/tr>\n<\/tbody>\n<\/table>\n<div class=\"sfsi_widget sfsi_shortcode_container\"><div id=\"sfsi_wDiv\"><\/div><div class=\"norm_row sfsi_wDiv \"  style=\"width:225px;text-align:left;\"><div style='width:40px; height:40px;margin-left:5px;margin-bottom:30px; ' class='sfsi_wicons shuffeldiv ' ><div class='inerCnt'><a class=' sficn' data-effect='scale' target='_blank'  href='https:\/\/www.facebook.com\/temassaludsyr\/' id='sfsiid_facebook' style='opacity:1'  ><img data-pin-nopin='true' alt='Facebook' title='Facebook' src='https:\/\/diassere.org.pe\/wp-content\/plugins\/ultimate-social-media-icons\/images\/icons_theme\/default\/default_facebook.png' width='40' height='40' style='' class='sfcm sfsi_wicon ' data-effect='scale'   \/><\/a><div class=\"sfsi_tool_tip_2 fb_tool_bdr sfsiTlleft\" style=\"width:62px ;opacity:0;z-index:-1;margin-left:-47.5px;\" id=\"sfsiid_facebook\"><span class=\"bot_arow bot_fb_arow\"><\/span><div class=\"sfsi_inside\"><div  class='icon1'><a href='https:\/\/www.facebook.com\/temassaludsyr\/' target='_blank'><img data-pin-nopin='true' class='sfsi_wicon' alt='Facebook' title='Facebook' src='https:\/\/diassere.org.pe\/wp-content\/plugins\/ultimate-social-media-icons\/images\/visit_icons\/facebook.png'  \/><\/a><\/div><div  class='icon2'><div class=\"fb-like\" data-href=\"https:\/\/diassere.org.pe\/wp-json\/wp\/v2\/pages\/834\" data-layout=\"button\" data-action=\"like\" data-show-faces=\"false\" data-share=\"true\"><\/div><\/div><div  class='icon3'><a target='_blank' href='https:\/\/www.facebook.com\/sharer\/sharer.php?u=https%3A%2F%2Fdiassere.org.pe%2Fwp-json%2Fwp%2Fv2%2Fpages%2F834' style='display:inline-block;'  > <img class='sfsi_wicon'  data-pin-nopin='true' width='auto' height='auto' alt='fb-share-icon' title='Facebook Share' src='https:\/\/diassere.org.pe\/wp-content\/plugins\/ultimate-social-media-icons\/images\/visit_icons\/fbshare_bck.png'  \/><\/a><\/div><\/div><\/div><\/div><\/div><\/div ><div id=\"sfsi_holder\" class=\"sfsi_holders\" style=\"position: relative; float: left;width:100%;z-index:-1;\"><\/div ><script>window.addEventListener(\"sfsi_functions_loaded\", function() \n\t\t\t{\n\t\t\t\tif (typeof sfsi_widget_set == \"function\") {\n\t\t\t\t\tsfsi_widget_set();\n\t\t\t\t}\n\t\t\t}); window.addEventListener(\"sfsi_functions_loaded\",function(){var s = jQuery(\".sfsi_widget\");\n\t\t\t\t\tvar pos = s.position();            \n\t\t\t\t\tjQuery(window).scroll(function(){      \n\t\t\t\t\tsfsi_stick_widget(\"0\");\n\t\t }); }); <\/script><div style=\"clear: both;\"><\/div><\/div>\n","protected":false},"excerpt":{"rendered":"<p>G\u00fcezmes, Ana; Palomino Nancy y Ramos, Miguel. Lima: Ediciones Flora Trist\u00e1n, Universidad Peruana Cayetano Heredia, Organizaci\u00f3n Mundial de la Salud, 2002. Ver pdf completo Resumen: Los resultados de esta investigaci\u00f3n brindan evidencias de la magnitud del problema de la violencia&#8230;<\/p>\n","protected":false},"author":1,"featured_media":833,"parent":0,"menu_order":0,"comment_status":"closed","ping_status":"closed","template":"","meta":{"om_disable_all_campaigns":false},"_links":{"self":[{"href":"https:\/\/diassere.org.pe\/index.php\/wp-json\/wp\/v2\/pages\/834"}],"collection":[{"href":"https:\/\/diassere.org.pe\/index.php\/wp-json\/wp\/v2\/pages"}],"about":[{"href":"https:\/\/diassere.org.pe\/index.php\/wp-json\/wp\/v2\/types\/page"}],"author":[{"embeddable":true,"href":"https:\/\/diassere.org.pe\/index.php\/wp-json\/wp\/v2\/users\/1"}],"replies":[{"embeddable":true,"href":"https:\/\/diassere.org.pe\/index.php\/wp-json\/wp\/v2\/comments?post=834"}],"version-history":[{"count":2,"href":"https:\/\/diassere.org.pe\/index.php\/wp-json\/wp\/v2\/pages\/834\/revisions"}],"predecessor-version":[{"id":901,"href":"https:\/\/diassere.org.pe\/index.php\/wp-json\/wp\/v2\/pages\/834\/revisions\/901"}],"wp:featuredmedia":[{"embeddable":true,"href":"https:\/\/diassere.org.pe\/index.php\/wp-json\/wp\/v2\/media\/833"}],"wp:attachment":[{"href":"https:\/\/diassere.org.pe\/index.php\/wp-json\/wp\/v2\/media?parent=834"}],"curies":[{"name":"wp","href":"https:\/\/api.w.org\/{rel}","templated":true}]}}