{"id":853,"date":"2018-09-18T13:40:20","date_gmt":"2018-09-18T13:40:20","guid":{"rendered":"http:\/\/dlozano.tk\/diassere\/?page_id=853"},"modified":"2019-11-25T17:24:45","modified_gmt":"2019-11-25T17:24:45","slug":"detras-de-la-mascara-varones-y-violencia-sexual-en-la-vida-cotidiana","status":"publish","type":"page","link":"https:\/\/diassere.org.pe\/index.php\/detras-de-la-mascara-varones-y-violencia-sexual-en-la-vida-cotidiana\/","title":{"rendered":"Detr\u00e1s de la m\u00e1scara. Varones y violencia sexual en la vida cotidiana"},"content":{"rendered":"\n<table style=\"border: 0px;\" width=\"100%\">\n<tbody>\n<tr>\n<td style=\"border: 0px; text-align:left;\">\n<p><img loading=\"lazy\" class=\"wp-image-409 size-medium alignleft\" src=\"\n\n\n\n\/wp-content\/uploads\/2019\/09\/detras_mascara.png\n\n\n\n\" alt=\"\" width=\"300\" height=\"377\"><\/p>\n<p style=\"margin:2%\">\n\n\n\nRamos Padilla, Miguel y Nancy Palomino (2018). Lima: Universidad Peruana Cayetano Heredia.\n\n\n\n<\/p>\n<p><a href=\"\n\n\n\n\/wp-content\/uploads\/2019\/11\/Ramos-Palomino-2018-Detra\u0301s-de-la-mascara.pdf\n\n\n\n\" target=\"_blank\" rel=\"noopener noreferrer\"><img loading=\"lazy\" src=\"\/wp-content\/uploads\/2019\/06\/833px-PDF_file_icon.svg_.png\" alt=\"\" width=\"50\" height=\"100\"> <span style=\"vertical-align:bottom\"> Ver pdf completo<\/span><\/a><\/p>\n<h4 style=\"margin: 3%\">Resumen:<\/h4>\n<p style=\"margin:2%\">\n\n\n\n<!--Resumen-->\nEste libro presenta una aproximaci\u00f3n a las experiencias de vida en las voces de sus protagonistas, de c\u00f3mo construyen su identidad masculina y explican el ejercicio de la violencia sexual. Se trata de los resultados de un estudio cualitativo sobre las masculinidades y la violencia sexual con dos generaciones de varones adultos y j\u00f3venes en tres ciudades del Per\u00fa realizado el a\u00f1o 2016. El prop\u00f3sito de la investigaci\u00f3n fue explorar los significados que dan hombres de sectores populares y de estratos medios, a los actos de violencia sexual contra las mujeres, as\u00ed como la manera en que dan sentido e interpretan las actitudes de complicidad masculina frente a dicha violencia. Buscamos identificar los discursos masculinos que justifican o reprueban la violencia sexual para luego analizar c\u00f3mo se expresa la complicidad social de las dos generaciones estudiadas respecto al ejercicio de la violencia sexual contra las mujeres.\n\n\n\n<\/p>\n<\/td>\n<\/tr>\n<\/tbody>\n<\/table>\n<div class=\"sfsi_widget sfsi_shortcode_container\"><div id=\"sfsi_wDiv\"><\/div><div class=\"norm_row sfsi_wDiv \"  style=\"width:225px;text-align:left;\"><div style='width:40px; height:40px;margin-left:5px;margin-bottom:30px; ' class='sfsi_wicons shuffeldiv ' ><div class='inerCnt'><a class=' sficn' data-effect='scale' target='_blank'  href='https:\/\/www.facebook.com\/temassaludsyr\/' id='sfsiid_facebook' style='opacity:1'  ><img data-pin-nopin='true' alt='Facebook' title='Facebook' src='https:\/\/diassere.org.pe\/wp-content\/plugins\/ultimate-social-media-icons\/images\/icons_theme\/default\/default_facebook.png' width='40' height='40' style='' class='sfcm sfsi_wicon ' data-effect='scale'   \/><\/a><div class=\"sfsi_tool_tip_2 fb_tool_bdr sfsiTlleft\" style=\"width:62px ;opacity:0;z-index:-1;margin-left:-47.5px;\" id=\"sfsiid_facebook\"><span class=\"bot_arow bot_fb_arow\"><\/span><div class=\"sfsi_inside\"><div  class='icon1'><a href='https:\/\/www.facebook.com\/temassaludsyr\/' target='_blank'><img data-pin-nopin='true' class='sfsi_wicon' alt='Facebook' title='Facebook' src='https:\/\/diassere.org.pe\/wp-content\/plugins\/ultimate-social-media-icons\/images\/visit_icons\/facebook.png'  \/><\/a><\/div><div  class='icon2'><div class=\"fb-like\" data-href=\"https:\/\/diassere.org.pe\/wp-json\/wp\/v2\/pages\/853\" data-layout=\"button\" data-action=\"like\" data-show-faces=\"false\" data-share=\"true\"><\/div><\/div><div  class='icon3'><a target='_blank' href='https:\/\/www.facebook.com\/sharer\/sharer.php?u=https%3A%2F%2Fdiassere.org.pe%2Fwp-json%2Fwp%2Fv2%2Fpages%2F853' style='display:inline-block;'  > <img class='sfsi_wicon'  data-pin-nopin='true' width='auto' height='auto' alt='fb-share-icon' title='Facebook Share' src='https:\/\/diassere.org.pe\/wp-content\/plugins\/ultimate-social-media-icons\/images\/visit_icons\/fbshare_bck.png'  \/><\/a><\/div><\/div><\/div><\/div><\/div><\/div ><div id=\"sfsi_holder\" class=\"sfsi_holders\" style=\"position: relative; float: left;width:100%;z-index:-1;\"><\/div ><script>window.addEventListener(\"sfsi_functions_loaded\", function() \n\t\t\t{\n\t\t\t\tif (typeof sfsi_widget_set == \"function\") {\n\t\t\t\t\tsfsi_widget_set();\n\t\t\t\t}\n\t\t\t}); window.addEventListener(\"sfsi_functions_loaded\",function(){var s = jQuery(\".sfsi_widget\");\n\t\t\t\t\tvar pos = s.position();            \n\t\t\t\t\tjQuery(window).scroll(function(){      \n\t\t\t\t\tsfsi_stick_widget(\"0\");\n\t\t }); }); <\/script><div style=\"clear: both;\"><\/div><\/div>\n","protected":false},"excerpt":{"rendered":"<p>Ramos Padilla, Miguel y Nancy Palomino (2018). Lima: Universidad Peruana Cayetano Heredia. Ver pdf completo Resumen: Este libro presenta una aproximaci\u00f3n a las experiencias de vida en las voces de sus protagonistas, de c\u00f3mo construyen su identidad masculina y explican&#8230;<\/p>\n","protected":false},"author":1,"featured_media":854,"parent":0,"menu_order":0,"comment_status":"closed","ping_status":"closed","template":"","meta":{"om_disable_all_campaigns":false},"_links":{"self":[{"href":"https:\/\/diassere.org.pe\/index.php\/wp-json\/wp\/v2\/pages\/853"}],"collection":[{"href":"https:\/\/diassere.org.pe\/index.php\/wp-json\/wp\/v2\/pages"}],"about":[{"href":"https:\/\/diassere.org.pe\/index.php\/wp-json\/wp\/v2\/types\/page"}],"author":[{"embeddable":true,"href":"https:\/\/diassere.org.pe\/index.php\/wp-json\/wp\/v2\/users\/1"}],"replies":[{"embeddable":true,"href":"https:\/\/diassere.org.pe\/index.php\/wp-json\/wp\/v2\/comments?post=853"}],"version-history":[{"count":7,"href":"https:\/\/diassere.org.pe\/index.php\/wp-json\/wp\/v2\/pages\/853\/revisions"}],"predecessor-version":[{"id":958,"href":"https:\/\/diassere.org.pe\/index.php\/wp-json\/wp\/v2\/pages\/853\/revisions\/958"}],"wp:featuredmedia":[{"embeddable":true,"href":"https:\/\/diassere.org.pe\/index.php\/wp-json\/wp\/v2\/media\/854"}],"wp:attachment":[{"href":"https:\/\/diassere.org.pe\/index.php\/wp-json\/wp\/v2\/media?parent=853"}],"curies":[{"name":"wp","href":"https:\/\/api.w.org\/{rel}","templated":true}]}}